{"id":133,"date":"2016-03-17T21:07:28","date_gmt":"2016-03-17T20:07:28","guid":{"rendered":"http:\/\/vertivinies.fr\/?page_id=133"},"modified":"2025-01-31T14:53:18","modified_gmt":"2025-01-31T13:53:18","slug":"association-vertivin","status":"publish","type":"page","link":"http:\/\/vertivinies.fr\/index.php\/association-vertivin\/","title":{"rendered":"L&#8217;association Vertivin"},"content":{"rendered":"<h1 style=\"text-align: center;\"><span style=\"color: #800000;\"><strong>Un pour tous et tous pour l&#8217;apprentissage du vin !<\/strong><\/span><\/h1>\n<p><a href=\"http:\/\/vertivinies.fr\/12834938_987290728025175_718634375_n-2\/\" rel=\"attachment wp-att-45\"><img loading=\"lazy\" decoding=\"async\" class=\"aligncenter wp-image-45 size-full\" src=\"http:\/\/vertivinies.fr\/wp-content\/uploads\/2016\/03\/12834938_987290728025175_718634375_n-1.jpg\" alt=\"Logo vertivin\" width=\"428\" height=\"179\" srcset=\"http:\/\/vertivinies.fr\/wp-content\/uploads\/2016\/03\/12834938_987290728025175_718634375_n-1.jpg 428w, http:\/\/vertivinies.fr\/wp-content\/uploads\/2016\/03\/12834938_987290728025175_718634375_n-1-300x125.jpg 300w\" sizes=\"auto, (max-width: 428px) 100vw, 428px\" \/><\/a><\/p>\n<h2><span style=\"color: #000000;\">Vertivin : L&#8217;association qui organise Les Vertivinies<br \/>\n<\/span><\/h2>\n<p style=\"text-align: justify;\"><span style=\"color: #000000;\">Cr\u00e9\u00e9e par <strong>Jocelyn Gombault<\/strong> et <strong>Romain Mayet<\/strong>, l\u2019association <a href=\"http:\/\/vertivin.fr\/\" target=\"_blank\" rel=\"noopener noreferrer\"><strong>Vertivin<\/strong><\/a> f\u00eatera ses 20 ans en 2026. Cette structure est une association loi 1901 situ\u00e9e \u00e0 Vertou, rassemblant 140 adh\u00e9rents amateurs de vin. A but non lucratif, celle-ci vise l&#8217;apprentissage de la vigne (un peu) et du vin (surtout).<br \/>\n<\/span><\/p>\n<p style=\"text-align: justify;\"><span style=\"color: #000000;\">Vertivin organise ainsi une soixantaine de d\u00e9gustations et d\u2019ateliers th\u00e9matiques par an :<br \/>\nInitiation \u00e0 la d\u00e9gustation du vin, d\u00e9couverte de r\u00e9gions viticoles, accords mets vins, perfectionnement \u00e0 la d\u00e9gustation, th\u00e9matiques scientifiques ou d\u00e9cal\u00e9es, connaissance du Muscadet&#8230;il y en a pour tous les go\u00fbts. Pr\u00e9s de 600 bouteilles sont d\u00e9gust\u00e9es chaque ann\u00e9e&#8230;et oui&#8230;\u00a0<\/span><\/p>\n<h2 style=\"text-align: justify;\"><span style=\"color: #000000;\">Les rendez-vous du vin<\/span><\/h2>\n<p style=\"text-align: justify;\"><span style=\"color: #000000;\">Ces s\u00e9ances de d\u00e9gustation se d\u00e9roulent en semaine \u00e0 partir de <strong>20h30<\/strong> dans la salle de d\u00e9gustation du\u00a0Ch\u00e2teau de la Fr\u00e9moire \u00e0 Vertou.<br \/>\nCentr\u00e9e sur un th\u00e8me donn\u00e9, chaque d\u00e9gustation rassemble\u00a0 de 15 \u00e0 35 adh\u00e9rents.<\/span><\/p>\n<p>L\u2019association propose \u00e9galement pour les adh\u00e9rents, d\u2019autres activit\u00e9s comme des voyages dans le vignoble, des achats group\u00e9s de vins ainsi que des repas centr\u00e9s sur les accords mets et vins.<\/p>\n<p>Si vous \u00eates int\u00e9ress\u00e9, rendez-vous sur le site <strong><a href=\"http:\/\/vertivin.fr\/sample-page\/\">www.vertivin.fr<\/a><\/strong> pour plus d&#8217;informations.<\/p>\n<p>&#8211;<\/p>\n","protected":false},"excerpt":{"rendered":"<p>Un pour tous et tous pour l&#8217;apprentissage du vin ! Vertivin : L&#8217;association qui organise Les Vertivinies Cr\u00e9\u00e9e par Jocelyn Gombault et Romain Mayet, l\u2019association Vertivin f\u00eatera ses 20 ans en 2026. Cette structure est une association loi 1901 situ\u00e9e \u00e0 Vertou, rassemblant 140 adh\u00e9rents amateurs de vin. A but non lucratif, celle-ci vise l&#8217;apprentissage [&hellip;]<\/p>\n","protected":false},"author":1,"featured_media":0,"parent":0,"menu_order":0,"comment_status":"closed","ping_status":"closed","template":"","meta":{"_acf_changed":false,"footnotes":""},"categories":[],"tags":[],"class_list":["post-133","page","type-page","status-publish","hentry"],"acf":[],"yoast_head":"<!-- This site is optimized with the Yoast SEO plugin v27.1.1 - https:\/\/yoast.com\/product\/yoast-seo-wordpress\/ -->\n<title>Association viticole Vertivin \u00e0 Vertou pr\u00e8s de Nantes (44)<\/title>\n<meta name=\"description\" content=\"D\u00e9couvrez l&#039;association Vertivin situ\u00e9e \u00e0 Vertou pr\u00e8s de Nantes. Son objectif premier est le partage et la d\u00e9gustation de bons vins.\" \/>\n<meta name=\"robots\" content=\"index, follow, max-snippet:-1, max-image-preview:large, max-video-preview:-1\" \/>\n<link rel=\"canonical\" href=\"http:\/\/vertivinies.fr\/index.php\/association-vertivin\/\" \/>\n<meta property=\"og:locale\" content=\"fr_FR\" \/>\n<meta property=\"og:type\" content=\"article\" \/>\n<meta property=\"og:title\" content=\"Association viticole Vertivin \u00e0 Vertou pr\u00e8s de Nantes (44)\" \/>\n<meta property=\"og:description\" content=\"D\u00e9couvrez l&#039;association Vertivin situ\u00e9e \u00e0 Vertou pr\u00e8s de Nantes. Son objectif premier est le partage et la d\u00e9gustation de bons vins.\" \/>\n<meta property=\"og:url\" content=\"http:\/\/vertivinies.fr\/index.php\/association-vertivin\/\" \/>\n<meta property=\"og:site_name\" content=\"Vertivinies\" \/>\n<meta property=\"article:publisher\" content=\"https:\/\/www.facebook.com\/vertivin\" \/>\n<meta property=\"article:modified_time\" content=\"2025-01-31T13:53:18+00:00\" \/>\n<meta property=\"og:image\" content=\"http:\/\/vertivinies.fr\/wp-content\/uploads\/2016\/03\/12834938_987290728025175_718634375_n-1.jpg\" \/>\n<meta name=\"twitter:card\" content=\"summary_large_image\" \/>\n<meta name=\"twitter:label1\" content=\"Dur\u00e9e de lecture estim\u00e9e\" \/>\n\t<meta name=\"twitter:data1\" content=\"1 minute\" \/>\n<script type=\"application\/ld+json\" class=\"yoast-schema-graph\">{\"@context\":\"https:\/\/schema.org\",\"@graph\":[{\"@type\":\"WebPage\",\"@id\":\"http:\/\/vertivinies.fr\/index.php\/association-vertivin\/\",\"url\":\"http:\/\/vertivinies.fr\/index.php\/association-vertivin\/\",\"name\":\"Association viticole Vertivin \u00e0 Vertou pr\u00e8s de Nantes (44)\",\"isPartOf\":{\"@id\":\"https:\/\/vertivinies.fr\/#website\"},\"primaryImageOfPage\":{\"@id\":\"http:\/\/vertivinies.fr\/index.php\/association-vertivin\/#primaryimage\"},\"image\":{\"@id\":\"http:\/\/vertivinies.fr\/index.php\/association-vertivin\/#primaryimage\"},\"thumbnailUrl\":\"http:\/\/vertivinies.fr\/wp-content\/uploads\/2016\/03\/12834938_987290728025175_718634375_n-1.jpg\",\"datePublished\":\"2016-03-17T20:07:28+00:00\",\"dateModified\":\"2025-01-31T13:53:18+00:00\",\"description\":\"D\u00e9couvrez l'association Vertivin situ\u00e9e \u00e0 Vertou pr\u00e8s de Nantes. Son objectif premier est le partage et la d\u00e9gustation de bons vins.\",\"breadcrumb\":{\"@id\":\"http:\/\/vertivinies.fr\/index.php\/association-vertivin\/#breadcrumb\"},\"inLanguage\":\"fr-FR\",\"potentialAction\":[{\"@type\":\"ReadAction\",\"target\":[\"http:\/\/vertivinies.fr\/index.php\/association-vertivin\/\"]}]},{\"@type\":\"ImageObject\",\"inLanguage\":\"fr-FR\",\"@id\":\"http:\/\/vertivinies.fr\/index.php\/association-vertivin\/#primaryimage\",\"url\":\"http:\/\/vertivinies.fr\/wp-content\/uploads\/2016\/03\/12834938_987290728025175_718634375_n-1.jpg\",\"contentUrl\":\"http:\/\/vertivinies.fr\/wp-content\/uploads\/2016\/03\/12834938_987290728025175_718634375_n-1.jpg\"},{\"@type\":\"BreadcrumbList\",\"@id\":\"http:\/\/vertivinies.fr\/index.php\/association-vertivin\/#breadcrumb\",\"itemListElement\":[{\"@type\":\"ListItem\",\"position\":1,\"name\":\"Accueil\",\"item\":\"http:\/\/vertivinies.fr\/\"},{\"@type\":\"ListItem\",\"position\":2,\"name\":\"L&#8217;association Vertivin\"}]},{\"@type\":\"WebSite\",\"@id\":\"https:\/\/vertivinies.fr\/#website\",\"url\":\"https:\/\/vertivinies.fr\/\",\"name\":\"Vertivinies\",\"description\":\"\",\"potentialAction\":[{\"@type\":\"SearchAction\",\"target\":{\"@type\":\"EntryPoint\",\"urlTemplate\":\"https:\/\/vertivinies.fr\/?s={search_term_string}\"},\"query-input\":{\"@type\":\"PropertyValueSpecification\",\"valueRequired\":true,\"valueName\":\"search_term_string\"}}],\"inLanguage\":\"fr-FR\"}]}<\/script>\n<!-- \/ Yoast SEO plugin. -->","yoast_head_json":{"title":"Association viticole Vertivin \u00e0 Vertou pr\u00e8s de Nantes (44)","description":"D\u00e9couvrez l'association Vertivin situ\u00e9e \u00e0 Vertou pr\u00e8s de Nantes. Son objectif premier est le partage et la d\u00e9gustation de bons vins.","robots":{"index":"index","follow":"follow","max-snippet":"max-snippet:-1","max-image-preview":"max-image-preview:large","max-video-preview":"max-video-preview:-1"},"canonical":"http:\/\/vertivinies.fr\/index.php\/association-vertivin\/","og_locale":"fr_FR","og_type":"article","og_title":"Association viticole Vertivin \u00e0 Vertou pr\u00e8s de Nantes (44)","og_description":"D\u00e9couvrez l'association Vertivin situ\u00e9e \u00e0 Vertou pr\u00e8s de Nantes. Son objectif premier est le partage et la d\u00e9gustation de bons vins.","og_url":"http:\/\/vertivinies.fr\/index.php\/association-vertivin\/","og_site_name":"Vertivinies","article_publisher":"https:\/\/www.facebook.com\/vertivin","article_modified_time":"2025-01-31T13:53:18+00:00","og_image":[{"url":"http:\/\/vertivinies.fr\/wp-content\/uploads\/2016\/03\/12834938_987290728025175_718634375_n-1.jpg","type":"","width":"","height":""}],"twitter_card":"summary_large_image","twitter_misc":{"Dur\u00e9e de lecture estim\u00e9e":"1 minute"},"schema":{"@context":"https:\/\/schema.org","@graph":[{"@type":"WebPage","@id":"http:\/\/vertivinies.fr\/index.php\/association-vertivin\/","url":"http:\/\/vertivinies.fr\/index.php\/association-vertivin\/","name":"Association viticole Vertivin \u00e0 Vertou pr\u00e8s de Nantes (44)","isPartOf":{"@id":"https:\/\/vertivinies.fr\/#website"},"primaryImageOfPage":{"@id":"http:\/\/vertivinies.fr\/index.php\/association-vertivin\/#primaryimage"},"image":{"@id":"http:\/\/vertivinies.fr\/index.php\/association-vertivin\/#primaryimage"},"thumbnailUrl":"http:\/\/vertivinies.fr\/wp-content\/uploads\/2016\/03\/12834938_987290728025175_718634375_n-1.jpg","datePublished":"2016-03-17T20:07:28+00:00","dateModified":"2025-01-31T13:53:18+00:00","description":"D\u00e9couvrez l'association Vertivin situ\u00e9e \u00e0 Vertou pr\u00e8s de Nantes. Son objectif premier est le partage et la d\u00e9gustation de bons vins.","breadcrumb":{"@id":"http:\/\/vertivinies.fr\/index.php\/association-vertivin\/#breadcrumb"},"inLanguage":"fr-FR","potentialAction":[{"@type":"ReadAction","target":["http:\/\/vertivinies.fr\/index.php\/association-vertivin\/"]}]},{"@type":"ImageObject","inLanguage":"fr-FR","@id":"http:\/\/vertivinies.fr\/index.php\/association-vertivin\/#primaryimage","url":"http:\/\/vertivinies.fr\/wp-content\/uploads\/2016\/03\/12834938_987290728025175_718634375_n-1.jpg","contentUrl":"http:\/\/vertivinies.fr\/wp-content\/uploads\/2016\/03\/12834938_987290728025175_718634375_n-1.jpg"},{"@type":"BreadcrumbList","@id":"http:\/\/vertivinies.fr\/index.php\/association-vertivin\/#breadcrumb","itemListElement":[{"@type":"ListItem","position":1,"name":"Accueil","item":"http:\/\/vertivinies.fr\/"},{"@type":"ListItem","position":2,"name":"L&#8217;association Vertivin"}]},{"@type":"WebSite","@id":"https:\/\/vertivinies.fr\/#website","url":"https:\/\/vertivinies.fr\/","name":"Vertivinies","description":"","potentialAction":[{"@type":"SearchAction","target":{"@type":"EntryPoint","urlTemplate":"https:\/\/vertivinies.fr\/?s={search_term_string}"},"query-input":{"@type":"PropertyValueSpecification","valueRequired":true,"valueName":"search_term_string"}}],"inLanguage":"fr-FR"}]}},"_links":{"self":[{"href":"http:\/\/vertivinies.fr\/index.php\/wp-json\/wp\/v2\/pages\/133","targetHints":{"allow":["GET"]}}],"collection":[{"href":"http:\/\/vertivinies.fr\/index.php\/wp-json\/wp\/v2\/pages"}],"about":[{"href":"http:\/\/vertivinies.fr\/index.php\/wp-json\/wp\/v2\/types\/page"}],"author":[{"embeddable":true,"href":"http:\/\/vertivinies.fr\/index.php\/wp-json\/wp\/v2\/users\/1"}],"replies":[{"embeddable":true,"href":"http:\/\/vertivinies.fr\/index.php\/wp-json\/wp\/v2\/comments?post=133"}],"version-history":[{"count":24,"href":"http:\/\/vertivinies.fr\/index.php\/wp-json\/wp\/v2\/pages\/133\/revisions"}],"predecessor-version":[{"id":1979,"href":"http:\/\/vertivinies.fr\/index.php\/wp-json\/wp\/v2\/pages\/133\/revisions\/1979"}],"wp:attachment":[{"href":"http:\/\/vertivinies.fr\/index.php\/wp-json\/wp\/v2\/media?parent=133"}],"wp:term":[{"taxonomy":"category","embeddable":true,"href":"http:\/\/vertivinies.fr\/index.php\/wp-json\/wp\/v2\/categories?post=133"},{"taxonomy":"post_tag","embeddable":true,"href":"http:\/\/vertivinies.fr\/index.php\/wp-json\/wp\/v2\/tags?post=133"}],"curies":[{"name":"wp","href":"https:\/\/api.w.org\/{rel}","templated":true}]}}