{"id":144,"date":"2016-03-17T21:36:45","date_gmt":"2016-03-17T20:36:45","guid":{"rendered":"http:\/\/vertivinies.fr\/?page_id=144"},"modified":"2026-02-15T18:41:49","modified_gmt":"2026-02-15T17:41:49","slug":"infos-pratiques","status":"publish","type":"page","link":"http:\/\/vertivinies.fr\/index.php\/infos-pratiques\/","title":{"rendered":"Infos pratiques"},"content":{"rendered":"<h1>Infos pratiques : Salon du vin &#8220;Vertivinies&#8221; \u00e0 Vertou (44)<\/h1>\n<p>&nbsp;<\/p>\n<h2 style=\"text-align: justify;\">Le salon se d\u00e9roulera au <strong>Ch\u00e2teau de la Fr\u00e9moire<\/strong> situ\u00e9 \u00e0 Vertou dans l\u2019agglom\u00e9ration Nantaise (44).<\/h2>\n<p><strong><span style=\"vertical-align: inherit;\"><span style=\"vertical-align: inherit;\"><span style=\"vertical-align: inherit;\"><span style=\"vertical-align: inherit;\">Horaire\u00a0 :<\/span><\/span><\/span><\/span><\/strong><span style=\"vertical-align: inherit;\"><span style=\"vertical-align: inherit;\"><span style=\"vertical-align: inherit;\"><span style=\"vertical-align: inherit;\"> Samedi 21 mars 2026 de 11h \u00e0 20h Et dimanche 22 mars 2026 de 10h \u00e0 18h.<\/span><\/span><\/span><\/span><strong><span style=\"vertical-align: inherit;\"><span style=\"vertical-align: inherit;\"><span style=\"vertical-align: inherit;\"><span style=\"vertical-align: inherit;\"><br \/>\nTarifs : <\/span><\/span><\/span><\/span><\/strong><span style=\"vertical-align: inherit;\"><span style=\"vertical-align: inherit;\"><span style=\"vertical-align: inherit;\"><span style=\"vertical-align: inherit;\">E<\/span><\/span><\/span><\/span><span style=\"vertical-align: inherit;\"><span style=\"vertical-align: inherit;\"><span style=\"vertical-align: inherit;\"><span style=\"vertical-align: inherit;\">ntr\u00e9e + verre &#8220;made in France&#8221; offert = 5\u20ac<br \/>\n<\/span><\/span><\/span><\/span><span style=\"vertical-align: inherit;\"><span style=\"vertical-align: inherit;\"><span style=\"vertical-align: inherit;\"><span style=\"vertical-align: inherit;\"><strong>Th\u00e8mes des animations :<br \/>\n<\/strong>Samedi 21 mars 11h30 : Association vins et fromage avec le Bar au Fromage de Vertou (2\u20ac)<br \/>\nSamedi 21 mars 14h30 : Initiation \u00e0 la d\u00e9gustation (2\u20ac)<br \/>\nSamedi 21 mars 16h00 : Vigneronnes du Muscadet avec Alessandra Fottorino<br \/>\nSamedi 21 mars 17h00 : D\u00e9dicace du livre d&#8217;Alessandra Fottorino &#8220;In Vino Femina&#8221;<br \/>\n<\/span><\/span><\/span><\/span><span style=\"vertical-align: inherit;\"><span style=\"vertical-align: inherit;\"><span style=\"vertical-align: inherit;\"><span style=\"vertical-align: inherit;\">Dimanche 22 mars\u00a0 11h00\u00a0 : D\u00e9gustation d&#8217;hu\u00eetres.<br \/>\nDimanche 22 mars 11h30 : Association vins et fromage avec le Bar au Fromage de Vertou (2\u20ac)<br \/>\nDimanche 22 mars 14h00 : Initiation \u00e0 la d\u00e9gustation (2\u20ac)<br \/>\nDimanche 22 mars 16h00 : Accords mets et vins avec la P\u00e2tisserie Pasco de Vertou (2\u20ac)<\/span><\/span><\/span><\/span><\/p>\n<p style=\"text-align: justify;\"><span style=\"vertical-align: inherit;\"><span style=\"vertical-align: inherit;\"><span style=\"vertical-align: inherit;\"><span style=\"vertical-align: inherit;\"><strong>Lieu : <\/strong>Ch\u00e2teau de la Fr\u00e9moire \u00e0 VERTOU (agglom\u00e9ration de NANTES) avec Parking Gratuit sur place et restauration<br \/>\n<\/span><\/span><\/span><\/span><\/p>\n<p style=\"text-align: justify;\"><span style=\"vertical-align: inherit;\"><span style=\"vertical-align: inherit;\"><span style=\"vertical-align: inherit;\"><span style=\"vertical-align: inherit;\">Voici un plan d&#8217;acc\u00e8s :\u00a0<\/span><\/span><\/span><\/span><\/p>\n<p style=\"text-align: left;\"><iframe loading=\"lazy\" src=\"https:\/\/www.google.com\/maps\/embed?pb=!1m18!1m12!1m3!1d2713.197121368707!2d-1.4766946846333617!3d47.15399362712721!2m3!1f0!2f0!3f0!3m2!1i1024!2i768!4f13.1!3m3!1m2!1s0x4805e877c91887d3%3A0xe238382c31b1f0f4!2sCh%C3%A2teau+de+la+Fr%C3%A9moire%2C+44120+Vertou!5e0!3m2!1sfr!2sfr!4v1458068271260\" width=\"600\" height=\"450\" frameborder=\"0\" allowfullscreen=\"allowfullscreen\"><\/iframe><\/p>\n<p style=\"text-align: left;\"><strong><span style=\"vertical-align: inherit;\"><span style=\"vertical-align: inherit;\"><span style=\"vertical-align: inherit;\"><span style=\"vertical-align: inherit;\">Restez inform\u00e9 <\/span><\/span><\/span><\/span><a href=\"https:\/\/www.facebook.com\/Vertivin-171297996346118\/\" target=\"_blank\" rel=\"noopener noreferrer\"><span style=\"vertical-align: inherit;\"><span style=\"vertical-align: inherit;\"><span style=\"vertical-align: inherit;\"><span style=\"vertical-align: inherit;\">via Facebook ici<\/span><\/span><\/span><\/span><\/a><span style=\"vertical-align: inherit;\"><span style=\"vertical-align: inherit;\"><span style=\"vertical-align: inherit;\"><span style=\"vertical-align: inherit;\"> !<\/span><\/span><\/span><\/span><\/strong><\/p>\n","protected":false},"excerpt":{"rendered":"<p>Infos pratiques : Salon du vin &#8220;Vertivinies&#8221; \u00e0 Vertou (44) &nbsp; Le salon se d\u00e9roulera au Ch\u00e2teau de la Fr\u00e9moire situ\u00e9 \u00e0 Vertou dans l\u2019agglom\u00e9ration Nantaise (44). Horaire\u00a0 : Samedi 21 mars 2026 de 11h \u00e0 20h Et dimanche 22 mars 2026 de 10h \u00e0 18h. Tarifs : Entr\u00e9e + verre &#8220;made in France&#8221; offert [&hellip;]<\/p>\n","protected":false},"author":1,"featured_media":0,"parent":0,"menu_order":0,"comment_status":"closed","ping_status":"closed","template":"","meta":{"_acf_changed":false,"footnotes":""},"categories":[],"tags":[],"class_list":["post-144","page","type-page","status-publish","hentry"],"acf":[],"yoast_head":"<!-- This site is optimized with the Yoast SEO plugin v27.1.1 - https:\/\/yoast.com\/product\/yoast-seo-wordpress\/ -->\n<title>Infos pratiques : Se rendre au salon du vin &quot;Vertivinies&quot; \u00e0 Vertou (44)<\/title>\n<meta name=\"description\" content=\"Les diff\u00e9rentes infos pratiques \u00e0 savoir sur le salon &quot;Les Vertivinies&quot;, un salon du vin qui se d\u00e9roule \u00e0 Vertou pr\u00e8s de Nantes (44).\" \/>\n<meta name=\"robots\" content=\"index, follow, max-snippet:-1, max-image-preview:large, max-video-preview:-1\" \/>\n<link rel=\"canonical\" href=\"http:\/\/vertivinies.fr\/index.php\/infos-pratiques\/\" \/>\n<meta property=\"og:locale\" content=\"fr_FR\" \/>\n<meta property=\"og:type\" content=\"article\" \/>\n<meta property=\"og:title\" content=\"Infos pratiques : Se rendre au salon du vin &quot;Vertivinies&quot; \u00e0 Vertou (44)\" \/>\n<meta property=\"og:description\" content=\"Les diff\u00e9rentes infos pratiques \u00e0 savoir sur le salon &quot;Les Vertivinies&quot;, un salon du vin qui se d\u00e9roule \u00e0 Vertou pr\u00e8s de Nantes (44).\" \/>\n<meta property=\"og:url\" content=\"http:\/\/vertivinies.fr\/index.php\/infos-pratiques\/\" \/>\n<meta property=\"og:site_name\" content=\"Vertivinies\" \/>\n<meta property=\"article:publisher\" content=\"https:\/\/www.facebook.com\/vertivin\" \/>\n<meta property=\"article:modified_time\" content=\"2026-02-15T17:41:49+00:00\" \/>\n<meta name=\"twitter:card\" content=\"summary_large_image\" \/>\n<meta name=\"twitter:label1\" content=\"Dur\u00e9e de lecture estim\u00e9e\" \/>\n\t<meta name=\"twitter:data1\" content=\"1 minute\" \/>\n<script type=\"application\/ld+json\" class=\"yoast-schema-graph\">{\"@context\":\"https:\/\/schema.org\",\"@graph\":[{\"@type\":\"WebPage\",\"@id\":\"http:\/\/vertivinies.fr\/index.php\/infos-pratiques\/\",\"url\":\"http:\/\/vertivinies.fr\/index.php\/infos-pratiques\/\",\"name\":\"Infos pratiques : Se rendre au salon du vin \\\"Vertivinies\\\" \u00e0 Vertou (44)\",\"isPartOf\":{\"@id\":\"https:\/\/vertivinies.fr\/#website\"},\"datePublished\":\"2016-03-17T20:36:45+00:00\",\"dateModified\":\"2026-02-15T17:41:49+00:00\",\"description\":\"Les diff\u00e9rentes infos pratiques \u00e0 savoir sur le salon \\\"Les Vertivinies\\\", un salon du vin qui se d\u00e9roule \u00e0 Vertou pr\u00e8s de Nantes (44).\",\"breadcrumb\":{\"@id\":\"http:\/\/vertivinies.fr\/index.php\/infos-pratiques\/#breadcrumb\"},\"inLanguage\":\"fr-FR\",\"potentialAction\":[{\"@type\":\"ReadAction\",\"target\":[\"http:\/\/vertivinies.fr\/index.php\/infos-pratiques\/\"]}]},{\"@type\":\"BreadcrumbList\",\"@id\":\"http:\/\/vertivinies.fr\/index.php\/infos-pratiques\/#breadcrumb\",\"itemListElement\":[{\"@type\":\"ListItem\",\"position\":1,\"name\":\"Accueil\",\"item\":\"http:\/\/vertivinies.fr\/\"},{\"@type\":\"ListItem\",\"position\":2,\"name\":\"Infos pratiques\"}]},{\"@type\":\"WebSite\",\"@id\":\"https:\/\/vertivinies.fr\/#website\",\"url\":\"https:\/\/vertivinies.fr\/\",\"name\":\"Vertivinies\",\"description\":\"\",\"potentialAction\":[{\"@type\":\"SearchAction\",\"target\":{\"@type\":\"EntryPoint\",\"urlTemplate\":\"https:\/\/vertivinies.fr\/?s={search_term_string}\"},\"query-input\":{\"@type\":\"PropertyValueSpecification\",\"valueRequired\":true,\"valueName\":\"search_term_string\"}}],\"inLanguage\":\"fr-FR\"}]}<\/script>\n<!-- \/ Yoast SEO plugin. -->","yoast_head_json":{"title":"Infos pratiques : Se rendre au salon du vin \"Vertivinies\" \u00e0 Vertou (44)","description":"Les diff\u00e9rentes infos pratiques \u00e0 savoir sur le salon \"Les Vertivinies\", un salon du vin qui se d\u00e9roule \u00e0 Vertou pr\u00e8s de Nantes (44).","robots":{"index":"index","follow":"follow","max-snippet":"max-snippet:-1","max-image-preview":"max-image-preview:large","max-video-preview":"max-video-preview:-1"},"canonical":"http:\/\/vertivinies.fr\/index.php\/infos-pratiques\/","og_locale":"fr_FR","og_type":"article","og_title":"Infos pratiques : Se rendre au salon du vin \"Vertivinies\" \u00e0 Vertou (44)","og_description":"Les diff\u00e9rentes infos pratiques \u00e0 savoir sur le salon \"Les Vertivinies\", un salon du vin qui se d\u00e9roule \u00e0 Vertou pr\u00e8s de Nantes (44).","og_url":"http:\/\/vertivinies.fr\/index.php\/infos-pratiques\/","og_site_name":"Vertivinies","article_publisher":"https:\/\/www.facebook.com\/vertivin","article_modified_time":"2026-02-15T17:41:49+00:00","twitter_card":"summary_large_image","twitter_misc":{"Dur\u00e9e de lecture estim\u00e9e":"1 minute"},"schema":{"@context":"https:\/\/schema.org","@graph":[{"@type":"WebPage","@id":"http:\/\/vertivinies.fr\/index.php\/infos-pratiques\/","url":"http:\/\/vertivinies.fr\/index.php\/infos-pratiques\/","name":"Infos pratiques : Se rendre au salon du vin \"Vertivinies\" \u00e0 Vertou (44)","isPartOf":{"@id":"https:\/\/vertivinies.fr\/#website"},"datePublished":"2016-03-17T20:36:45+00:00","dateModified":"2026-02-15T17:41:49+00:00","description":"Les diff\u00e9rentes infos pratiques \u00e0 savoir sur le salon \"Les Vertivinies\", un salon du vin qui se d\u00e9roule \u00e0 Vertou pr\u00e8s de Nantes (44).","breadcrumb":{"@id":"http:\/\/vertivinies.fr\/index.php\/infos-pratiques\/#breadcrumb"},"inLanguage":"fr-FR","potentialAction":[{"@type":"ReadAction","target":["http:\/\/vertivinies.fr\/index.php\/infos-pratiques\/"]}]},{"@type":"BreadcrumbList","@id":"http:\/\/vertivinies.fr\/index.php\/infos-pratiques\/#breadcrumb","itemListElement":[{"@type":"ListItem","position":1,"name":"Accueil","item":"http:\/\/vertivinies.fr\/"},{"@type":"ListItem","position":2,"name":"Infos pratiques"}]},{"@type":"WebSite","@id":"https:\/\/vertivinies.fr\/#website","url":"https:\/\/vertivinies.fr\/","name":"Vertivinies","description":"","potentialAction":[{"@type":"SearchAction","target":{"@type":"EntryPoint","urlTemplate":"https:\/\/vertivinies.fr\/?s={search_term_string}"},"query-input":{"@type":"PropertyValueSpecification","valueRequired":true,"valueName":"search_term_string"}}],"inLanguage":"fr-FR"}]}},"_links":{"self":[{"href":"http:\/\/vertivinies.fr\/index.php\/wp-json\/wp\/v2\/pages\/144","targetHints":{"allow":["GET"]}}],"collection":[{"href":"http:\/\/vertivinies.fr\/index.php\/wp-json\/wp\/v2\/pages"}],"about":[{"href":"http:\/\/vertivinies.fr\/index.php\/wp-json\/wp\/v2\/types\/page"}],"author":[{"embeddable":true,"href":"http:\/\/vertivinies.fr\/index.php\/wp-json\/wp\/v2\/users\/1"}],"replies":[{"embeddable":true,"href":"http:\/\/vertivinies.fr\/index.php\/wp-json\/wp\/v2\/comments?post=144"}],"version-history":[{"count":56,"href":"http:\/\/vertivinies.fr\/index.php\/wp-json\/wp\/v2\/pages\/144\/revisions"}],"predecessor-version":[{"id":2290,"href":"http:\/\/vertivinies.fr\/index.php\/wp-json\/wp\/v2\/pages\/144\/revisions\/2290"}],"wp:attachment":[{"href":"http:\/\/vertivinies.fr\/index.php\/wp-json\/wp\/v2\/media?parent=144"}],"wp:term":[{"taxonomy":"category","embeddable":true,"href":"http:\/\/vertivinies.fr\/index.php\/wp-json\/wp\/v2\/categories?post=144"},{"taxonomy":"post_tag","embeddable":true,"href":"http:\/\/vertivinies.fr\/index.php\/wp-json\/wp\/v2\/tags?post=144"}],"curies":[{"name":"wp","href":"https:\/\/api.w.org\/{rel}","templated":true}]}}