{"id":1717,"date":"2025-01-16T15:51:02","date_gmt":"2025-01-16T14:51:02","guid":{"rendered":"https:\/\/vertivinies.fr\/?page_id=1717"},"modified":"2026-02-10T17:17:19","modified_gmt":"2026-02-10T16:17:19","slug":"domaine-ferme-confluences","status":"publish","type":"page","link":"http:\/\/vertivinies.fr\/index.php\/vignerons-salon-vertivinies\/domaine-ferme-confluences\/","title":{"rendered":"Domaine de la Ferme des Confluences"},"content":{"rendered":"<p><span class=\"vign_thumb_txt\"><span style=\"vertical-align: inherit;\"><span style=\"vertical-align: inherit;\">Thomas Foubert<\/span><\/span><\/span><!--more--><span style=\"vertical-align: inherit;\"><span style=\"vertical-align: inherit;\"> \r\n    <div class=\"vign_big_bloc\">\r\n        <div class=\"vign_ss_titre\">Thomas Foubert<\/div>\r\n        <div class=\"vign_bloc_img\">\r\n            <img loading=\"lazy\" decoding=\"async\" src=\"http:\/\/vertivinies.fr\/wp-content\/uploads\/2026\/02\/Ferme-des-Confluences-Thomas-Foubert-credit-\u00a9adrienvilarem-1.jpg\" alt=\"\" title=\"\" width=\"578\" height=\"385\" \/>\r\n        <\/div>\r\n\r\n        <div class=\"vign_bloc_param\">\r\n            <p class=\"vign_params\">\r\n                <span class=\"vign_param_titre\">Appellations<\/span><br \/>\r\n                Muscadet de S\u00e8vre-et-Maine<br \/>\r\nMuscadet de S\u00e8vre-et-Maine - Monni\u00e8res Saint-Fiacre <br \/>\r\nMuscadet de S\u00e8vre-et-Maine - Ch\u00e2teau-Th\u00e9baud<br \/>\r\nIGP Val de Loire\r\n                <br \/>\r\n                <span class=\"vign_param_titre\">C\u00e9pages<\/span><br \/>\r\n                Melon de Bourgogne, Chardonnay, Chardonnay Muscat\u00e9, C\u00f4t, Egiodola, Folle Blanche\r\n                <br \/>\r\n                <span class=\"vign_param_titre\">Superficie<\/span><br \/>\r\n                20 ha en 2024 \u2192 r\u00e9duction \u00e0 10,5 ha en 2025\r\n                <br \/>\r\n                <span class=\"vign_param_titre\">Culture<\/span><br \/>\r\n                Agriculture biologique certifi\u00e9e\r\n                <br \/>\r\n                <span class=\"vign_param_titre\">R\u00e9compenses et Mentions<\/span><br \/>\r\n                RVF\r\n            <\/p>\r\n        <\/div>\r\n    <\/div>\r\n\r\n    <div class=\"vign_bloc_txt\">\r\n        <span style=\"font-size: 24px; color: #b70505;font-weight:bold\">PRESENTATION<\/span><br \/>\r\n<br \/>\r\nDepuis 2023, Thomas Foubert, ing\u00e9nieur agronome en am\u00e9lioration des plantes, incarne une nouvelle \u00e8re pour le domaine Pierre-Luc Bouchaud, qu'il a rebaptis\u00e9 \u00ab Domaine de la Ferme des Confluences \u00bb. <span style=\"font-weight:bold\">Inspir\u00e9 par ses exp\u00e9riences avec Jo Landron, La P\u00e9pi\u00e8re et ses origines paysannes du Nord, ses vins symbolisent l\u2019alliance de nouvelles pratiques culturales et de ses influences vigneronnes.<\/span><br \/>\r\n<br \/>\r\nParmi les cuv\u00e9es pr\u00e9dominantes, notons le Melon de Bourgogne : \u00ab Reflets \u00bb, \u00ab Gras Moutons \u00bb, \u00ab Pont Caffino \u00bb. En marge de sa gamme de Muscadets de parcelles historiques, Thomas propose \u00e9galement des vins issus de c\u00e9pages originaux avec en fil directeur une profondeur du fruit. Parmi les autres cuv\u00e9es, les Satellites avec \u00ab M\u00e9thode \u00bb un 100% Chardonnay,  le \u00ab C\u00f4t \u00bb, la \u00ab Mac\u00e9ration \u00bb. <br \/>\r\nD'autre part, se distinguent les \u00e9ph\u00e9m\u00e8res dont \u00ab \u0152nothera \u00bb, un Chardonnay orange et l\u2019 \u00ab Epiphyllum \u00bb.<br \/>\r\n<br \/>\r\nL\u2019objectif de Thomas est clair : <span style=\"font-weight:bold\">produire des vins de qualit\u00e9 tout en construisant un projet durable.<\/span> Dans les ann\u00e9es \u00e0 venir, il envisage d\u2019explorer d'autres horizons collaboratifs, avec une volont\u00e9 de diversifier l\u2019offre tout en restant fid\u00e8le \u00e0 son approche respectueuse du terroir.<br \/>\r\n<br \/>\r\n<span style=\"font-weight:bold\">Distinctions : <\/span><br \/>\r\n- RVF 2024 : <br \/>\r\n&nbsp;&nbsp;&nbsp;* Cuv\u00e9e Reflet 2023 88-89 \/100 \u2192 Alexis Goujard : \"Bel \u00e9lan salivant!\"<br \/>\r\n<br \/>\r\n<a href=\"https:\/\/www.instagram.com\/lafermedesconfluences\/\"><img loading=\"lazy\" decoding=\"async\" class=\"alignleft size-thumbnail wp-image-237\" src=\"http:\/\/vertivinies.fr\/wp-content\/uploads\/2025\/01\/Logo-instagram-rond.jpg\" alt=\"Logo facebook compos\u00e9 de la lettre F blanc dans un carr\u00e9 bleu\" width=\"60\" height=\"60\" \/><\/a>\r\n        <div class=\"vign_bloc_txt_fin\">\r\n            Thomas Foubert, paysan vigneron entre S\u00e8vre & Maine...\r\n            <br \/>\r\n            <div class=\"vign_bloc_event\"><a href=\"https:\/\/www.facebook.com\/Vertivin-171297996346118\/\"><img loading=\"lazy\" decoding=\"async\" src=\"\/wp-content\/uploads\/facebook-evenement.jpg\" width=\"150\" height=\"49\" alt=\"Tous les \u00e9v\u00e8nements \u00e0 venir\" title=\"Tous les \u00e9v\u00e8nements \u00e0 venir\" \/><\/a><\/div>\r\n        <\/div>\r\n    <\/div>\r\n    <div class=\"vign_lienindex\">\r\n        <span class=\"vign_lienprev\"><a href=http:\/\/vertivinies.fr\/index.php\/vignerons-salon-vertivinies\/domaine-bergerie\/><< Vigneron pr\u00e9c\u00e9dent >><\/a><\/span>  <span class=\"vign_liennext\"><a href=http:\/\/vertivinies.fr\/index.php\/vignerons-salon-vertivinies\/domaine-la-part-des-anges\/><< Vigneron suivant >><\/a><\/span>\r\n    <\/div>\r\n    <\/span><\/span><\/p>\n","protected":false},"excerpt":{"rendered":"<p>Thomas Foubert<\/p>\n","protected":false},"author":1,"featured_media":2271,"parent":136,"menu_order":0,"comment_status":"closed","ping_status":"closed","template":"","meta":{"_acf_changed":false,"footnotes":""},"categories":[12],"tags":[],"class_list":["post-1717","page","type-page","status-publish","has-post-thumbnail","hentry","category-vignerons"],"acf":[],"yoast_head":"<!-- This site is optimized with the Yoast SEO plugin v27.1.1 - https:\/\/yoast.com\/product\/yoast-seo-wordpress\/ -->\n<title>Domaine de la Ferme des Confluences | Vertivinies<\/title>\n<meta name=\"description\" content=\"D\u00e9couvrez la Ferme des Confluences pr\u00e9sent au salon Vertivinies, salon du vin organis\u00e9 par l&#039;association Vertivin situ\u00e9e \u00e0 Vertou pr\u00e8s de Nantes (44).\" \/>\n<meta name=\"robots\" content=\"index, follow, max-snippet:-1, max-image-preview:large, max-video-preview:-1\" \/>\n<link rel=\"canonical\" href=\"https:\/\/vertivinies.fr\/index.php\/vignerons-salon-vertivinies\/domaine-ferme-confluences\/\" \/>\n<meta property=\"og:locale\" content=\"fr_FR\" \/>\n<meta property=\"og:type\" content=\"article\" \/>\n<meta property=\"og:title\" content=\"Domaine de la Ferme des Confluences | Vertivinies\" \/>\n<meta property=\"og:description\" content=\"D\u00e9couvrez la Ferme des Confluences pr\u00e9sent au salon Vertivinies, salon du vin organis\u00e9 par l&#039;association Vertivin situ\u00e9e \u00e0 Vertou pr\u00e8s de Nantes (44).\" \/>\n<meta property=\"og:url\" content=\"https:\/\/vertivinies.fr\/index.php\/vignerons-salon-vertivinies\/domaine-ferme-confluences\/\" \/>\n<meta property=\"og:site_name\" content=\"Vertivinies\" \/>\n<meta property=\"article:publisher\" content=\"https:\/\/www.facebook.com\/vertivin\" \/>\n<meta property=\"article:modified_time\" content=\"2026-02-10T16:17:19+00:00\" \/>\n<meta property=\"og:image\" content=\"https:\/\/vertivinies.fr\/wp-content\/uploads\/2026\/02\/Ferme-des-Confluences-Thomas-Foubert-credit-\u00a9adrienvilarem-1.jpg\" \/>\n\t<meta property=\"og:image:width\" content=\"1793\" \/>\n\t<meta property=\"og:image:height\" content=\"1362\" \/>\n\t<meta property=\"og:image:type\" content=\"image\/jpeg\" \/>\n<meta name=\"twitter:card\" content=\"summary_large_image\" \/>\n<meta name=\"twitter:label1\" content=\"Dur\u00e9e de lecture estim\u00e9e\" \/>\n\t<meta name=\"twitter:data1\" content=\"1 minute\" \/>\n<script type=\"application\/ld+json\" class=\"yoast-schema-graph\">{\"@context\":\"https:\/\/schema.org\",\"@graph\":[{\"@type\":\"WebPage\",\"@id\":\"https:\/\/vertivinies.fr\/index.php\/vignerons-salon-vertivinies\/domaine-ferme-confluences\/\",\"url\":\"https:\/\/vertivinies.fr\/index.php\/vignerons-salon-vertivinies\/domaine-ferme-confluences\/\",\"name\":\"Domaine de la Ferme des Confluences | Vertivinies\",\"isPartOf\":{\"@id\":\"https:\/\/vertivinies.fr\/#website\"},\"primaryImageOfPage\":{\"@id\":\"https:\/\/vertivinies.fr\/index.php\/vignerons-salon-vertivinies\/domaine-ferme-confluences\/#primaryimage\"},\"image\":{\"@id\":\"https:\/\/vertivinies.fr\/index.php\/vignerons-salon-vertivinies\/domaine-ferme-confluences\/#primaryimage\"},\"thumbnailUrl\":\"http:\/\/vertivinies.fr\/wp-content\/uploads\/2026\/02\/Ferme-des-Confluences-Thomas-Foubert-credit-\u00a9adrienvilarem-1.jpg\",\"datePublished\":\"2025-01-16T14:51:02+00:00\",\"dateModified\":\"2026-02-10T16:17:19+00:00\",\"description\":\"D\u00e9couvrez la Ferme des Confluences pr\u00e9sent au salon Vertivinies, salon du vin organis\u00e9 par l'association Vertivin situ\u00e9e \u00e0 Vertou pr\u00e8s de Nantes (44).\",\"breadcrumb\":{\"@id\":\"https:\/\/vertivinies.fr\/index.php\/vignerons-salon-vertivinies\/domaine-ferme-confluences\/#breadcrumb\"},\"inLanguage\":\"fr-FR\",\"potentialAction\":[{\"@type\":\"ReadAction\",\"target\":[\"https:\/\/vertivinies.fr\/index.php\/vignerons-salon-vertivinies\/domaine-ferme-confluences\/\"]}]},{\"@type\":\"ImageObject\",\"inLanguage\":\"fr-FR\",\"@id\":\"https:\/\/vertivinies.fr\/index.php\/vignerons-salon-vertivinies\/domaine-ferme-confluences\/#primaryimage\",\"url\":\"http:\/\/vertivinies.fr\/wp-content\/uploads\/2026\/02\/Ferme-des-Confluences-Thomas-Foubert-credit-\u00a9adrienvilarem-1.jpg\",\"contentUrl\":\"http:\/\/vertivinies.fr\/wp-content\/uploads\/2026\/02\/Ferme-des-Confluences-Thomas-Foubert-credit-\u00a9adrienvilarem-1.jpg\",\"width\":1793,\"height\":1362},{\"@type\":\"BreadcrumbList\",\"@id\":\"https:\/\/vertivinies.fr\/index.php\/vignerons-salon-vertivinies\/domaine-ferme-confluences\/#breadcrumb\",\"itemListElement\":[{\"@type\":\"ListItem\",\"position\":1,\"name\":\"Accueil\",\"item\":\"http:\/\/vertivinies.fr\/\"},{\"@type\":\"ListItem\",\"position\":2,\"name\":\"Les vignerons pr\u00e9sents lors du salon Vertivinies 2026\",\"item\":\"https:\/\/vertivinies.fr\/index.php\/vignerons-salon-vertivinies\/\"},{\"@type\":\"ListItem\",\"position\":3,\"name\":\"Domaine de la Ferme des Confluences\"}]},{\"@type\":\"WebSite\",\"@id\":\"https:\/\/vertivinies.fr\/#website\",\"url\":\"https:\/\/vertivinies.fr\/\",\"name\":\"Vertivinies\",\"description\":\"\",\"potentialAction\":[{\"@type\":\"SearchAction\",\"target\":{\"@type\":\"EntryPoint\",\"urlTemplate\":\"https:\/\/vertivinies.fr\/?s={search_term_string}\"},\"query-input\":{\"@type\":\"PropertyValueSpecification\",\"valueRequired\":true,\"valueName\":\"search_term_string\"}}],\"inLanguage\":\"fr-FR\"}]}<\/script>\n<!-- \/ Yoast SEO plugin. -->","yoast_head_json":{"title":"Domaine de la Ferme des Confluences | Vertivinies","description":"D\u00e9couvrez la Ferme des Confluences pr\u00e9sent au salon Vertivinies, salon du vin organis\u00e9 par l'association Vertivin situ\u00e9e \u00e0 Vertou pr\u00e8s de Nantes (44).","robots":{"index":"index","follow":"follow","max-snippet":"max-snippet:-1","max-image-preview":"max-image-preview:large","max-video-preview":"max-video-preview:-1"},"canonical":"https:\/\/vertivinies.fr\/index.php\/vignerons-salon-vertivinies\/domaine-ferme-confluences\/","og_locale":"fr_FR","og_type":"article","og_title":"Domaine de la Ferme des Confluences | Vertivinies","og_description":"D\u00e9couvrez la Ferme des Confluences pr\u00e9sent au salon Vertivinies, salon du vin organis\u00e9 par l'association Vertivin situ\u00e9e \u00e0 Vertou pr\u00e8s de Nantes (44).","og_url":"https:\/\/vertivinies.fr\/index.php\/vignerons-salon-vertivinies\/domaine-ferme-confluences\/","og_site_name":"Vertivinies","article_publisher":"https:\/\/www.facebook.com\/vertivin","article_modified_time":"2026-02-10T16:17:19+00:00","og_image":[{"width":1793,"height":1362,"url":"https:\/\/vertivinies.fr\/wp-content\/uploads\/2026\/02\/Ferme-des-Confluences-Thomas-Foubert-credit-\u00a9adrienvilarem-1.jpg","type":"image\/jpeg"}],"twitter_card":"summary_large_image","twitter_misc":{"Dur\u00e9e de lecture estim\u00e9e":"1 minute"},"schema":{"@context":"https:\/\/schema.org","@graph":[{"@type":"WebPage","@id":"https:\/\/vertivinies.fr\/index.php\/vignerons-salon-vertivinies\/domaine-ferme-confluences\/","url":"https:\/\/vertivinies.fr\/index.php\/vignerons-salon-vertivinies\/domaine-ferme-confluences\/","name":"Domaine de la Ferme des Confluences | Vertivinies","isPartOf":{"@id":"https:\/\/vertivinies.fr\/#website"},"primaryImageOfPage":{"@id":"https:\/\/vertivinies.fr\/index.php\/vignerons-salon-vertivinies\/domaine-ferme-confluences\/#primaryimage"},"image":{"@id":"https:\/\/vertivinies.fr\/index.php\/vignerons-salon-vertivinies\/domaine-ferme-confluences\/#primaryimage"},"thumbnailUrl":"http:\/\/vertivinies.fr\/wp-content\/uploads\/2026\/02\/Ferme-des-Confluences-Thomas-Foubert-credit-\u00a9adrienvilarem-1.jpg","datePublished":"2025-01-16T14:51:02+00:00","dateModified":"2026-02-10T16:17:19+00:00","description":"D\u00e9couvrez la Ferme des Confluences pr\u00e9sent au salon Vertivinies, salon du vin organis\u00e9 par l'association Vertivin situ\u00e9e \u00e0 Vertou pr\u00e8s de Nantes (44).","breadcrumb":{"@id":"https:\/\/vertivinies.fr\/index.php\/vignerons-salon-vertivinies\/domaine-ferme-confluences\/#breadcrumb"},"inLanguage":"fr-FR","potentialAction":[{"@type":"ReadAction","target":["https:\/\/vertivinies.fr\/index.php\/vignerons-salon-vertivinies\/domaine-ferme-confluences\/"]}]},{"@type":"ImageObject","inLanguage":"fr-FR","@id":"https:\/\/vertivinies.fr\/index.php\/vignerons-salon-vertivinies\/domaine-ferme-confluences\/#primaryimage","url":"http:\/\/vertivinies.fr\/wp-content\/uploads\/2026\/02\/Ferme-des-Confluences-Thomas-Foubert-credit-\u00a9adrienvilarem-1.jpg","contentUrl":"http:\/\/vertivinies.fr\/wp-content\/uploads\/2026\/02\/Ferme-des-Confluences-Thomas-Foubert-credit-\u00a9adrienvilarem-1.jpg","width":1793,"height":1362},{"@type":"BreadcrumbList","@id":"https:\/\/vertivinies.fr\/index.php\/vignerons-salon-vertivinies\/domaine-ferme-confluences\/#breadcrumb","itemListElement":[{"@type":"ListItem","position":1,"name":"Accueil","item":"http:\/\/vertivinies.fr\/"},{"@type":"ListItem","position":2,"name":"Les vignerons pr\u00e9sents lors du salon Vertivinies 2026","item":"https:\/\/vertivinies.fr\/index.php\/vignerons-salon-vertivinies\/"},{"@type":"ListItem","position":3,"name":"Domaine de la Ferme des Confluences"}]},{"@type":"WebSite","@id":"https:\/\/vertivinies.fr\/#website","url":"https:\/\/vertivinies.fr\/","name":"Vertivinies","description":"","potentialAction":[{"@type":"SearchAction","target":{"@type":"EntryPoint","urlTemplate":"https:\/\/vertivinies.fr\/?s={search_term_string}"},"query-input":{"@type":"PropertyValueSpecification","valueRequired":true,"valueName":"search_term_string"}}],"inLanguage":"fr-FR"}]}},"_links":{"self":[{"href":"http:\/\/vertivinies.fr\/index.php\/wp-json\/wp\/v2\/pages\/1717","targetHints":{"allow":["GET"]}}],"collection":[{"href":"http:\/\/vertivinies.fr\/index.php\/wp-json\/wp\/v2\/pages"}],"about":[{"href":"http:\/\/vertivinies.fr\/index.php\/wp-json\/wp\/v2\/types\/page"}],"author":[{"embeddable":true,"href":"http:\/\/vertivinies.fr\/index.php\/wp-json\/wp\/v2\/users\/1"}],"replies":[{"embeddable":true,"href":"http:\/\/vertivinies.fr\/index.php\/wp-json\/wp\/v2\/comments?post=1717"}],"version-history":[{"count":12,"href":"http:\/\/vertivinies.fr\/index.php\/wp-json\/wp\/v2\/pages\/1717\/revisions"}],"predecessor-version":[{"id":2272,"href":"http:\/\/vertivinies.fr\/index.php\/wp-json\/wp\/v2\/pages\/1717\/revisions\/2272"}],"up":[{"embeddable":true,"href":"http:\/\/vertivinies.fr\/index.php\/wp-json\/wp\/v2\/pages\/136"}],"wp:featuredmedia":[{"embeddable":true,"href":"http:\/\/vertivinies.fr\/index.php\/wp-json\/wp\/v2\/media\/2271"}],"wp:attachment":[{"href":"http:\/\/vertivinies.fr\/index.php\/wp-json\/wp\/v2\/media?parent=1717"}],"wp:term":[{"taxonomy":"category","embeddable":true,"href":"http:\/\/vertivinies.fr\/index.php\/wp-json\/wp\/v2\/categories?post=1717"},{"taxonomy":"post_tag","embeddable":true,"href":"http:\/\/vertivinies.fr\/index.php\/wp-json\/wp\/v2\/tags?post=1717"}],"curies":[{"name":"wp","href":"https:\/\/api.w.org\/{rel}","templated":true}]}}