{"id":136,"date":"2016-03-17T21:17:31","date_gmt":"2016-03-17T20:17:31","guid":{"rendered":"http:\/\/vertivinies.fr\/?page_id=136"},"modified":"2026-02-09T17:36:21","modified_gmt":"2026-02-09T16:36:21","slug":"vignerons-salon-vertivinies","status":"publish","type":"page","link":"https:\/\/vertivinies.fr\/index.php\/vignerons-salon-vertivinies\/","title":{"rendered":"Les vignerons pr\u00e9sents lors du salon Vertivinies 2026"},"content":{"rendered":"<h1><span style=\"color: #b70505; ; font-size: 36px;\"><strong>En route vers la 13e \u00e9dition des Vertivinies<\/strong><\/span><\/h1>\n<p style=\"text-align: justify;\"><span style=\"color: #000000; font-size: 16px;\"><strong>Retrouvez les vignerons s\u00e9lectionn\u00e9s par les membres de l&#8217;association Vertivin <\/strong>(sur d\u00e9gustation en comit\u00e9 de s\u00e9lection)<\/span><\/p>\n<p>Lors de la derni\u00e8re \u00e9dition nous avions eu le plaisir de les accueillir et ils reviennent cette ann\u00e9e :<\/p>\n<ul style=\"list-style-type: disc;\">\n<li><strong><a href=\"https:\/\/vertivinies.fr\/index.php\/vignerons-salon-vertivinies\/domaine-des-terres-docres\/\"><span style=\"font-size: 20px;\">Florent Barichard<br \/>\n<\/span><\/a><\/strong><em><span style=\"font-size: 16px;\">Domaine des Terres d\u2019Ocres &#8211; <\/span><\/em><strong><strong><strong>Saint Pour\u00e7ain &#8211; AB<\/strong><\/strong><\/strong><\/li>\n<li><a href=\"https:\/\/vertivinies.fr\/index.php\/vignerons-salon-vertivinies\/domaine-paul-kubler\/\"><strong><span style=\"font-size: 20px;\">Philippe Kubler<br \/>\n<\/span><\/strong><\/a><em><span style=\"font-size: 16px;\">Domaine Paul Kubler &#8211; <\/span><\/em><strong><strong><strong>Alsace<\/strong><\/strong><\/strong><\/li>\n<li><a href=\"https:\/\/vertivinies.fr\/index.php\/vignerons-salon-vertivinies\/domaine-jacquet\/\"><strong><span style=\"font-size: 20px;\">C\u00e9line Jacquet<br \/>\n<\/span><\/strong><\/a><em><span style=\"font-size: 16px;\">Domaine C\u00e9line Jacquet &#8211; <\/span><\/em><strong><strong><strong>Savoie<\/strong><\/strong><\/strong><\/li>\n<li><span style=\"font-size: 20px;\"><strong><a href=\"http:\/\/vertivinies.fr\/index.php\/vignerons-3\/domaine-des-capreoles\/\">C\u00e9dric Lecareux<br \/>\n<\/a><\/strong><em><span style=\"font-size: 16px;\">Domaine des Capr\u00e9oles &#8211; <\/span><\/em><\/span><strong><strong>Beaujolais \/ Regni\u00e9 &#8211; AB<\/strong><\/strong><\/li>\n<li><a href=\"https:\/\/vertivinies.fr\/index.php\/vignerons-salon-vertivinies\/dames-sarrasi\/\"><strong><span style=\"font-size: 20px;\">Bruno &amp; Marie Montels<br \/>\n<\/span><\/strong><\/a><span style=\"font-size: 16px;\"><em>Les dames de Sarrasi &#8211; <\/em><\/span><strong><strong>Gaillac &#8211; AB<\/strong><\/strong><\/li>\n<li><a href=\"http:\/\/vertivinies.fr\/index.php\/vignerons-3\/chateau-lamartine\/\"><strong><span style=\"font-size: 20px;\">Lise et Benjamin Gayraud<br \/>\n<\/span><\/strong><\/a><em><span style=\"font-size: 16px;\">Chateau Lamartine &#8211; <\/span><\/em><strong><strong>Cahors &#8211; AB<\/strong><\/strong><\/li>\n<li><strong><span style=\"font-size: 20px;\"><a href=\"http:\/\/vertivinies.fr\/index.php\/vignerons-3\/domaine-agarrus\/\">Serge Scherrer<br \/>\n<\/a><\/span><\/strong><span style=\"font-size: 16px;\"><em>Domaine Agarrus &#8211; <\/em><\/span><strong><strong>C\u00e9vennes \/ Languedoc &#8211; AB<\/strong><\/strong><\/li>\n<li><a href=\"http:\/\/vertivinies.fr\/index.php\/vignerons-3\/domaine-melaric\/\"><strong><span style=\"font-size: 20px;\">Aymeric Hillaire et M\u00e9lanie Cunin<br \/>\n<\/span><\/strong><\/a><span style=\"font-size: 16px;\"><em>Domaine M\u00e9laric &#8211; <\/em><\/span><strong>Saumur Puy-Notre-Dame &#8211; AB<\/strong><\/li>\n<li><span style=\"font-size: 20px;\"><strong><a href=\"https:\/\/vertivinies.fr\/index.php\/vignerons-salon-vertivinies\/domaine-des-eclats\/\">Armand Mellot &amp; Thierry Michaud<br \/>\n<\/a><\/strong><\/span><span style=\"font-size: 16px;\"><em>Domaine des Eclats- <\/em><\/span><strong>Touraine &#8211; AB<\/strong><\/li>\n<li><a href=\"https:\/\/vertivinies.fr\/index.php\/vignerons-salon-vertivinies\/domaine-la-bastane\/\"><strong><span style=\"font-size: 20px;\">Ana\u00efs Bernard et Bastien Pestourie<br \/>\n<\/span><\/strong><\/a><em><span style=\"font-size: 16px;\">Domaine la Bastane &#8211; <\/span><\/em><strong>C\u00f4tes de Bordeaux &#8211; AB<\/strong><\/li>\n<li><strong><span style=\"font-size: 20px;\"><a href=\"https:\/\/vertivinies.fr\/index.php\/vignerons-salon-vertivinies\/vins-de-sicot\/\">Nicolas Martin<br \/>\n<\/a><\/span><\/strong><span style=\"font-size: 16px;\"><em>Domaine de Sicot &#8211; <\/em><\/span><strong>Vouvray &#8211; AB<\/strong><\/li>\n<li><a href=\"http:\/\/vertivinies.fr\/index.php\/vignerons-salon-vertivinies\/domaine-labbe-dine\/\"><span style=\"font-size: 20px;\"><strong>Nathalie Reynaud<\/strong><\/span><\/a><br \/>\n<em>Domaine de l&#8217;Abb\u00e9 D\u00eene &#8211; <\/em><strong>Ch\u00e2teauneuf du Pape<\/strong><\/li>\n<li><strong><span style=\"font-size: 20px;\"><a href=\"https:\/\/vertivinies.fr\/index.php\/vignerons-salon-vertivinies\/domaine-la-part-des-anges\/\">David Loiret<\/a><\/span><\/strong><br \/>\n<em>Domaine de la Part des Anges &#8211; <\/em><strong><strong>C\u00f4tes du Roussillon &#8211; en conversion AB<\/strong><\/strong><\/li>\n<li><a href=\"https:\/\/vertivinies.fr\/index.php\/vignerons-salon-vertivinies\/domaine-ferme-confluences\/\"><strong><span style=\"font-size: 20px;\">Thomas Foubert<\/span><\/strong><\/a><br \/>\n<em>Ferme des Confluences &#8211; <\/em><strong>Muscadet &#8211; en conversion AB<\/strong><\/li>\n<li><a href=\"https:\/\/vertivinies.fr\/index.php\/vignerons-salon-vertivinies\/domaine-bergerie\/\"><span style=\"font-size: 20px;\"><strong>Anne et Marie Gu\u00e9gniard<\/strong><\/span><\/a><br \/>\n<em>Domaine de la Bergerie &#8211;\u00a0<\/em><strong>Anjou, Savenni\u00e8res &#8211; AB<\/strong><\/li>\n<li><a href=\"https:\/\/vertivinies.fr\/index.php\/vignerons-salon-vertivinies\/domaine-al-chatillon\/\"><span style=\"font-size: 20px;\"><strong>Anthony et Laure Chatillon<\/strong><\/span><\/a><br \/>\n<em>Domaine Al Chatillon &#8211;\u00a0<\/em><strong>Champagne<\/strong><\/li>\n<li><a href=\"https:\/\/vertivinies.fr\/index.php\/vignerons-salon-vertivinies\/domaine-plaisance-peynavayre\/\"><span style=\"font-size: 20px;\"><strong>Thibault Penavayre<\/strong><\/span><\/a><br \/>\n<em>Domaine Plaisance-Penavayre &#8211;\u00a0<\/em><strong>Fronton &#8211; AB<\/strong><\/li>\n<li><a href=\"https:\/\/vertivinies.fr\/index.php\/vignerons-salon-vertivinies\/domaine-balansa\/\"><span style=\"font-size: 20px;\"><strong>C\u00e9line Peyre et Alex Gressent<\/strong><\/span><\/a><br \/>\n<em>Domaine Balansa &#8211;\u00a0<\/em><strong>Fitou &#8211; AB<\/strong><\/li>\n<li><a href=\"https:\/\/vertivinies.fr\/index.php\/vignerons-salon-vertivinies\/domaine-chevalerie\/\"><span style=\"font-size: 20px;\"><strong>Laurie et Emmanuel Caslot<\/strong><\/span><\/a><br \/>\n<em>Domaine de la Chevalerie &#8211;\u00a0<\/em><strong>Bourgueil &#8211; AB<\/strong><\/li>\n<li><a href=\"https:\/\/vertivinies.fr\/index.php\/vignerons-salon-vertivinies\/domaine-chateau-romanin\/\"><span style=\"font-size: 20px;\"><strong>Carolyn Sheetz et Th\u00e9o Buravand<\/strong><\/span><\/a><br \/>\n<em>Ch\u00e2teau Romanin &#8211;\u00a0<\/em><strong>Les Baux de Provence &#8211; AB<\/strong><\/li>\n<\/ul>\n<p>&nbsp;<\/p>\n<p>Et ils seront <strong>pr\u00e9sents pour la premi\u00e8re fois cette ann\u00e9e<\/strong>\u00a0:<\/p>\n<ul>\n<li>\n<p class=\"pt-cv-title\"><strong><span style=\"font-size: 20px;\"><a href=\"https:\/\/vertivinies.fr\/index.php\/vignerons-salon-vertivinies\/domaines-des-maels\/\">Morgane et Fr\u00e9d\u00e9ric Schwerz<\/a><\/span><\/strong><br \/>\n<em>Domaine des Maels &#8211; Minervois &#8211; AB<\/em><\/p>\n<\/li>\n<li>\n<p class=\"pt-cv-title\"><a href=\"https:\/\/vertivinies.fr\/index.php\/vignerons-salon-vertivinies\/domaine-eric-chevalier\/\"><strong><span style=\"font-size: 20px;\">Eric Chevalier<\/span><\/strong><\/a><br \/>\nDomaine Eric Chevalier &#8211; Muscadet des Cotes de Grandlieu &#8211; AB<\/p>\n<\/li>\n<li><a href=\"https:\/\/vertivinies.fr\/index.php\/vignerons-salon-vertivinies\/chateau-lescarderie\/\"><strong><span style=\"font-size: 20px;\">M\u00e9lanie et Thomas Haguenin<\/span><\/strong><\/a><br \/>\nCh\u00e2teau L\u2019Escarderie &#8211; Fronsac &#8211; AB<\/li>\n<\/ul>\n<p>&nbsp;<\/p>\n<p><iframe loading=\"lazy\" src=\"https:\/\/www.google.com\/maps\/d\/embed?mid=1dgJK8BXiGq4sR4bJAVLVgui4PMM5BiM&amp;ehbc=2E312F\" width=\"640\" height=\"480\"><\/iframe><\/p>\n<p style=\"text-align: justify;\">Pour plus d&#8217;informations, <a href=\"http:\/\/vertivinies.fr\/index.php\/contact\/\">contactez-nous<\/a>\u00a0 ou suivez nous sur <a href=\"https:\/\/www.facebook.com\/Vertivin-171297996346118\">Facebook<\/a>.<\/p>\n","protected":false},"excerpt":{"rendered":"<p>En route vers la 13e \u00e9dition des Vertivinies Retrouvez les vignerons s\u00e9lectionn\u00e9s par les membres de l&#8217;association Vertivin (sur d\u00e9gustation en comit\u00e9 de s\u00e9lection) Lors de la derni\u00e8re \u00e9dition nous avions eu le plaisir de les accueillir et ils reviennent cette ann\u00e9e : Florent Barichard Domaine des Terres d\u2019Ocres &#8211; Saint Pour\u00e7ain &#8211; AB Philippe [&hellip;]<\/p>\n","protected":false},"author":1,"featured_media":0,"parent":0,"menu_order":0,"comment_status":"closed","ping_status":"closed","template":"","meta":{"_acf_changed":false,"footnotes":""},"categories":[],"tags":[],"class_list":["post-136","page","type-page","status-publish","hentry"],"acf":[],"yoast_head":"<!-- This site is optimized with the Yoast SEO plugin v27.1.1 - https:\/\/yoast.com\/product\/yoast-seo-wordpress\/ -->\n<title>Les vignerons pr\u00e9sents lors du salon Vertivinies 2024<\/title>\n<meta name=\"description\" content=\"D\u00e9couvrez tous les vignerons pr\u00e9sents lors du salon des Vertivinies \u00e0 Vertou : Grande diversit\u00e9 avec des nouveaux talents originaires de toute la France.\" \/>\n<meta name=\"robots\" content=\"index, follow, max-snippet:-1, max-image-preview:large, max-video-preview:-1\" \/>\n<link rel=\"canonical\" href=\"http:\/\/vertivinies.fr\/index.php\/vignerons-salon-vertivinies\/\" \/>\n<meta property=\"og:locale\" content=\"fr_FR\" \/>\n<meta property=\"og:type\" content=\"article\" \/>\n<meta property=\"og:title\" content=\"Les vignerons pr\u00e9sents lors du salon Vertivinies 2024\" \/>\n<meta property=\"og:description\" content=\"D\u00e9couvrez tous les vignerons pr\u00e9sents lors du salon des Vertivinies \u00e0 Vertou : Grande diversit\u00e9 avec des nouveaux talents originaires de toute la France.\" \/>\n<meta property=\"og:url\" content=\"http:\/\/vertivinies.fr\/index.php\/vignerons-salon-vertivinies\/\" \/>\n<meta property=\"og:site_name\" content=\"Vertivinies\" \/>\n<meta property=\"article:publisher\" content=\"https:\/\/www.facebook.com\/vertivin\" \/>\n<meta property=\"article:modified_time\" content=\"2026-02-09T16:36:21+00:00\" \/>\n<meta name=\"twitter:card\" content=\"summary_large_image\" \/>\n<meta name=\"twitter:label1\" content=\"Dur\u00e9e de lecture estim\u00e9e\" \/>\n\t<meta name=\"twitter:data1\" content=\"2 minutes\" \/>\n<script type=\"application\/ld+json\" class=\"yoast-schema-graph\">{\"@context\":\"https:\/\/schema.org\",\"@graph\":[{\"@type\":\"WebPage\",\"@id\":\"http:\/\/vertivinies.fr\/index.php\/vignerons-salon-vertivinies\/\",\"url\":\"http:\/\/vertivinies.fr\/index.php\/vignerons-salon-vertivinies\/\",\"name\":\"Les vignerons pr\u00e9sents lors du salon Vertivinies 2024\",\"isPartOf\":{\"@id\":\"https:\/\/vertivinies.fr\/#website\"},\"datePublished\":\"2016-03-17T20:17:31+00:00\",\"dateModified\":\"2026-02-09T16:36:21+00:00\",\"description\":\"D\u00e9couvrez tous les vignerons pr\u00e9sents lors du salon des Vertivinies \u00e0 Vertou : Grande diversit\u00e9 avec des nouveaux talents originaires de toute la France.\",\"breadcrumb\":{\"@id\":\"http:\/\/vertivinies.fr\/index.php\/vignerons-salon-vertivinies\/#breadcrumb\"},\"inLanguage\":\"fr-FR\",\"potentialAction\":[{\"@type\":\"ReadAction\",\"target\":[\"http:\/\/vertivinies.fr\/index.php\/vignerons-salon-vertivinies\/\"]}]},{\"@type\":\"BreadcrumbList\",\"@id\":\"http:\/\/vertivinies.fr\/index.php\/vignerons-salon-vertivinies\/#breadcrumb\",\"itemListElement\":[{\"@type\":\"ListItem\",\"position\":1,\"name\":\"Accueil\",\"item\":\"http:\/\/vertivinies.fr\/\"},{\"@type\":\"ListItem\",\"position\":2,\"name\":\"Les vignerons pr\u00e9sents lors du salon Vertivinies 2026\"}]},{\"@type\":\"WebSite\",\"@id\":\"https:\/\/vertivinies.fr\/#website\",\"url\":\"https:\/\/vertivinies.fr\/\",\"name\":\"Vertivinies\",\"description\":\"\",\"potentialAction\":[{\"@type\":\"SearchAction\",\"target\":{\"@type\":\"EntryPoint\",\"urlTemplate\":\"https:\/\/vertivinies.fr\/?s={search_term_string}\"},\"query-input\":{\"@type\":\"PropertyValueSpecification\",\"valueRequired\":true,\"valueName\":\"search_term_string\"}}],\"inLanguage\":\"fr-FR\"}]}<\/script>\n<!-- \/ Yoast SEO plugin. -->","yoast_head_json":{"title":"Les vignerons pr\u00e9sents lors du salon Vertivinies 2024","description":"D\u00e9couvrez tous les vignerons pr\u00e9sents lors du salon des Vertivinies \u00e0 Vertou : Grande diversit\u00e9 avec des nouveaux talents originaires de toute la France.","robots":{"index":"index","follow":"follow","max-snippet":"max-snippet:-1","max-image-preview":"max-image-preview:large","max-video-preview":"max-video-preview:-1"},"canonical":"http:\/\/vertivinies.fr\/index.php\/vignerons-salon-vertivinies\/","og_locale":"fr_FR","og_type":"article","og_title":"Les vignerons pr\u00e9sents lors du salon Vertivinies 2024","og_description":"D\u00e9couvrez tous les vignerons pr\u00e9sents lors du salon des Vertivinies \u00e0 Vertou : Grande diversit\u00e9 avec des nouveaux talents originaires de toute la France.","og_url":"http:\/\/vertivinies.fr\/index.php\/vignerons-salon-vertivinies\/","og_site_name":"Vertivinies","article_publisher":"https:\/\/www.facebook.com\/vertivin","article_modified_time":"2026-02-09T16:36:21+00:00","twitter_card":"summary_large_image","twitter_misc":{"Dur\u00e9e de lecture estim\u00e9e":"2 minutes"},"schema":{"@context":"https:\/\/schema.org","@graph":[{"@type":"WebPage","@id":"http:\/\/vertivinies.fr\/index.php\/vignerons-salon-vertivinies\/","url":"http:\/\/vertivinies.fr\/index.php\/vignerons-salon-vertivinies\/","name":"Les vignerons pr\u00e9sents lors du salon Vertivinies 2024","isPartOf":{"@id":"https:\/\/vertivinies.fr\/#website"},"datePublished":"2016-03-17T20:17:31+00:00","dateModified":"2026-02-09T16:36:21+00:00","description":"D\u00e9couvrez tous les vignerons pr\u00e9sents lors du salon des Vertivinies \u00e0 Vertou : Grande diversit\u00e9 avec des nouveaux talents originaires de toute la France.","breadcrumb":{"@id":"http:\/\/vertivinies.fr\/index.php\/vignerons-salon-vertivinies\/#breadcrumb"},"inLanguage":"fr-FR","potentialAction":[{"@type":"ReadAction","target":["http:\/\/vertivinies.fr\/index.php\/vignerons-salon-vertivinies\/"]}]},{"@type":"BreadcrumbList","@id":"http:\/\/vertivinies.fr\/index.php\/vignerons-salon-vertivinies\/#breadcrumb","itemListElement":[{"@type":"ListItem","position":1,"name":"Accueil","item":"http:\/\/vertivinies.fr\/"},{"@type":"ListItem","position":2,"name":"Les vignerons pr\u00e9sents lors du salon Vertivinies 2026"}]},{"@type":"WebSite","@id":"https:\/\/vertivinies.fr\/#website","url":"https:\/\/vertivinies.fr\/","name":"Vertivinies","description":"","potentialAction":[{"@type":"SearchAction","target":{"@type":"EntryPoint","urlTemplate":"https:\/\/vertivinies.fr\/?s={search_term_string}"},"query-input":{"@type":"PropertyValueSpecification","valueRequired":true,"valueName":"search_term_string"}}],"inLanguage":"fr-FR"}]}},"_links":{"self":[{"href":"https:\/\/vertivinies.fr\/index.php\/wp-json\/wp\/v2\/pages\/136","targetHints":{"allow":["GET"]}}],"collection":[{"href":"https:\/\/vertivinies.fr\/index.php\/wp-json\/wp\/v2\/pages"}],"about":[{"href":"https:\/\/vertivinies.fr\/index.php\/wp-json\/wp\/v2\/types\/page"}],"author":[{"embeddable":true,"href":"https:\/\/vertivinies.fr\/index.php\/wp-json\/wp\/v2\/users\/1"}],"replies":[{"embeddable":true,"href":"https:\/\/vertivinies.fr\/index.php\/wp-json\/wp\/v2\/comments?post=136"}],"version-history":[{"count":153,"href":"https:\/\/vertivinies.fr\/index.php\/wp-json\/wp\/v2\/pages\/136\/revisions"}],"predecessor-version":[{"id":2263,"href":"https:\/\/vertivinies.fr\/index.php\/wp-json\/wp\/v2\/pages\/136\/revisions\/2263"}],"wp:attachment":[{"href":"https:\/\/vertivinies.fr\/index.php\/wp-json\/wp\/v2\/media?parent=136"}],"wp:term":[{"taxonomy":"category","embeddable":true,"href":"https:\/\/vertivinies.fr\/index.php\/wp-json\/wp\/v2\/categories?post=136"},{"taxonomy":"post_tag","embeddable":true,"href":"https:\/\/vertivinies.fr\/index.php\/wp-json\/wp\/v2\/tags?post=136"}],"curies":[{"name":"wp","href":"https:\/\/api.w.org\/{rel}","templated":true}]}}