{"id":1549,"date":"2023-01-20T22:56:22","date_gmt":"2023-01-20T21:56:22","guid":{"rendered":"https:\/\/vertivinies.fr\/?page_id=1549"},"modified":"2026-02-09T17:48:36","modified_gmt":"2026-02-09T16:48:36","slug":"domaine-labbe-dine","status":"publish","type":"page","link":"https:\/\/vertivinies.fr\/index.php\/vignerons-salon-vertivinies\/domaine-labbe-dine\/","title":{"rendered":"Domaine l&#8217;Abb\u00e9 D\u00eene"},"content":{"rendered":"<p><span class=\"vign_thumb_txt\"><span style=\"vertical-align: inherit;\"><span style=\"vertical-align: inherit;\">Nathalie Reynaud<\/span><\/span><\/span><!--more--><span style=\"vertical-align: inherit;\"><span style=\"vertical-align: inherit;\"> \r\n    <div class=\"vign_big_bloc\">\r\n        <div class=\"vign_ss_titre\">Nathalie Reynaud<\/div>\r\n        <div class=\"vign_bloc_img\">\r\n            <img loading=\"lazy\" decoding=\"async\" src=\"http:\/\/vertivinies.fr\/wp-content\/uploads\/2025\/01\/L_abbe-dine-Nathalie-Reynaud.jpg\" alt=\"\" title=\"\" width=\"578\" height=\"385\" \/>\r\n        <\/div>\r\n\r\n        <div class=\"vign_bloc_param\">\r\n            <p class=\"vign_params\">\r\n                <span class=\"vign_param_titre\">Appellations<\/span><br \/>\r\n                Ch\u00e2teauneuf du pape rouge et blanc<br \/>\r\nC\u00f4tes du Rh\u00f4ne et C\u00f4tes du Rh\u00f4ne village<br \/>\r\nVin de France\r\n                <br \/>\r\n                <span class=\"vign_param_titre\">C\u00e9pages<\/span><br \/>\r\n                Grenache, Syrah, Mourv\u00e8dre - Clairette, Bourboulenc, Roussanne.\r\n                <br \/>\r\n                <span class=\"vign_param_titre\">Superficie<\/span><br \/>\r\n                19 ha\r\n                <br \/>\r\n                <span class=\"vign_param_titre\">Culture<\/span><br \/>\r\n                Raisonn\u00e9e certifi\u00e9 HVE - Vendange manuelle\r\n                <br \/>\r\n                <span class=\"vign_param_titre\">R\u00e9compenses et Mentions<\/span><br \/>\r\n                Guide Hachette - RVF - Jeb Dunnuck (international)\r\n            <\/p>\r\n        <\/div>\r\n    <\/div>\r\n\r\n    <div class=\"vign_bloc_txt\">\r\n        <span style=\"font-size: 24px; color: #b70505;font-weight:bold\">PRESENTATION<\/span><br \/>\r\n<br \/>\r\nLa passion de la terre s'est transmise de g\u00e9n\u00e9ration en g\u00e9n\u00e9ration. Mais c'est en vinifiant chez un vigneron que Nathalie Reynaud a d\u00e9couvert la transformation d'un fruit en vin. <br \/>\r\nComme ensorcel\u00e9e, la magie du vin s'est produite en elle. Quelques ann\u00e9es apr\u00e8s, en 2012 pour \u00eatre pr\u00e9cis, la propri\u00e9t\u00e9 quittait la coop\u00e9rative et le domaine \"L'abb\u00e9 D\u00eene\" naquit ; mettant en avant la premi\u00e8re parcelle de vignes rentr\u00e9e dans la famille en 1880 au lieu dit \"Les B\u00e9dines\" ; o\u00f9 la l\u00e9gende disait qu'un abb\u00e9 aimait faire \"ripaille\". <br \/>\r\n<br \/>\r\nNathalie Reynaud exploite au plus pr\u00e8s la diversit\u00e9 de ses terroirs, une majorit\u00e9 de vieilles vignes sur du sable et quelques parcelles sur des galets roul\u00e9s, en <span style=\"font-weight:bold\">laissant s\u2019exprimer le fruit avant tout...<\/span> aussi bien dans l'appellation de Ch\u00e2teauneuf du Pape qu'en C\u00f4tes du Rh\u00f4ne et Vin de pays. <br \/>\r\nSelon la RVF f\u00e9vrier 2023 : \u00ab Les 70 meilleurs grenaches du monde \u00bb La cuv\u00e9e \"la R\u00e9serve des cieux 2019\" est sortie 7eme en France avec <span style=\"font-weight:bold\">97-98\/100... outch ! rien que \u00e7a !<\/span><br \/>\r\n<br \/>\r\n<span style=\"font-weight:bold\">Distinctions : <\/span><br \/>\r\n- Guide Hachette 2026 : <br \/>\r\n&nbsp;&nbsp;&nbsp;2* Coup de Coeur Ch\u00e2teauneuf du Pape 2023 ; <br \/>\r\n&nbsp;&nbsp;&nbsp;2* IGP Vaucluse La Soutane 2023 ; <br \/>\r\n&nbsp;&nbsp;&nbsp;1* C\u00f4tes du Rh\u00f4ne 2023 <br \/>\r\n- RVF : <br \/>\r\n&nbsp;&nbsp;&nbsp;* Ch\u00e2teauneuf du Pape rouge 2023 : 94-95\/100<br \/>\r\n&nbsp;&nbsp;&nbsp;* Ch\u00e2teauneuf rouge 2024 : 90-92\/100 <br \/>\r\n- Jeb Dunnuck<br \/>\r\n&nbsp;&nbsp;&nbsp;* Ch\u00e2teauneuf blanc 2024 : 91\/100<br \/>\r\n&nbsp;&nbsp;&nbsp;* Ch\u00e2teauneuf du pape rouge 2024 : 90-92\/100<br \/>\r\n<br \/>\r\n<a href=\" https:\/\/www.facebook.com\/profile.php?id=100063733473171\"><img loading=\"lazy\" decoding=\"async\" class=\"alignleft size-thumbnail wp-image-237\" src=\"http:\/\/vertivinies.fr\/wp-content\/uploads\/2025\/01\/Logo-facebook-rond.jpg\" alt=\"Logo facebook compos\u00e9 de la lettre F blanc dans un carr\u00e9 bleu\" width=\"60\" height=\"60\" \/><\/a> <a href=\" https:\/\/www.instagram.com\/domainelabbedine\/\"><img loading=\"lazy\" decoding=\"async\" class=\"alignleft size-thumbnail wp-image-237\" src=\"http:\/\/vertivinies.fr\/wp-content\/uploads\/2025\/01\/Logo-instagram-rond.jpg\" alt=\"Logo facebook compos\u00e9 de la lettre F blanc dans un carr\u00e9 bleu\" width=\"60\" height=\"60\" \/><\/a>\r\n        <div class=\"vign_bloc_txt_fin\">\r\n            Un niveau impressionnant pour un si jeune domaine, les critiques sp\u00e9cialis\u00e9s commencent \u00e0 l'avoir bien identifi\u00e9\r\n            <br \/>\r\n            <div class=\"vign_bloc_event\"><a href=\"https:\/\/www.facebook.com\/Vertivin-171297996346118\/\"><img loading=\"lazy\" decoding=\"async\" src=\"\/wp-content\/uploads\/facebook-evenement.jpg\" width=\"150\" height=\"49\" alt=\"Tous les \u00e9v\u00e8nements \u00e0 venir\" title=\"Tous les \u00e9v\u00e8nements \u00e0 venir\" \/><\/a><\/div>\r\n        <\/div>\r\n    <\/div>\r\n    <div class=\"vign_lienindex\">\r\n        <span class=\"vign_lienprev\"><a href=https:\/\/vertivinies.fr\/index.php\/vignerons-salon-vertivinies\/domaine-la-part-des-anges\/><< Vigneron pr\u00e9c\u00e9dent >><\/a><\/span>  <span class=\"vign_liennext\"><a href=https:\/\/vertivinies.fr\/index.php\/vignerons-salon-vertivinies\/domaine-la-bastane\/><< Vigneron suivant >><\/a><\/span>\r\n    <\/div>\r\n    <\/span><\/span><\/p>\n","protected":false},"excerpt":{"rendered":"<p>Nathalie Reynaud<\/p>\n","protected":false},"author":1,"featured_media":1737,"parent":136,"menu_order":0,"comment_status":"closed","ping_status":"closed","template":"","meta":{"_acf_changed":false,"footnotes":""},"categories":[12],"tags":[],"class_list":["post-1549","page","type-page","status-publish","has-post-thumbnail","hentry","category-vignerons"],"acf":[],"yoast_head":"<!-- This site is optimized with the Yoast SEO plugin v27.1.1 - https:\/\/yoast.com\/product\/yoast-seo-wordpress\/ -->\n<title>Domaine l&#039;Abb\u00e9 D\u00eene | Vertivinies<\/title>\n<meta name=\"description\" content=\"D\u00e9couvrez le domaine l&#039;Abb\u00e9 D\u00eene pr\u00e9sent au salon Vertivinies, salon du vin organis\u00e9 par l&#039;association Vertivin situ\u00e9e \u00e0 Vertou pr\u00e8s de Nantes (44).\" \/>\n<meta name=\"robots\" content=\"index, follow, max-snippet:-1, max-image-preview:large, max-video-preview:-1\" \/>\n<link rel=\"canonical\" href=\"https:\/\/vertivinies.fr\/index.php\/vignerons-salon-vertivinies\/domaine-labbe-dine\/\" \/>\n<meta property=\"og:locale\" content=\"fr_FR\" \/>\n<meta property=\"og:type\" content=\"article\" \/>\n<meta property=\"og:title\" content=\"Domaine l&#039;Abb\u00e9 D\u00eene | Vertivinies\" \/>\n<meta property=\"og:description\" content=\"D\u00e9couvrez le domaine l&#039;Abb\u00e9 D\u00eene pr\u00e9sent au salon Vertivinies, salon du vin organis\u00e9 par l&#039;association Vertivin situ\u00e9e \u00e0 Vertou pr\u00e8s de Nantes (44).\" \/>\n<meta property=\"og:url\" content=\"https:\/\/vertivinies.fr\/index.php\/vignerons-salon-vertivinies\/domaine-labbe-dine\/\" \/>\n<meta property=\"og:site_name\" content=\"Vertivinies\" \/>\n<meta property=\"article:publisher\" content=\"https:\/\/www.facebook.com\/vertivin\" \/>\n<meta property=\"article:modified_time\" content=\"2026-02-09T16:48:36+00:00\" \/>\n<meta property=\"og:image\" content=\"https:\/\/vertivinies.fr\/wp-content\/uploads\/2025\/01\/L_abbe-dine-Nathalie-Reynaud.jpg\" \/>\n\t<meta property=\"og:image:width\" content=\"1773\" \/>\n\t<meta property=\"og:image:height\" content=\"1182\" \/>\n\t<meta property=\"og:image:type\" content=\"image\/jpeg\" \/>\n<meta name=\"twitter:card\" content=\"summary_large_image\" \/>\n<meta name=\"twitter:label1\" content=\"Dur\u00e9e de lecture estim\u00e9e\" \/>\n\t<meta name=\"twitter:data1\" content=\"1 minute\" \/>\n<script type=\"application\/ld+json\" class=\"yoast-schema-graph\">{\"@context\":\"https:\/\/schema.org\",\"@graph\":[{\"@type\":\"WebPage\",\"@id\":\"https:\/\/vertivinies.fr\/index.php\/vignerons-salon-vertivinies\/domaine-labbe-dine\/\",\"url\":\"https:\/\/vertivinies.fr\/index.php\/vignerons-salon-vertivinies\/domaine-labbe-dine\/\",\"name\":\"Domaine l'Abb\u00e9 D\u00eene | Vertivinies\",\"isPartOf\":{\"@id\":\"http:\/\/vertivinies.fr\/#website\"},\"primaryImageOfPage\":{\"@id\":\"https:\/\/vertivinies.fr\/index.php\/vignerons-salon-vertivinies\/domaine-labbe-dine\/#primaryimage\"},\"image\":{\"@id\":\"https:\/\/vertivinies.fr\/index.php\/vignerons-salon-vertivinies\/domaine-labbe-dine\/#primaryimage\"},\"thumbnailUrl\":\"https:\/\/vertivinies.fr\/wp-content\/uploads\/2025\/01\/L_abbe-dine-Nathalie-Reynaud.jpg\",\"datePublished\":\"2023-01-20T21:56:22+00:00\",\"dateModified\":\"2026-02-09T16:48:36+00:00\",\"description\":\"D\u00e9couvrez le domaine l'Abb\u00e9 D\u00eene pr\u00e9sent au salon Vertivinies, salon du vin organis\u00e9 par l'association Vertivin situ\u00e9e \u00e0 Vertou pr\u00e8s de Nantes (44).\",\"breadcrumb\":{\"@id\":\"https:\/\/vertivinies.fr\/index.php\/vignerons-salon-vertivinies\/domaine-labbe-dine\/#breadcrumb\"},\"inLanguage\":\"fr-FR\",\"potentialAction\":[{\"@type\":\"ReadAction\",\"target\":[\"https:\/\/vertivinies.fr\/index.php\/vignerons-salon-vertivinies\/domaine-labbe-dine\/\"]}]},{\"@type\":\"ImageObject\",\"inLanguage\":\"fr-FR\",\"@id\":\"https:\/\/vertivinies.fr\/index.php\/vignerons-salon-vertivinies\/domaine-labbe-dine\/#primaryimage\",\"url\":\"https:\/\/vertivinies.fr\/wp-content\/uploads\/2025\/01\/L_abbe-dine-Nathalie-Reynaud.jpg\",\"contentUrl\":\"https:\/\/vertivinies.fr\/wp-content\/uploads\/2025\/01\/L_abbe-dine-Nathalie-Reynaud.jpg\",\"width\":1773,\"height\":1182},{\"@type\":\"BreadcrumbList\",\"@id\":\"https:\/\/vertivinies.fr\/index.php\/vignerons-salon-vertivinies\/domaine-labbe-dine\/#breadcrumb\",\"itemListElement\":[{\"@type\":\"ListItem\",\"position\":1,\"name\":\"Accueil\",\"item\":\"http:\/\/vertivinies.fr\/\"},{\"@type\":\"ListItem\",\"position\":2,\"name\":\"Les vignerons pr\u00e9sents lors du salon Vertivinies 2026\",\"item\":\"http:\/\/vertivinies.fr\/index.php\/vignerons-salon-vertivinies\/\"},{\"@type\":\"ListItem\",\"position\":3,\"name\":\"Domaine l&#8217;Abb\u00e9 D\u00eene\"}]},{\"@type\":\"WebSite\",\"@id\":\"http:\/\/vertivinies.fr\/#website\",\"url\":\"http:\/\/vertivinies.fr\/\",\"name\":\"Vertivinies\",\"description\":\"\",\"potentialAction\":[{\"@type\":\"SearchAction\",\"target\":{\"@type\":\"EntryPoint\",\"urlTemplate\":\"http:\/\/vertivinies.fr\/?s={search_term_string}\"},\"query-input\":{\"@type\":\"PropertyValueSpecification\",\"valueRequired\":true,\"valueName\":\"search_term_string\"}}],\"inLanguage\":\"fr-FR\"}]}<\/script>\n<!-- \/ Yoast SEO plugin. -->","yoast_head_json":{"title":"Domaine l'Abb\u00e9 D\u00eene | Vertivinies","description":"D\u00e9couvrez le domaine l'Abb\u00e9 D\u00eene pr\u00e9sent au salon Vertivinies, salon du vin organis\u00e9 par l'association Vertivin situ\u00e9e \u00e0 Vertou pr\u00e8s de Nantes (44).","robots":{"index":"index","follow":"follow","max-snippet":"max-snippet:-1","max-image-preview":"max-image-preview:large","max-video-preview":"max-video-preview:-1"},"canonical":"https:\/\/vertivinies.fr\/index.php\/vignerons-salon-vertivinies\/domaine-labbe-dine\/","og_locale":"fr_FR","og_type":"article","og_title":"Domaine l'Abb\u00e9 D\u00eene | Vertivinies","og_description":"D\u00e9couvrez le domaine l'Abb\u00e9 D\u00eene pr\u00e9sent au salon Vertivinies, salon du vin organis\u00e9 par l'association Vertivin situ\u00e9e \u00e0 Vertou pr\u00e8s de Nantes (44).","og_url":"https:\/\/vertivinies.fr\/index.php\/vignerons-salon-vertivinies\/domaine-labbe-dine\/","og_site_name":"Vertivinies","article_publisher":"https:\/\/www.facebook.com\/vertivin","article_modified_time":"2026-02-09T16:48:36+00:00","og_image":[{"width":1773,"height":1182,"url":"https:\/\/vertivinies.fr\/wp-content\/uploads\/2025\/01\/L_abbe-dine-Nathalie-Reynaud.jpg","type":"image\/jpeg"}],"twitter_card":"summary_large_image","twitter_misc":{"Dur\u00e9e de lecture estim\u00e9e":"1 minute"},"schema":{"@context":"https:\/\/schema.org","@graph":[{"@type":"WebPage","@id":"https:\/\/vertivinies.fr\/index.php\/vignerons-salon-vertivinies\/domaine-labbe-dine\/","url":"https:\/\/vertivinies.fr\/index.php\/vignerons-salon-vertivinies\/domaine-labbe-dine\/","name":"Domaine l'Abb\u00e9 D\u00eene | Vertivinies","isPartOf":{"@id":"http:\/\/vertivinies.fr\/#website"},"primaryImageOfPage":{"@id":"https:\/\/vertivinies.fr\/index.php\/vignerons-salon-vertivinies\/domaine-labbe-dine\/#primaryimage"},"image":{"@id":"https:\/\/vertivinies.fr\/index.php\/vignerons-salon-vertivinies\/domaine-labbe-dine\/#primaryimage"},"thumbnailUrl":"https:\/\/vertivinies.fr\/wp-content\/uploads\/2025\/01\/L_abbe-dine-Nathalie-Reynaud.jpg","datePublished":"2023-01-20T21:56:22+00:00","dateModified":"2026-02-09T16:48:36+00:00","description":"D\u00e9couvrez le domaine l'Abb\u00e9 D\u00eene pr\u00e9sent au salon Vertivinies, salon du vin organis\u00e9 par l'association Vertivin situ\u00e9e \u00e0 Vertou pr\u00e8s de Nantes (44).","breadcrumb":{"@id":"https:\/\/vertivinies.fr\/index.php\/vignerons-salon-vertivinies\/domaine-labbe-dine\/#breadcrumb"},"inLanguage":"fr-FR","potentialAction":[{"@type":"ReadAction","target":["https:\/\/vertivinies.fr\/index.php\/vignerons-salon-vertivinies\/domaine-labbe-dine\/"]}]},{"@type":"ImageObject","inLanguage":"fr-FR","@id":"https:\/\/vertivinies.fr\/index.php\/vignerons-salon-vertivinies\/domaine-labbe-dine\/#primaryimage","url":"https:\/\/vertivinies.fr\/wp-content\/uploads\/2025\/01\/L_abbe-dine-Nathalie-Reynaud.jpg","contentUrl":"https:\/\/vertivinies.fr\/wp-content\/uploads\/2025\/01\/L_abbe-dine-Nathalie-Reynaud.jpg","width":1773,"height":1182},{"@type":"BreadcrumbList","@id":"https:\/\/vertivinies.fr\/index.php\/vignerons-salon-vertivinies\/domaine-labbe-dine\/#breadcrumb","itemListElement":[{"@type":"ListItem","position":1,"name":"Accueil","item":"http:\/\/vertivinies.fr\/"},{"@type":"ListItem","position":2,"name":"Les vignerons pr\u00e9sents lors du salon Vertivinies 2026","item":"http:\/\/vertivinies.fr\/index.php\/vignerons-salon-vertivinies\/"},{"@type":"ListItem","position":3,"name":"Domaine l&#8217;Abb\u00e9 D\u00eene"}]},{"@type":"WebSite","@id":"http:\/\/vertivinies.fr\/#website","url":"http:\/\/vertivinies.fr\/","name":"Vertivinies","description":"","potentialAction":[{"@type":"SearchAction","target":{"@type":"EntryPoint","urlTemplate":"http:\/\/vertivinies.fr\/?s={search_term_string}"},"query-input":{"@type":"PropertyValueSpecification","valueRequired":true,"valueName":"search_term_string"}}],"inLanguage":"fr-FR"}]}},"_links":{"self":[{"href":"https:\/\/vertivinies.fr\/index.php\/wp-json\/wp\/v2\/pages\/1549","targetHints":{"allow":["GET"]}}],"collection":[{"href":"https:\/\/vertivinies.fr\/index.php\/wp-json\/wp\/v2\/pages"}],"about":[{"href":"https:\/\/vertivinies.fr\/index.php\/wp-json\/wp\/v2\/types\/page"}],"author":[{"embeddable":true,"href":"https:\/\/vertivinies.fr\/index.php\/wp-json\/wp\/v2\/users\/1"}],"replies":[{"embeddable":true,"href":"https:\/\/vertivinies.fr\/index.php\/wp-json\/wp\/v2\/comments?post=1549"}],"version-history":[{"count":16,"href":"https:\/\/vertivinies.fr\/index.php\/wp-json\/wp\/v2\/pages\/1549\/revisions"}],"predecessor-version":[{"id":2268,"href":"https:\/\/vertivinies.fr\/index.php\/wp-json\/wp\/v2\/pages\/1549\/revisions\/2268"}],"up":[{"embeddable":true,"href":"https:\/\/vertivinies.fr\/index.php\/wp-json\/wp\/v2\/pages\/136"}],"wp:featuredmedia":[{"embeddable":true,"href":"https:\/\/vertivinies.fr\/index.php\/wp-json\/wp\/v2\/media\/1737"}],"wp:attachment":[{"href":"https:\/\/vertivinies.fr\/index.php\/wp-json\/wp\/v2\/media?parent=1549"}],"wp:term":[{"taxonomy":"category","embeddable":true,"href":"https:\/\/vertivinies.fr\/index.php\/wp-json\/wp\/v2\/categories?post=1549"},{"taxonomy":"post_tag","embeddable":true,"href":"https:\/\/vertivinies.fr\/index.php\/wp-json\/wp\/v2\/tags?post=1549"}],"curies":[{"name":"wp","href":"https:\/\/api.w.org\/{rel}","templated":true}]}}