{"id":1765,"date":"2025-01-26T20:16:45","date_gmt":"2025-01-26T19:16:45","guid":{"rendered":"https:\/\/vertivinies.fr\/?page_id=1765"},"modified":"2026-02-10T17:28:02","modified_gmt":"2026-02-10T16:28:02","slug":"domaine-bergerie","status":"publish","type":"page","link":"https:\/\/vertivinies.fr\/index.php\/vignerons-salon-vertivinies\/domaine-bergerie\/","title":{"rendered":"Domaine de la Bergerie"},"content":{"rendered":"<p><span class=\"vign_thumb_txt\"><span style=\"vertical-align: inherit;\"><span style=\"vertical-align: inherit;\"><span style=\"vertical-align: inherit;\"><span style=\"vertical-align: inherit;\"><span style=\"vertical-align: inherit;\"><span style=\"vertical-align: inherit;\">Anne et Marie Gu\u00e9gniard<\/span><\/span><\/span><\/span><\/span><\/span><\/span><!--more--><span style=\"vertical-align: inherit;\"><span style=\"vertical-align: inherit;\"><span style=\"vertical-align: inherit;\"><span style=\"vertical-align: inherit;\"><span style=\"vertical-align: inherit;\"><span style=\"vertical-align: inherit;\"> \r\n    <div class=\"vign_big_bloc\">\r\n        <div class=\"vign_ss_titre\">Anne et Marie Gu\u00e9gniard<\/div>\r\n        <div class=\"vign_bloc_img\">\r\n            <img loading=\"lazy\" decoding=\"async\" src=\"http:\/\/vertivinies.fr\/wp-content\/uploads\/2025\/01\/La-Bergerie.jpg\" alt=\"\" title=\"\" width=\"578\" height=\"385\" \/>\r\n        <\/div>\r\n\r\n        <div class=\"vign_bloc_param\">\r\n            <p class=\"vign_params\">\r\n                <span class=\"vign_param_titre\">Appellations<\/span><br \/>\r\n                Savenni\u00e8res \/ Anjou Blanc \/ Anjou-Villages<br \/>\r\nQuarts de Chaume Grand Cru \/ Coteaux du Layon 1er Cru Chaume<br \/>\r\nIGP Val de Loire \/ Cabernet d\u2019Anjou \/ Anjou-Villages\r\n                <br \/>\r\n                <span class=\"vign_param_titre\">C\u00e9pages<\/span><br \/>\r\n                Chenin, Cabernet Franc, Cabernet Sauvignon, Grolleau, Pineau d\u2019Aunis, Gamay\r\n                <br \/>\r\n                <span class=\"vign_param_titre\">Superficie<\/span><br \/>\r\n                28 ha (9 en Rouge, 19 en Blanc)\r\n                <br \/>\r\n                <span class=\"vign_param_titre\">Culture<\/span><br \/>\r\n                Agriculture biologique, en Certification bio depuis 2016\r\n                <br \/>\r\n                <span class=\"vign_param_titre\">R\u00e9compenses et Mentions<\/span><br \/>\r\n                RVF - Guide Bettane+Dessauve\r\n            <\/p>\r\n        <\/div>\r\n    <\/div>\r\n\r\n    <div class=\"vign_bloc_txt\">\r\n        <span style=\"font-size: 24px; color: #b70505;font-weight:bold\">PRESENTATION<\/span><br \/>\r\n<br \/>\r\nLe Domaine de la Bergerie est dans la famille Gu\u00e9gniard depuis 1961. Ils produisaient \u00e0 l\u2019\u00e9poque principalement des blancs moelleux.<br \/>\r\n<br \/>\r\nYves et Marie-Annick Gu\u00e9gniard agrandissent le domaine. Dans les ann\u00e9es 80, ils ach\u00e8tent \u00e0 Rochefort sur Loire des parcelles en AOC Quarts-de-Chaume Grand cru, et Coteaux du Layon 1er cru. Ils produisent  aussi plus de blancs secs, pour r\u00e9pondre au besoin d\u2019une client\u00e8le d\u2019h\u00f4teliers - restaurateurs, et vendent \u00e0 Paris et aux Etats-Unis. Yves devient le pr\u00e9sident de l\u2019AOC Anjou Blanc.<br \/>\r\n<br \/>\r\nLa nouvelle g\u00e9n\u00e9ration prend le relais au domaine, avec l\u2019arriv\u00e9e d\u2019 Anne en 2007, rejointe par sa s\u0153ur Marie en 2018. La conversion du domaine en agriculture biologique d\u00e9marr\u00e9e en 2013 est certifi\u00e9e en 2016. Le style des vins a chang\u00e9 en douceur avec l\u2019\u00e9laboration de blancs secs sur des terroirs de liquoreux, avec Zerzilles  \u00e0 Chaume, et Vauchaumier en Coteaux du Layon.<br \/>\r\n<br \/>\r\n<span style=\"font-weight:bold\">Le domaine de la Bergerie est un des domaines que nous appr\u00e9cions particuli\u00e8rement.<\/span> C'est un des premiers auxquels Vertivin est all\u00e9 rendre visite en 2008. <br \/>\r\nDepuis le domaine ne d\u00e9\u00e7oit pas, et gagne chaque ann\u00e9e un peu plus en reconnaissance, en France comme \u00e0 l'\u00e9tranger. On peut consid\u00e9rer qu'il <span style=\"font-weight:bold\">fait aujourd'hui partie des tout meilleurs domaines en Anjou. Les critiques sont dithyrambiques sur les vins du domaine (voir \"r\u00e9compenses et mentions\" plus haut)<\/span><br \/>\r\nL\u2019Anjou Blanc, Zerzilles 2017 du domaine a \u00e9t\u00e9 encore une fois tr\u00e8s bien not\u00e9 en d\u00e9gustation \u00e0 l\u2019aveugle, parmi 10 vins Anjou blanc en comp\u00e9tition.<br \/>\r\n<br \/>\r\n<span style=\"font-weight:bold\">Distinctions : <\/span><br \/>\r\n- RVF 2025<br \/>\r\n&nbsp;&nbsp;&nbsp;* Anjou Zerzilles 2021 92\/100 <br \/>\r\n&nbsp;&nbsp;&nbsp;* Anjou Les Pierres Girard 2021 89\/100<br \/>\r\n&nbsp;&nbsp;&nbsp;* Cuv\u00e9e M\u00e9tamorphisme (Pineau d'Aunis) 2022 88\/100<br \/>\r\n&nbsp;&nbsp;&nbsp;* Cr\u00e9mant de Loire (cit\u00e9)<br \/>\r\n- Guide Vert RFV 2026 : <br \/>\r\n&nbsp;&nbsp;&nbsp;* Domaine cit\u00e9<br \/>\r\n&nbsp;&nbsp;&nbsp;* Cuv\u00e9e M\u00e9tamorphisme (Pineau d'Aunis) 2023 90\/100<br \/>\r\n- Guide Vert RFV 2024 : <br \/>\r\n&nbsp;&nbsp;&nbsp;* Cuv\u00e9e Quarts de Chaume grand cru 2018 91\/100<br \/>\r\n- Bettane et Desseauve 2026 : <br \/>\r\n&nbsp;&nbsp;&nbsp;* Domaine cit\u00e9<br \/>\r\n<br \/>\r\n<a href=\" https:\/\/www.facebook.com\/profile.php?id=100050317465773\"><img loading=\"lazy\" decoding=\"async\" class=\"alignleft size-thumbnail wp-image-237\" src=\"http:\/\/vertivinies.fr\/wp-content\/uploads\/2025\/01\/Logo-facebook-rond.jpg\" alt=\"Logo facebook compos\u00e9 de la lettre F blanc dans un carr\u00e9 bleu\" width=\"60\" height=\"60\" \/><\/a> <a href=\" https:\/\/www.instagram.com\/domaine_de_la_bergerie\/\"><img loading=\"lazy\" decoding=\"async\" class=\"alignleft size-thumbnail wp-image-237\" src=\"http:\/\/vertivinies.fr\/wp-content\/uploads\/2025\/01\/Logo-instagram-rond.jpg\" alt=\"Logo facebook compos\u00e9 de la lettre F blanc dans un carr\u00e9 bleu\" width=\"60\" height=\"60\" \/><\/a>\r\n        <div class=\"vign_bloc_txt_fin\">\r\n            Une cave tr\u00e8s bio et aussi un restaurant tr\u00e8s r\u00e9put\u00e9 (1 \u00e9toile Michelin), une r\u00e9f\u00e9rence de la gastronomie en r\u00e9gion Angevine\r\n            <br \/>\r\n            <div class=\"vign_bloc_event\"><a href=\"https:\/\/www.facebook.com\/Vertivin-171297996346118\/\"><img loading=\"lazy\" decoding=\"async\" src=\"\/wp-content\/uploads\/facebook-evenement.jpg\" width=\"150\" height=\"49\" alt=\"Tous les \u00e9v\u00e8nements \u00e0 venir\" title=\"Tous les \u00e9v\u00e8nements \u00e0 venir\" \/><\/a><\/div>\r\n        <\/div>\r\n    <\/div>\r\n    <div class=\"vign_lienindex\">\r\n        <span class=\"vign_lienprev\"><a href=https:\/\/vertivinies.fr\/index.php\/vignerons-salon-vertivinies\/domaine-plaisance-peynavayre\/><< Vigneron pr\u00e9c\u00e9dent >><\/a><\/span>  <span class=\"vign_liennext\"><a href=https:\/\/vertivinies.fr\/index.php\/vignerons-salon-vertivinies\/domaine-ferme-confluences\/><< Vigneron suivant >><\/a><\/span>\r\n    <\/div>\r\n    <\/span><\/span><\/span><\/span><\/span><\/span><\/p>\n","protected":false},"excerpt":{"rendered":"<p>Anne et Marie Gu\u00e9gniard<\/p>\n","protected":false},"author":1,"featured_media":1740,"parent":136,"menu_order":0,"comment_status":"closed","ping_status":"closed","template":"","meta":{"_acf_changed":false,"footnotes":""},"categories":[12],"tags":[],"class_list":["post-1765","page","type-page","status-publish","has-post-thumbnail","hentry","category-vignerons"],"acf":[],"yoast_head":"<!-- This site is optimized with the Yoast SEO plugin v27.1.1 - https:\/\/yoast.com\/product\/yoast-seo-wordpress\/ -->\n<title>Domaine de la Bergerie : Les vignerons du salon du vin &quot;Vertivinies&quot; (44)<\/title>\n<meta name=\"description\" content=\"D\u00e9couvrez le domaine de la Bergerie pr\u00e9sent au salon Vertivinies, salon du vin organis\u00e9 par l&#039;association Vertivin situ\u00e9e \u00e0 Vertou pr\u00e8s de Nantes (44).\" \/>\n<meta name=\"robots\" content=\"index, follow, max-snippet:-1, max-image-preview:large, max-video-preview:-1\" \/>\n<link rel=\"canonical\" href=\"https:\/\/vertivinies.fr\/index.php\/vignerons-salon-vertivinies\/domaine-bergerie\/\" \/>\n<meta property=\"og:locale\" content=\"fr_FR\" \/>\n<meta property=\"og:type\" content=\"article\" \/>\n<meta property=\"og:title\" content=\"Domaine de la Bergerie : Les vignerons du salon du vin &quot;Vertivinies&quot; (44)\" \/>\n<meta property=\"og:description\" content=\"D\u00e9couvrez le domaine de la Bergerie pr\u00e9sent au salon Vertivinies, salon du vin organis\u00e9 par l&#039;association Vertivin situ\u00e9e \u00e0 Vertou pr\u00e8s de Nantes (44).\" \/>\n<meta property=\"og:url\" content=\"https:\/\/vertivinies.fr\/index.php\/vignerons-salon-vertivinies\/domaine-bergerie\/\" \/>\n<meta property=\"og:site_name\" content=\"Vertivinies\" \/>\n<meta property=\"article:publisher\" content=\"https:\/\/www.facebook.com\/vertivin\" \/>\n<meta property=\"article:modified_time\" content=\"2026-02-10T16:28:02+00:00\" \/>\n<meta property=\"og:image\" content=\"https:\/\/vertivinies.fr\/wp-content\/uploads\/2025\/01\/La-Bergerie.jpg\" \/>\n\t<meta property=\"og:image:width\" content=\"2135\" \/>\n\t<meta property=\"og:image:height\" content=\"1361\" \/>\n\t<meta property=\"og:image:type\" content=\"image\/jpeg\" \/>\n<meta name=\"twitter:card\" content=\"summary_large_image\" \/>\n<meta name=\"twitter:label1\" content=\"Dur\u00e9e de lecture estim\u00e9e\" \/>\n\t<meta name=\"twitter:data1\" content=\"1 minute\" \/>\n<script type=\"application\/ld+json\" class=\"yoast-schema-graph\">{\"@context\":\"https:\/\/schema.org\",\"@graph\":[{\"@type\":\"WebPage\",\"@id\":\"https:\/\/vertivinies.fr\/index.php\/vignerons-salon-vertivinies\/domaine-bergerie\/\",\"url\":\"https:\/\/vertivinies.fr\/index.php\/vignerons-salon-vertivinies\/domaine-bergerie\/\",\"name\":\"Domaine de la Bergerie : Les vignerons du salon du vin \\\"Vertivinies\\\" (44)\",\"isPartOf\":{\"@id\":\"https:\/\/vertivinies.fr\/#website\"},\"primaryImageOfPage\":{\"@id\":\"https:\/\/vertivinies.fr\/index.php\/vignerons-salon-vertivinies\/domaine-bergerie\/#primaryimage\"},\"image\":{\"@id\":\"https:\/\/vertivinies.fr\/index.php\/vignerons-salon-vertivinies\/domaine-bergerie\/#primaryimage\"},\"thumbnailUrl\":\"https:\/\/vertivinies.fr\/wp-content\/uploads\/2025\/01\/La-Bergerie.jpg\",\"datePublished\":\"2025-01-26T19:16:45+00:00\",\"dateModified\":\"2026-02-10T16:28:02+00:00\",\"description\":\"D\u00e9couvrez le domaine de la Bergerie pr\u00e9sent au salon Vertivinies, salon du vin organis\u00e9 par l'association Vertivin situ\u00e9e \u00e0 Vertou pr\u00e8s de Nantes (44).\",\"breadcrumb\":{\"@id\":\"https:\/\/vertivinies.fr\/index.php\/vignerons-salon-vertivinies\/domaine-bergerie\/#breadcrumb\"},\"inLanguage\":\"fr-FR\",\"potentialAction\":[{\"@type\":\"ReadAction\",\"target\":[\"https:\/\/vertivinies.fr\/index.php\/vignerons-salon-vertivinies\/domaine-bergerie\/\"]}]},{\"@type\":\"ImageObject\",\"inLanguage\":\"fr-FR\",\"@id\":\"https:\/\/vertivinies.fr\/index.php\/vignerons-salon-vertivinies\/domaine-bergerie\/#primaryimage\",\"url\":\"https:\/\/vertivinies.fr\/wp-content\/uploads\/2025\/01\/La-Bergerie.jpg\",\"contentUrl\":\"https:\/\/vertivinies.fr\/wp-content\/uploads\/2025\/01\/La-Bergerie.jpg\",\"width\":2135,\"height\":1361},{\"@type\":\"BreadcrumbList\",\"@id\":\"https:\/\/vertivinies.fr\/index.php\/vignerons-salon-vertivinies\/domaine-bergerie\/#breadcrumb\",\"itemListElement\":[{\"@type\":\"ListItem\",\"position\":1,\"name\":\"Accueil\",\"item\":\"https:\/\/vertivinies.fr\/\"},{\"@type\":\"ListItem\",\"position\":2,\"name\":\"Les vignerons pr\u00e9sents lors du salon Vertivinies 2026\",\"item\":\"https:\/\/vertivinies.fr\/index.php\/vignerons-salon-vertivinies\/\"},{\"@type\":\"ListItem\",\"position\":3,\"name\":\"Domaine de la Bergerie\"}]},{\"@type\":\"WebSite\",\"@id\":\"https:\/\/vertivinies.fr\/#website\",\"url\":\"https:\/\/vertivinies.fr\/\",\"name\":\"Vertivinies\",\"description\":\"\",\"potentialAction\":[{\"@type\":\"SearchAction\",\"target\":{\"@type\":\"EntryPoint\",\"urlTemplate\":\"https:\/\/vertivinies.fr\/?s={search_term_string}\"},\"query-input\":{\"@type\":\"PropertyValueSpecification\",\"valueRequired\":true,\"valueName\":\"search_term_string\"}}],\"inLanguage\":\"fr-FR\"}]}<\/script>\n<!-- \/ Yoast SEO plugin. -->","yoast_head_json":{"title":"Domaine de la Bergerie : Les vignerons du salon du vin \"Vertivinies\" (44)","description":"D\u00e9couvrez le domaine de la Bergerie pr\u00e9sent au salon Vertivinies, salon du vin organis\u00e9 par l'association Vertivin situ\u00e9e \u00e0 Vertou pr\u00e8s de Nantes (44).","robots":{"index":"index","follow":"follow","max-snippet":"max-snippet:-1","max-image-preview":"max-image-preview:large","max-video-preview":"max-video-preview:-1"},"canonical":"https:\/\/vertivinies.fr\/index.php\/vignerons-salon-vertivinies\/domaine-bergerie\/","og_locale":"fr_FR","og_type":"article","og_title":"Domaine de la Bergerie : Les vignerons du salon du vin \"Vertivinies\" (44)","og_description":"D\u00e9couvrez le domaine de la Bergerie pr\u00e9sent au salon Vertivinies, salon du vin organis\u00e9 par l'association Vertivin situ\u00e9e \u00e0 Vertou pr\u00e8s de Nantes (44).","og_url":"https:\/\/vertivinies.fr\/index.php\/vignerons-salon-vertivinies\/domaine-bergerie\/","og_site_name":"Vertivinies","article_publisher":"https:\/\/www.facebook.com\/vertivin","article_modified_time":"2026-02-10T16:28:02+00:00","og_image":[{"width":2135,"height":1361,"url":"https:\/\/vertivinies.fr\/wp-content\/uploads\/2025\/01\/La-Bergerie.jpg","type":"image\/jpeg"}],"twitter_card":"summary_large_image","twitter_misc":{"Dur\u00e9e de lecture estim\u00e9e":"1 minute"},"schema":{"@context":"https:\/\/schema.org","@graph":[{"@type":"WebPage","@id":"https:\/\/vertivinies.fr\/index.php\/vignerons-salon-vertivinies\/domaine-bergerie\/","url":"https:\/\/vertivinies.fr\/index.php\/vignerons-salon-vertivinies\/domaine-bergerie\/","name":"Domaine de la Bergerie : Les vignerons du salon du vin \"Vertivinies\" (44)","isPartOf":{"@id":"https:\/\/vertivinies.fr\/#website"},"primaryImageOfPage":{"@id":"https:\/\/vertivinies.fr\/index.php\/vignerons-salon-vertivinies\/domaine-bergerie\/#primaryimage"},"image":{"@id":"https:\/\/vertivinies.fr\/index.php\/vignerons-salon-vertivinies\/domaine-bergerie\/#primaryimage"},"thumbnailUrl":"https:\/\/vertivinies.fr\/wp-content\/uploads\/2025\/01\/La-Bergerie.jpg","datePublished":"2025-01-26T19:16:45+00:00","dateModified":"2026-02-10T16:28:02+00:00","description":"D\u00e9couvrez le domaine de la Bergerie pr\u00e9sent au salon Vertivinies, salon du vin organis\u00e9 par l'association Vertivin situ\u00e9e \u00e0 Vertou pr\u00e8s de Nantes (44).","breadcrumb":{"@id":"https:\/\/vertivinies.fr\/index.php\/vignerons-salon-vertivinies\/domaine-bergerie\/#breadcrumb"},"inLanguage":"fr-FR","potentialAction":[{"@type":"ReadAction","target":["https:\/\/vertivinies.fr\/index.php\/vignerons-salon-vertivinies\/domaine-bergerie\/"]}]},{"@type":"ImageObject","inLanguage":"fr-FR","@id":"https:\/\/vertivinies.fr\/index.php\/vignerons-salon-vertivinies\/domaine-bergerie\/#primaryimage","url":"https:\/\/vertivinies.fr\/wp-content\/uploads\/2025\/01\/La-Bergerie.jpg","contentUrl":"https:\/\/vertivinies.fr\/wp-content\/uploads\/2025\/01\/La-Bergerie.jpg","width":2135,"height":1361},{"@type":"BreadcrumbList","@id":"https:\/\/vertivinies.fr\/index.php\/vignerons-salon-vertivinies\/domaine-bergerie\/#breadcrumb","itemListElement":[{"@type":"ListItem","position":1,"name":"Accueil","item":"https:\/\/vertivinies.fr\/"},{"@type":"ListItem","position":2,"name":"Les vignerons pr\u00e9sents lors du salon Vertivinies 2026","item":"https:\/\/vertivinies.fr\/index.php\/vignerons-salon-vertivinies\/"},{"@type":"ListItem","position":3,"name":"Domaine de la Bergerie"}]},{"@type":"WebSite","@id":"https:\/\/vertivinies.fr\/#website","url":"https:\/\/vertivinies.fr\/","name":"Vertivinies","description":"","potentialAction":[{"@type":"SearchAction","target":{"@type":"EntryPoint","urlTemplate":"https:\/\/vertivinies.fr\/?s={search_term_string}"},"query-input":{"@type":"PropertyValueSpecification","valueRequired":true,"valueName":"search_term_string"}}],"inLanguage":"fr-FR"}]}},"_links":{"self":[{"href":"https:\/\/vertivinies.fr\/index.php\/wp-json\/wp\/v2\/pages\/1765","targetHints":{"allow":["GET"]}}],"collection":[{"href":"https:\/\/vertivinies.fr\/index.php\/wp-json\/wp\/v2\/pages"}],"about":[{"href":"https:\/\/vertivinies.fr\/index.php\/wp-json\/wp\/v2\/types\/page"}],"author":[{"embeddable":true,"href":"https:\/\/vertivinies.fr\/index.php\/wp-json\/wp\/v2\/users\/1"}],"replies":[{"embeddable":true,"href":"https:\/\/vertivinies.fr\/index.php\/wp-json\/wp\/v2\/comments?post=1765"}],"version-history":[{"count":15,"href":"https:\/\/vertivinies.fr\/index.php\/wp-json\/wp\/v2\/pages\/1765\/revisions"}],"predecessor-version":[{"id":2274,"href":"https:\/\/vertivinies.fr\/index.php\/wp-json\/wp\/v2\/pages\/1765\/revisions\/2274"}],"up":[{"embeddable":true,"href":"https:\/\/vertivinies.fr\/index.php\/wp-json\/wp\/v2\/pages\/136"}],"wp:featuredmedia":[{"embeddable":true,"href":"https:\/\/vertivinies.fr\/index.php\/wp-json\/wp\/v2\/media\/1740"}],"wp:attachment":[{"href":"https:\/\/vertivinies.fr\/index.php\/wp-json\/wp\/v2\/media?parent=1765"}],"wp:term":[{"taxonomy":"category","embeddable":true,"href":"https:\/\/vertivinies.fr\/index.php\/wp-json\/wp\/v2\/categories?post=1765"},{"taxonomy":"post_tag","embeddable":true,"href":"https:\/\/vertivinies.fr\/index.php\/wp-json\/wp\/v2\/tags?post=1765"}],"curies":[{"name":"wp","href":"https:\/\/api.w.org\/{rel}","templated":true}]}}