{"id":1825,"date":"2025-01-27T22:49:43","date_gmt":"2025-01-27T21:49:43","guid":{"rendered":"https:\/\/vertivinies.fr\/?page_id=1825"},"modified":"2026-02-10T17:42:55","modified_gmt":"2026-02-10T16:42:55","slug":"domaine-balansa","status":"publish","type":"page","link":"https:\/\/vertivinies.fr\/index.php\/vignerons-salon-vertivinies\/domaine-balansa\/","title":{"rendered":"Domaine Balansa"},"content":{"rendered":"<p>C\u00e9line Peyre et Alexandre Gressent<br \/>\n<!--more--><span style=\"vertical-align: inherit;\"><span style=\"vertical-align: inherit;\"><span style=\"vertical-align: inherit;\"><span style=\"vertical-align: inherit;\"><span style=\"vertical-align: inherit;\"><span style=\"vertical-align: inherit;\"> \r\n    <div class=\"vign_big_bloc\">\r\n        <div class=\"vign_ss_titre\">C\u00e9line Peyre et Alexandre Gressent<\/div>\r\n        <div class=\"vign_bloc_img\">\r\n            <img loading=\"lazy\" decoding=\"async\" src=\"http:\/\/vertivinies.fr\/wp-content\/uploads\/2025\/01\/Balansa-scaled.jpeg\" alt=\"\" title=\"\" width=\"578\" height=\"385\" \/>\r\n        <\/div>\r\n\r\n        <div class=\"vign_bloc_param\">\r\n            <p class=\"vign_params\">\r\n                <span class=\"vign_param_titre\">Appellations<\/span><br \/>\r\n                Fitou \/ Vin de France\r\n                <br \/>\r\n                <span class=\"vign_param_titre\">C\u00e9pages<\/span><br \/>\r\n                Vin blanc : grenache blanc et gris, carignan blanc et gris, xarello et rolle, viognier, muscat petits grains Vin rouge :  lledoner pelut, grenache noir, carignan, syrah  Vin ros\u00e9 : grenache noir, syrah\r\n                <br \/>\r\n                <span class=\"vign_param_titre\">Superficie<\/span><br \/>\r\n                14 ha\r\n                <br \/>\r\n                <span class=\"vign_param_titre\">Culture<\/span><br \/>\r\n                Agriculture bio-dynamique Certification bio et demeter\r\n                <br \/>\r\n                <span class=\"vign_param_titre\">R\u00e9compenses et Mentions<\/span><br \/>\r\n                Le Rouge & le Blanc - RVF - Guide Hachette\r\n            <\/p>\r\n        <\/div>\r\n    <\/div>\r\n\r\n    <div class=\"vign_bloc_txt\">\r\n        <hr><br \/>\r\n<span style=\"font-size: 24px; color: #b70505;font-weight:bold\">PRESENTATION<\/span><br \/>\r\n<br \/>\r\nAlexandre Gressent et C\u00e9line Peyre cultivent 14Ha de vieilles vignes plant\u00e9es sur les coteaux des Hautes-Corbi\u00e8res sur un terroir caract\u00e9ris\u00e9 par des sols schisteux situ\u00e9s sur les coteaux \u00e0 une altitude de 140 \u00e0 280 m et entour\u00e9s de garrigues et de maquis. <br \/>\r\nIls produisent en biodynamie des vins fins en utilisant des pratiques respectueuses de l\u2019environnement tout en s\u2019effor\u00e7ant d\u2019offrir <span style=\"font-weight:bold\">un reflet fid\u00e8le du terroir unique et inestimable des Hautes Corbi\u00e8res<\/span>. Ils font du pr\u00e9ventif avec toutes sortes de pr\u00e9parations (purin, infusions, ...). Leurs vins tr\u00e8s nature sont certifi\u00e9s bio et Demeter.<br \/>\r\nIls ont diversifi\u00e9 les c\u00e9pages, plant\u00e9 et sur greff\u00e9 des c\u00e9pages r\u00e9sistants \u00e0 la s\u00e9cheresse : Cinsault, Rolle , \u2026 et des c\u00e9pages qui les inspirent : Xarello, Carignan Blanc, ...  <br \/>\r\nNous avons go\u00fbt\u00e9 et appr\u00e9ci\u00e9 3 \u00e9chantillons de leur production, <span style=\"font-weight:bold\">des vins tr\u00e8s expressifs et tr\u00e8s gourmands, \u00e9tonnant de naturel bien ma\u00eetris\u00e9<\/span>.<br \/>\r\n<br \/>\r\nCoumes de Mali\u00e8s : blanc en assemblages de Grenache gris et blanc, Carignan gris et blanc, Viognier, Rolle. Vrai joli vin du sud. Tr\u00e8s bien.<br \/>\r\nPech de Rozi\u00e8s : ros\u00e9 de grenache et syrah en pressurage direct. Bouche riche, dense l\u00e9ger amer et compact.<br \/>\r\nLa Vinhota : 70% Lledoner Pelut et 30% Grenache noire. Nez intense sur le fruit noir et rouge. Expressif et gourmand.<br \/>\r\nLa cuv\u00e9e Can del Rey 2019 a par ailleurs gagn\u00e9 la d\u00e9gustation Vertivin d\u00e9di\u00e9 \u00e0 l'AOC Fitou.<br \/>\r\n<br \/>\r\n<span style=\"font-weight:bold\">Distinctions : <\/span><br \/>\r\n- Guide Hachette 2020<br \/>\r\n&nbsp;&nbsp;&nbsp;* Cuv\u00e9e Bel soula 2017 cit\u00e9e<br \/>\r\n- RVF<br \/>\r\n&nbsp;&nbsp;&nbsp;* Cuv\u00e9es Versicolore & Coume de Malies cit\u00e9es dans la RVF 2024<br \/>\r\n- Le rouge & le blanc<br \/>\r\n&nbsp;&nbsp;&nbsp;* n\u00b0 146 Automne 2022 \u00ab AOC Fitou \u00bb D\u00e9j\u00e0 cit\u00e9 dans l\u2019article \u00ab Corbi\u00e8res \u00bb du n\u00b0 143, \"A. Gressent et C. Peyre confirment le tr\u00e8s haut niveau des vins du domaine Balansa\"<br \/>\r\n<br \/>\r\n<a href=\" https:\/\/www.facebook.com\/domainebalansa\"><img loading=\"lazy\" decoding=\"async\" class=\"alignleft size-thumbnail wp-image-237\" src=\"http:\/\/vertivinies.fr\/wp-content\/uploads\/2025\/01\/Logo-facebook-rond.jpg\" alt=\"Logo facebook compos\u00e9 de la lettre F blanc dans un carr\u00e9 bleu\" width=\"60\" height=\"60\" \/><\/a> <a href=\" https:\/\/www.instagram.com\/domainebalansa\/\"><img loading=\"lazy\" decoding=\"async\" class=\"alignleft size-thumbnail wp-image-237\" src=\"http:\/\/vertivinies.fr\/wp-content\/uploads\/2025\/01\/Logo-instagram-rond.jpg\" alt=\"Logo facebook compos\u00e9 de la lettre F blanc dans un carr\u00e9 bleu\" width=\"60\" height=\"60\" \/><\/a>\r\n        <div class=\"vign_bloc_txt_fin\">\r\n            \u00ab Apporter du fruit, de la fra\u00eecheur, mais aussi du relief, de la mati\u00e8re et de l\u2019expression \u00bb\r\n            <br \/>\r\n            <div class=\"vign_bloc_event\"><a href=\"https:\/\/www.facebook.com\/Vertivin-171297996346118\/\"><img loading=\"lazy\" decoding=\"async\" src=\"\/wp-content\/uploads\/facebook-evenement.jpg\" width=\"150\" height=\"49\" alt=\"Tous les \u00e9v\u00e8nements \u00e0 venir\" title=\"Tous les \u00e9v\u00e8nements \u00e0 venir\" \/><\/a><\/div>\r\n        <\/div>\r\n    <\/div>\r\n    <div class=\"vign_lienindex\">\r\n        <span class=\"vign_lienprev\"><a href=https:\/\/vertivinies.fr\/index.php\/vignerons-salon-vertivinies\/domaine-chateau-romanin\/><< Vigneron pr\u00e9c\u00e9dent >><\/a><\/span>  <span class=\"vign_liennext\"><a href=https:\/\/vertivinies.fr\/index.php\/vignerons-salon-vertivinies\/domaine-al-chatillon\/><< Vigneron suivant >><\/a><\/span>\r\n    <\/div>\r\n    <\/span><\/span><\/span><\/span><\/span><\/span><\/p>\n","protected":false},"excerpt":{"rendered":"<p>C\u00e9line Peyre et Alexandre Gressent<\/p>\n","protected":false},"author":1,"featured_media":1728,"parent":136,"menu_order":0,"comment_status":"closed","ping_status":"closed","template":"","meta":{"_acf_changed":false,"footnotes":""},"categories":[12],"tags":[],"class_list":["post-1825","page","type-page","status-publish","has-post-thumbnail","hentry","category-vignerons"],"acf":[],"yoast_head":"<!-- This site is optimized with the Yoast SEO plugin v27.1.1 - https:\/\/yoast.com\/product\/yoast-seo-wordpress\/ -->\n<title>Domaine Balansa : Les vignerons du salon du vin &quot;Vertivinies&quot; (44)<\/title>\n<meta name=\"description\" content=\"D\u00e9couvrez le Domaine Balansa pr\u00e9sent au salon Vertivinies, salon du vin organis\u00e9 par l&#039;association Vertivin situ\u00e9e \u00e0 Vertou pr\u00e8s de Nantes (44).\" \/>\n<meta name=\"robots\" content=\"index, follow, max-snippet:-1, max-image-preview:large, max-video-preview:-1\" \/>\n<link rel=\"canonical\" href=\"http:\/\/vertivinies.fr\/index.php\/vignerons-salon-vertivinies\/domaine-balansa\/\" \/>\n<meta property=\"og:locale\" content=\"fr_FR\" \/>\n<meta property=\"og:type\" content=\"article\" \/>\n<meta property=\"og:title\" content=\"Domaine Balansa : Les vignerons du salon du vin &quot;Vertivinies&quot; (44)\" \/>\n<meta property=\"og:description\" content=\"D\u00e9couvrez le Domaine Balansa pr\u00e9sent au salon Vertivinies, salon du vin organis\u00e9 par l&#039;association Vertivin situ\u00e9e \u00e0 Vertou pr\u00e8s de Nantes (44).\" \/>\n<meta property=\"og:url\" content=\"http:\/\/vertivinies.fr\/index.php\/vignerons-salon-vertivinies\/domaine-balansa\/\" \/>\n<meta property=\"og:site_name\" content=\"Vertivinies\" \/>\n<meta property=\"article:publisher\" content=\"https:\/\/www.facebook.com\/vertivin\" \/>\n<meta property=\"article:modified_time\" content=\"2026-02-10T16:42:55+00:00\" \/>\n<meta property=\"og:image\" content=\"http:\/\/vertivinies.fr\/wp-content\/uploads\/2025\/01\/Balansa-scaled.jpeg\" \/>\n\t<meta property=\"og:image:width\" content=\"2560\" \/>\n\t<meta property=\"og:image:height\" content=\"1844\" \/>\n\t<meta property=\"og:image:type\" content=\"image\/jpeg\" \/>\n<meta name=\"twitter:card\" content=\"summary_large_image\" \/>\n<meta name=\"twitter:label1\" content=\"Dur\u00e9e de lecture estim\u00e9e\" \/>\n\t<meta name=\"twitter:data1\" content=\"1 minute\" \/>\n<script type=\"application\/ld+json\" class=\"yoast-schema-graph\">{\"@context\":\"https:\/\/schema.org\",\"@graph\":[{\"@type\":\"WebPage\",\"@id\":\"http:\/\/vertivinies.fr\/index.php\/vignerons-salon-vertivinies\/domaine-balansa\/\",\"url\":\"http:\/\/vertivinies.fr\/index.php\/vignerons-salon-vertivinies\/domaine-balansa\/\",\"name\":\"Domaine Balansa : Les vignerons du salon du vin \\\"Vertivinies\\\" (44)\",\"isPartOf\":{\"@id\":\"https:\/\/vertivinies.fr\/#website\"},\"primaryImageOfPage\":{\"@id\":\"http:\/\/vertivinies.fr\/index.php\/vignerons-salon-vertivinies\/domaine-balansa\/#primaryimage\"},\"image\":{\"@id\":\"http:\/\/vertivinies.fr\/index.php\/vignerons-salon-vertivinies\/domaine-balansa\/#primaryimage\"},\"thumbnailUrl\":\"https:\/\/vertivinies.fr\/wp-content\/uploads\/2025\/01\/Balansa-scaled.jpeg\",\"datePublished\":\"2025-01-27T21:49:43+00:00\",\"dateModified\":\"2026-02-10T16:42:55+00:00\",\"description\":\"D\u00e9couvrez le Domaine Balansa pr\u00e9sent au salon Vertivinies, salon du vin organis\u00e9 par l'association Vertivin situ\u00e9e \u00e0 Vertou pr\u00e8s de Nantes (44).\",\"breadcrumb\":{\"@id\":\"http:\/\/vertivinies.fr\/index.php\/vignerons-salon-vertivinies\/domaine-balansa\/#breadcrumb\"},\"inLanguage\":\"fr-FR\",\"potentialAction\":[{\"@type\":\"ReadAction\",\"target\":[\"http:\/\/vertivinies.fr\/index.php\/vignerons-salon-vertivinies\/domaine-balansa\/\"]}]},{\"@type\":\"ImageObject\",\"inLanguage\":\"fr-FR\",\"@id\":\"http:\/\/vertivinies.fr\/index.php\/vignerons-salon-vertivinies\/domaine-balansa\/#primaryimage\",\"url\":\"https:\/\/vertivinies.fr\/wp-content\/uploads\/2025\/01\/Balansa-scaled.jpeg\",\"contentUrl\":\"https:\/\/vertivinies.fr\/wp-content\/uploads\/2025\/01\/Balansa-scaled.jpeg\",\"width\":2560,\"height\":1844},{\"@type\":\"BreadcrumbList\",\"@id\":\"http:\/\/vertivinies.fr\/index.php\/vignerons-salon-vertivinies\/domaine-balansa\/#breadcrumb\",\"itemListElement\":[{\"@type\":\"ListItem\",\"position\":1,\"name\":\"Accueil\",\"item\":\"http:\/\/vertivinies.fr\/\"},{\"@type\":\"ListItem\",\"position\":2,\"name\":\"Les vignerons pr\u00e9sents lors du salon Vertivinies 2026\",\"item\":\"http:\/\/vertivinies.fr\/index.php\/vignerons-salon-vertivinies\/\"},{\"@type\":\"ListItem\",\"position\":3,\"name\":\"Domaine Balansa\"}]},{\"@type\":\"WebSite\",\"@id\":\"https:\/\/vertivinies.fr\/#website\",\"url\":\"https:\/\/vertivinies.fr\/\",\"name\":\"Vertivinies\",\"description\":\"\",\"potentialAction\":[{\"@type\":\"SearchAction\",\"target\":{\"@type\":\"EntryPoint\",\"urlTemplate\":\"https:\/\/vertivinies.fr\/?s={search_term_string}\"},\"query-input\":{\"@type\":\"PropertyValueSpecification\",\"valueRequired\":true,\"valueName\":\"search_term_string\"}}],\"inLanguage\":\"fr-FR\"}]}<\/script>\n<!-- \/ Yoast SEO plugin. -->","yoast_head_json":{"title":"Domaine Balansa : Les vignerons du salon du vin \"Vertivinies\" (44)","description":"D\u00e9couvrez le Domaine Balansa pr\u00e9sent au salon Vertivinies, salon du vin organis\u00e9 par l'association Vertivin situ\u00e9e \u00e0 Vertou pr\u00e8s de Nantes (44).","robots":{"index":"index","follow":"follow","max-snippet":"max-snippet:-1","max-image-preview":"max-image-preview:large","max-video-preview":"max-video-preview:-1"},"canonical":"http:\/\/vertivinies.fr\/index.php\/vignerons-salon-vertivinies\/domaine-balansa\/","og_locale":"fr_FR","og_type":"article","og_title":"Domaine Balansa : Les vignerons du salon du vin \"Vertivinies\" (44)","og_description":"D\u00e9couvrez le Domaine Balansa pr\u00e9sent au salon Vertivinies, salon du vin organis\u00e9 par l'association Vertivin situ\u00e9e \u00e0 Vertou pr\u00e8s de Nantes (44).","og_url":"http:\/\/vertivinies.fr\/index.php\/vignerons-salon-vertivinies\/domaine-balansa\/","og_site_name":"Vertivinies","article_publisher":"https:\/\/www.facebook.com\/vertivin","article_modified_time":"2026-02-10T16:42:55+00:00","og_image":[{"width":2560,"height":1844,"url":"http:\/\/vertivinies.fr\/wp-content\/uploads\/2025\/01\/Balansa-scaled.jpeg","type":"image\/jpeg"}],"twitter_card":"summary_large_image","twitter_misc":{"Dur\u00e9e de lecture estim\u00e9e":"1 minute"},"schema":{"@context":"https:\/\/schema.org","@graph":[{"@type":"WebPage","@id":"http:\/\/vertivinies.fr\/index.php\/vignerons-salon-vertivinies\/domaine-balansa\/","url":"http:\/\/vertivinies.fr\/index.php\/vignerons-salon-vertivinies\/domaine-balansa\/","name":"Domaine Balansa : Les vignerons du salon du vin \"Vertivinies\" (44)","isPartOf":{"@id":"https:\/\/vertivinies.fr\/#website"},"primaryImageOfPage":{"@id":"http:\/\/vertivinies.fr\/index.php\/vignerons-salon-vertivinies\/domaine-balansa\/#primaryimage"},"image":{"@id":"http:\/\/vertivinies.fr\/index.php\/vignerons-salon-vertivinies\/domaine-balansa\/#primaryimage"},"thumbnailUrl":"https:\/\/vertivinies.fr\/wp-content\/uploads\/2025\/01\/Balansa-scaled.jpeg","datePublished":"2025-01-27T21:49:43+00:00","dateModified":"2026-02-10T16:42:55+00:00","description":"D\u00e9couvrez le Domaine Balansa pr\u00e9sent au salon Vertivinies, salon du vin organis\u00e9 par l'association Vertivin situ\u00e9e \u00e0 Vertou pr\u00e8s de Nantes (44).","breadcrumb":{"@id":"http:\/\/vertivinies.fr\/index.php\/vignerons-salon-vertivinies\/domaine-balansa\/#breadcrumb"},"inLanguage":"fr-FR","potentialAction":[{"@type":"ReadAction","target":["http:\/\/vertivinies.fr\/index.php\/vignerons-salon-vertivinies\/domaine-balansa\/"]}]},{"@type":"ImageObject","inLanguage":"fr-FR","@id":"http:\/\/vertivinies.fr\/index.php\/vignerons-salon-vertivinies\/domaine-balansa\/#primaryimage","url":"https:\/\/vertivinies.fr\/wp-content\/uploads\/2025\/01\/Balansa-scaled.jpeg","contentUrl":"https:\/\/vertivinies.fr\/wp-content\/uploads\/2025\/01\/Balansa-scaled.jpeg","width":2560,"height":1844},{"@type":"BreadcrumbList","@id":"http:\/\/vertivinies.fr\/index.php\/vignerons-salon-vertivinies\/domaine-balansa\/#breadcrumb","itemListElement":[{"@type":"ListItem","position":1,"name":"Accueil","item":"http:\/\/vertivinies.fr\/"},{"@type":"ListItem","position":2,"name":"Les vignerons pr\u00e9sents lors du salon Vertivinies 2026","item":"http:\/\/vertivinies.fr\/index.php\/vignerons-salon-vertivinies\/"},{"@type":"ListItem","position":3,"name":"Domaine Balansa"}]},{"@type":"WebSite","@id":"https:\/\/vertivinies.fr\/#website","url":"https:\/\/vertivinies.fr\/","name":"Vertivinies","description":"","potentialAction":[{"@type":"SearchAction","target":{"@type":"EntryPoint","urlTemplate":"https:\/\/vertivinies.fr\/?s={search_term_string}"},"query-input":{"@type":"PropertyValueSpecification","valueRequired":true,"valueName":"search_term_string"}}],"inLanguage":"fr-FR"}]}},"_links":{"self":[{"href":"https:\/\/vertivinies.fr\/index.php\/wp-json\/wp\/v2\/pages\/1825","targetHints":{"allow":["GET"]}}],"collection":[{"href":"https:\/\/vertivinies.fr\/index.php\/wp-json\/wp\/v2\/pages"}],"about":[{"href":"https:\/\/vertivinies.fr\/index.php\/wp-json\/wp\/v2\/types\/page"}],"author":[{"embeddable":true,"href":"https:\/\/vertivinies.fr\/index.php\/wp-json\/wp\/v2\/users\/1"}],"replies":[{"embeddable":true,"href":"https:\/\/vertivinies.fr\/index.php\/wp-json\/wp\/v2\/comments?post=1825"}],"version-history":[{"count":8,"href":"https:\/\/vertivinies.fr\/index.php\/wp-json\/wp\/v2\/pages\/1825\/revisions"}],"predecessor-version":[{"id":2276,"href":"https:\/\/vertivinies.fr\/index.php\/wp-json\/wp\/v2\/pages\/1825\/revisions\/2276"}],"up":[{"embeddable":true,"href":"https:\/\/vertivinies.fr\/index.php\/wp-json\/wp\/v2\/pages\/136"}],"wp:featuredmedia":[{"embeddable":true,"href":"https:\/\/vertivinies.fr\/index.php\/wp-json\/wp\/v2\/media\/1728"}],"wp:attachment":[{"href":"https:\/\/vertivinies.fr\/index.php\/wp-json\/wp\/v2\/media?parent=1825"}],"wp:term":[{"taxonomy":"category","embeddable":true,"href":"https:\/\/vertivinies.fr\/index.php\/wp-json\/wp\/v2\/categories?post=1825"},{"taxonomy":"post_tag","embeddable":true,"href":"https:\/\/vertivinies.fr\/index.php\/wp-json\/wp\/v2\/tags?post=1825"}],"curies":[{"name":"wp","href":"https:\/\/api.w.org\/{rel}","templated":true}]}}