{"id":2079,"date":"2025-03-06T22:07:09","date_gmt":"2025-03-06T21:07:09","guid":{"rendered":"https:\/\/vertivinies.fr\/?page_id=2079"},"modified":"2026-02-10T17:52:15","modified_gmt":"2026-02-10T16:52:15","slug":"domaine-chevalerie","status":"publish","type":"page","link":"https:\/\/vertivinies.fr\/index.php\/vignerons-salon-vertivinies\/domaine-chevalerie\/","title":{"rendered":"Domaine de la Chevalerie"},"content":{"rendered":"<p>Laurie et Emmanuel Caslot<br \/>\n<!--more--><span style=\"vertical-align: inherit;\"><span style=\"vertical-align: inherit;\"> \r\n    <div class=\"vign_big_bloc\">\r\n        <div class=\"vign_ss_titre\">Laurie et Emmanuel Caslot<\/div>\r\n        <div class=\"vign_bloc_img\">\r\n            <img loading=\"lazy\" decoding=\"async\" src=\"http:\/\/vertivinies.fr\/wp-content\/uploads\/2025\/03\/La-Chevalerie-scaled.jpg\" alt=\"\" title=\"\" width=\"578\" height=\"385\" \/>\r\n        <\/div>\r\n\r\n        <div class=\"vign_bloc_param\">\r\n            <p class=\"vign_params\">\r\n                <span class=\"vign_param_titre\">Appellations<\/span><br \/>\r\n                St Nicolas de Bourgueil<br \/>\r\nBourgueil\r\n                <br \/>\r\n                <span class=\"vign_param_titre\">C\u00e9pages<\/span><br \/>\r\n                Cabernet Franc\r\n                <br \/>\r\n                <span class=\"vign_param_titre\">Superficie<\/span><br \/>\r\n                33 ha\r\n                <br \/>\r\n                <span class=\"vign_param_titre\">Culture<\/span><br \/>\r\n                Culture biologique certifi\u00e9 depuis 2008 et biodynamique depuis 2012\r\n                <br \/>\r\n                <span class=\"vign_param_titre\">R\u00e9compenses et Mentions<\/span><br \/>\r\n                RVF - Guide Hachette\r\n            <\/p>\r\n        <\/div>\r\n    <\/div>\r\n\r\n    <div class=\"vign_bloc_txt\">\r\n        <span style=\"font-size: 24px; color: #b70505;font-weight:bold\">PRESENTATION<\/span><br \/>\r\n<br \/>\r\nQuitte \u00e0 choisir un Bourgueil, autant prendre le plus meilleur. C'est ce que s'est dit notre \u00e9quipe de s\u00e9lection des vignerons pour les Vertivinies de cette ann\u00e9e.<br \/>\r\n<br \/>\r\n<span style=\"font-weight:bold\">Le domaine de la Chevalerie est une institution.<\/span> Les plus anciens d'entre nous ont encore l'\u0153il humide en se rappelant de Pierre Caslot d\u00e9bouchant une \"Busardi\u00e8res\" ou une \"Chevalerie\" d'un ant\u00e9diluvien mill\u00e9sime \u00e0 la fra\u00eecheur intacte \u00e0 la fin de la visite du domaine ou d'une \"journ\u00e9e-binette\".<br \/>\r\n<br \/>\r\nAvec l'arriv\u00e9e des enfants de Pierre, le domaine s'est ouvert au bio et \u00e0 la biodynamie et s'est senti d\u00e9positaire du style de vins si particulier de la Chevalerie. <span style=\"font-weight:bold\">6 lieux dits que l'on pourrait r\u00e9citer par c\u0153ur avec leur entit\u00e9 propre, vinifi\u00e9s avec pr\u00e9cision et \u00e9lev\u00e9s pour la garde.<\/span><br \/>\r\n<br \/>\r\nD\u00e9couvrez ou red\u00e9couvrez ces grandes cuv\u00e9es qui ont leur place dans l'histoire du vin en France.<br \/>\r\n<br \/>\r\n<span style=\"font-weight:bold\">Distinctions : <\/span><br \/>\r\n- Guide de la RVF : Domaine 2** <br \/>\r\n&nbsp;&nbsp;&nbsp;* Bonn'heure 2021 : 89\/100<br \/>\r\n&nbsp;&nbsp;&nbsp;* Chevalerie 2020 : 94\/100<br \/>\r\n&nbsp;&nbsp;&nbsp;* Chevalerie 2019 : 95\/100<br \/>\r\n&nbsp;&nbsp;&nbsp;* Busardi\u00e8res 2019 : 95\/100<br \/>\r\n&nbsp;&nbsp;&nbsp;* Grand Mont 2018 : 94\/100<br \/>\r\n&nbsp;&nbsp;&nbsp;* Chevalerie 2018 : 93\/100<br \/>\r\n&nbsp;&nbsp;&nbsp;* Br\u00e9t\u00eache 2018 : 92\/100<br \/>\r\n- Guide Hachette 2025<br \/>\r\n&nbsp;&nbsp;&nbsp;* Cuv\u00e9e Peu Muleau 2021 1*<br \/>\r\n&nbsp;&nbsp;&nbsp;* Cuv\u00e9e Bourgueil Chevalerie 2021 2*<br \/>\r\n- Guide Hachette 2023<br \/>\r\n&nbsp;&nbsp;&nbsp;* Cuv\u00e9e Chevalerie 2018 2*<br \/>\r\n&nbsp;&nbsp;&nbsp;* Cuv\u00e9e Noms d'oiseau 2019 2*<br \/>\r\n<br \/>\r\n<a href=\"https:\/\/www.facebook.com\/domainedelachevalerie\"><img loading=\"lazy\" decoding=\"async\" class=\"alignleft size-thumbnail wp-image-237\" src=\"http:\/\/vertivinies.fr\/wp-content\/uploads\/2025\/01\/Logo-facebook-rond.jpg\" alt=\"Logo facebook compos\u00e9 de la lettre F blanc dans un carr\u00e9 bleu\" width=\"60\" height=\"60\" \/><\/a> <a href=\"https:\/\/www.instagram.com\/domainedelachevalerie\/\"><img loading=\"lazy\" decoding=\"async\" class=\"alignleft size-thumbnail wp-image-237\" src=\"http:\/\/vertivinies.fr\/wp-content\/uploads\/2025\/01\/Logo-instagram-rond.jpg\" alt=\"Logo facebook compos\u00e9 de la lettre F blanc dans un carr\u00e9 bleu\" width=\"60\" height=\"60\" \/><\/a>\r\n        <div class=\"vign_bloc_txt_fin\">\r\n            Le Bourgueil historique, une r\u00e9f\u00e9rence dans les vins rouges de Loire\r\n            <br \/>\r\n            <div class=\"vign_bloc_event\"><a href=\"https:\/\/www.facebook.com\/Vertivin-171297996346118\/\"><img loading=\"lazy\" decoding=\"async\" src=\"\/wp-content\/uploads\/facebook-evenement.jpg\" width=\"150\" height=\"49\" alt=\"Tous les \u00e9v\u00e8nements \u00e0 venir\" title=\"Tous les \u00e9v\u00e8nements \u00e0 venir\" \/><\/a><\/div>\r\n        <\/div>\r\n    <\/div>\r\n    <div class=\"vign_lienindex\">\r\n        <span class=\"vign_lienprev\"><a href=https:\/\/vertivinies.fr\/index.php\/vignerons-salon-vertivinies\/domaine-eric-chevalier\/><< Vigneron pr\u00e9c\u00e9dent >><\/a><\/span>  <span class=\"vign_liennext\"><a href=https:\/\/vertivinies.fr\/index.php\/vignerons-salon-vertivinies\/domaine-chateau-romanin\/><< Vigneron suivant >><\/a><\/span>\r\n    <\/div>\r\n    <\/span><\/span><\/p>\n<p>&nbsp;<\/p>\n","protected":false},"excerpt":{"rendered":"<p>Laurie et Emmanuel Caslot<\/p>\n","protected":false},"author":1,"featured_media":2075,"parent":136,"menu_order":0,"comment_status":"closed","ping_status":"closed","template":"","meta":{"_acf_changed":false,"footnotes":""},"categories":[12],"tags":[],"class_list":["post-2079","page","type-page","status-publish","has-post-thumbnail","hentry","category-vignerons"],"acf":[],"yoast_head":"<!-- This site is optimized with the Yoast SEO plugin v27.1.1 - https:\/\/yoast.com\/product\/yoast-seo-wordpress\/ -->\n<title>Domaine de la Chevalerie : les vignerons du salon du vin &quot;Vertivinies&quot; (44)<\/title>\n<meta name=\"description\" content=\"D\u00e9couvrez le domaine de la Chevalerie pr\u00e9sent au salon Vertivinies, salon du vin organis\u00e9 par l&#039;association Vertivin situ\u00e9e \u00e0 Vertou pr\u00e8s de Nantes (44)\" \/>\n<meta name=\"robots\" content=\"index, follow, max-snippet:-1, max-image-preview:large, max-video-preview:-1\" \/>\n<link rel=\"canonical\" href=\"http:\/\/vertivinies.fr\/index.php\/vignerons-salon-vertivinies\/domaine-chevalerie\/\" \/>\n<meta property=\"og:locale\" content=\"fr_FR\" \/>\n<meta property=\"og:type\" content=\"article\" \/>\n<meta property=\"og:title\" content=\"Domaine de la Chevalerie : les vignerons du salon du vin &quot;Vertivinies&quot; (44)\" \/>\n<meta property=\"og:description\" content=\"D\u00e9couvrez le domaine de la Chevalerie pr\u00e9sent au salon Vertivinies, salon du vin organis\u00e9 par l&#039;association Vertivin situ\u00e9e \u00e0 Vertou pr\u00e8s de Nantes (44)\" \/>\n<meta property=\"og:url\" content=\"http:\/\/vertivinies.fr\/index.php\/vignerons-salon-vertivinies\/domaine-chevalerie\/\" \/>\n<meta property=\"og:site_name\" content=\"Vertivinies\" \/>\n<meta property=\"article:publisher\" content=\"https:\/\/www.facebook.com\/vertivin\" \/>\n<meta property=\"article:modified_time\" content=\"2026-02-10T16:52:15+00:00\" \/>\n<meta property=\"og:image\" content=\"http:\/\/vertivinies.fr\/wp-content\/uploads\/2025\/03\/La-Chevalerie-scaled.jpg\" \/>\n\t<meta property=\"og:image:width\" content=\"2560\" \/>\n\t<meta property=\"og:image:height\" content=\"1828\" \/>\n\t<meta property=\"og:image:type\" content=\"image\/jpeg\" \/>\n<meta name=\"twitter:card\" content=\"summary_large_image\" \/>\n<meta name=\"twitter:label1\" content=\"Dur\u00e9e de lecture estim\u00e9e\" \/>\n\t<meta name=\"twitter:data1\" content=\"1 minute\" \/>\n<script type=\"application\/ld+json\" class=\"yoast-schema-graph\">{\"@context\":\"https:\/\/schema.org\",\"@graph\":[{\"@type\":\"WebPage\",\"@id\":\"http:\/\/vertivinies.fr\/index.php\/vignerons-salon-vertivinies\/domaine-chevalerie\/\",\"url\":\"http:\/\/vertivinies.fr\/index.php\/vignerons-salon-vertivinies\/domaine-chevalerie\/\",\"name\":\"Domaine de la Chevalerie : les vignerons du salon du vin \\\"Vertivinies\\\" (44)\",\"isPartOf\":{\"@id\":\"http:\/\/vertivinies.fr\/#website\"},\"primaryImageOfPage\":{\"@id\":\"http:\/\/vertivinies.fr\/index.php\/vignerons-salon-vertivinies\/domaine-chevalerie\/#primaryimage\"},\"image\":{\"@id\":\"http:\/\/vertivinies.fr\/index.php\/vignerons-salon-vertivinies\/domaine-chevalerie\/#primaryimage\"},\"thumbnailUrl\":\"https:\/\/vertivinies.fr\/wp-content\/uploads\/2025\/03\/La-Chevalerie-scaled.jpg\",\"datePublished\":\"2025-03-06T21:07:09+00:00\",\"dateModified\":\"2026-02-10T16:52:15+00:00\",\"description\":\"D\u00e9couvrez le domaine de la Chevalerie pr\u00e9sent au salon Vertivinies, salon du vin organis\u00e9 par l'association Vertivin situ\u00e9e \u00e0 Vertou pr\u00e8s de Nantes (44)\",\"breadcrumb\":{\"@id\":\"http:\/\/vertivinies.fr\/index.php\/vignerons-salon-vertivinies\/domaine-chevalerie\/#breadcrumb\"},\"inLanguage\":\"fr-FR\",\"potentialAction\":[{\"@type\":\"ReadAction\",\"target\":[\"http:\/\/vertivinies.fr\/index.php\/vignerons-salon-vertivinies\/domaine-chevalerie\/\"]}]},{\"@type\":\"ImageObject\",\"inLanguage\":\"fr-FR\",\"@id\":\"http:\/\/vertivinies.fr\/index.php\/vignerons-salon-vertivinies\/domaine-chevalerie\/#primaryimage\",\"url\":\"https:\/\/vertivinies.fr\/wp-content\/uploads\/2025\/03\/La-Chevalerie-scaled.jpg\",\"contentUrl\":\"https:\/\/vertivinies.fr\/wp-content\/uploads\/2025\/03\/La-Chevalerie-scaled.jpg\",\"width\":2560,\"height\":1828},{\"@type\":\"BreadcrumbList\",\"@id\":\"http:\/\/vertivinies.fr\/index.php\/vignerons-salon-vertivinies\/domaine-chevalerie\/#breadcrumb\",\"itemListElement\":[{\"@type\":\"ListItem\",\"position\":1,\"name\":\"Accueil\",\"item\":\"http:\/\/vertivinies.fr\/\"},{\"@type\":\"ListItem\",\"position\":2,\"name\":\"Les vignerons pr\u00e9sents lors du salon Vertivinies 2026\",\"item\":\"http:\/\/vertivinies.fr\/index.php\/vignerons-salon-vertivinies\/\"},{\"@type\":\"ListItem\",\"position\":3,\"name\":\"Domaine de la Chevalerie\"}]},{\"@type\":\"WebSite\",\"@id\":\"http:\/\/vertivinies.fr\/#website\",\"url\":\"http:\/\/vertivinies.fr\/\",\"name\":\"Vertivinies\",\"description\":\"\",\"potentialAction\":[{\"@type\":\"SearchAction\",\"target\":{\"@type\":\"EntryPoint\",\"urlTemplate\":\"http:\/\/vertivinies.fr\/?s={search_term_string}\"},\"query-input\":{\"@type\":\"PropertyValueSpecification\",\"valueRequired\":true,\"valueName\":\"search_term_string\"}}],\"inLanguage\":\"fr-FR\"}]}<\/script>\n<!-- \/ Yoast SEO plugin. -->","yoast_head_json":{"title":"Domaine de la Chevalerie : les vignerons du salon du vin \"Vertivinies\" (44)","description":"D\u00e9couvrez le domaine de la Chevalerie pr\u00e9sent au salon Vertivinies, salon du vin organis\u00e9 par l'association Vertivin situ\u00e9e \u00e0 Vertou pr\u00e8s de Nantes (44)","robots":{"index":"index","follow":"follow","max-snippet":"max-snippet:-1","max-image-preview":"max-image-preview:large","max-video-preview":"max-video-preview:-1"},"canonical":"http:\/\/vertivinies.fr\/index.php\/vignerons-salon-vertivinies\/domaine-chevalerie\/","og_locale":"fr_FR","og_type":"article","og_title":"Domaine de la Chevalerie : les vignerons du salon du vin \"Vertivinies\" (44)","og_description":"D\u00e9couvrez le domaine de la Chevalerie pr\u00e9sent au salon Vertivinies, salon du vin organis\u00e9 par l'association Vertivin situ\u00e9e \u00e0 Vertou pr\u00e8s de Nantes (44)","og_url":"http:\/\/vertivinies.fr\/index.php\/vignerons-salon-vertivinies\/domaine-chevalerie\/","og_site_name":"Vertivinies","article_publisher":"https:\/\/www.facebook.com\/vertivin","article_modified_time":"2026-02-10T16:52:15+00:00","og_image":[{"width":2560,"height":1828,"url":"http:\/\/vertivinies.fr\/wp-content\/uploads\/2025\/03\/La-Chevalerie-scaled.jpg","type":"image\/jpeg"}],"twitter_card":"summary_large_image","twitter_misc":{"Dur\u00e9e de lecture estim\u00e9e":"1 minute"},"schema":{"@context":"https:\/\/schema.org","@graph":[{"@type":"WebPage","@id":"http:\/\/vertivinies.fr\/index.php\/vignerons-salon-vertivinies\/domaine-chevalerie\/","url":"http:\/\/vertivinies.fr\/index.php\/vignerons-salon-vertivinies\/domaine-chevalerie\/","name":"Domaine de la Chevalerie : les vignerons du salon du vin \"Vertivinies\" (44)","isPartOf":{"@id":"http:\/\/vertivinies.fr\/#website"},"primaryImageOfPage":{"@id":"http:\/\/vertivinies.fr\/index.php\/vignerons-salon-vertivinies\/domaine-chevalerie\/#primaryimage"},"image":{"@id":"http:\/\/vertivinies.fr\/index.php\/vignerons-salon-vertivinies\/domaine-chevalerie\/#primaryimage"},"thumbnailUrl":"https:\/\/vertivinies.fr\/wp-content\/uploads\/2025\/03\/La-Chevalerie-scaled.jpg","datePublished":"2025-03-06T21:07:09+00:00","dateModified":"2026-02-10T16:52:15+00:00","description":"D\u00e9couvrez le domaine de la Chevalerie pr\u00e9sent au salon Vertivinies, salon du vin organis\u00e9 par l'association Vertivin situ\u00e9e \u00e0 Vertou pr\u00e8s de Nantes (44)","breadcrumb":{"@id":"http:\/\/vertivinies.fr\/index.php\/vignerons-salon-vertivinies\/domaine-chevalerie\/#breadcrumb"},"inLanguage":"fr-FR","potentialAction":[{"@type":"ReadAction","target":["http:\/\/vertivinies.fr\/index.php\/vignerons-salon-vertivinies\/domaine-chevalerie\/"]}]},{"@type":"ImageObject","inLanguage":"fr-FR","@id":"http:\/\/vertivinies.fr\/index.php\/vignerons-salon-vertivinies\/domaine-chevalerie\/#primaryimage","url":"https:\/\/vertivinies.fr\/wp-content\/uploads\/2025\/03\/La-Chevalerie-scaled.jpg","contentUrl":"https:\/\/vertivinies.fr\/wp-content\/uploads\/2025\/03\/La-Chevalerie-scaled.jpg","width":2560,"height":1828},{"@type":"BreadcrumbList","@id":"http:\/\/vertivinies.fr\/index.php\/vignerons-salon-vertivinies\/domaine-chevalerie\/#breadcrumb","itemListElement":[{"@type":"ListItem","position":1,"name":"Accueil","item":"http:\/\/vertivinies.fr\/"},{"@type":"ListItem","position":2,"name":"Les vignerons pr\u00e9sents lors du salon Vertivinies 2026","item":"http:\/\/vertivinies.fr\/index.php\/vignerons-salon-vertivinies\/"},{"@type":"ListItem","position":3,"name":"Domaine de la Chevalerie"}]},{"@type":"WebSite","@id":"http:\/\/vertivinies.fr\/#website","url":"http:\/\/vertivinies.fr\/","name":"Vertivinies","description":"","potentialAction":[{"@type":"SearchAction","target":{"@type":"EntryPoint","urlTemplate":"http:\/\/vertivinies.fr\/?s={search_term_string}"},"query-input":{"@type":"PropertyValueSpecification","valueRequired":true,"valueName":"search_term_string"}}],"inLanguage":"fr-FR"}]}},"_links":{"self":[{"href":"https:\/\/vertivinies.fr\/index.php\/wp-json\/wp\/v2\/pages\/2079","targetHints":{"allow":["GET"]}}],"collection":[{"href":"https:\/\/vertivinies.fr\/index.php\/wp-json\/wp\/v2\/pages"}],"about":[{"href":"https:\/\/vertivinies.fr\/index.php\/wp-json\/wp\/v2\/types\/page"}],"author":[{"embeddable":true,"href":"https:\/\/vertivinies.fr\/index.php\/wp-json\/wp\/v2\/users\/1"}],"replies":[{"embeddable":true,"href":"https:\/\/vertivinies.fr\/index.php\/wp-json\/wp\/v2\/comments?post=2079"}],"version-history":[{"count":5,"href":"https:\/\/vertivinies.fr\/index.php\/wp-json\/wp\/v2\/pages\/2079\/revisions"}],"predecessor-version":[{"id":2278,"href":"https:\/\/vertivinies.fr\/index.php\/wp-json\/wp\/v2\/pages\/2079\/revisions\/2278"}],"up":[{"embeddable":true,"href":"https:\/\/vertivinies.fr\/index.php\/wp-json\/wp\/v2\/pages\/136"}],"wp:featuredmedia":[{"embeddable":true,"href":"https:\/\/vertivinies.fr\/index.php\/wp-json\/wp\/v2\/media\/2075"}],"wp:attachment":[{"href":"https:\/\/vertivinies.fr\/index.php\/wp-json\/wp\/v2\/media?parent=2079"}],"wp:term":[{"taxonomy":"category","embeddable":true,"href":"https:\/\/vertivinies.fr\/index.php\/wp-json\/wp\/v2\/categories?post=2079"},{"taxonomy":"post_tag","embeddable":true,"href":"https:\/\/vertivinies.fr\/index.php\/wp-json\/wp\/v2\/tags?post=2079"}],"curies":[{"name":"wp","href":"https:\/\/api.w.org\/{rel}","templated":true}]}}