{"id":2149,"date":"2026-01-18T21:33:19","date_gmt":"2026-01-18T20:33:19","guid":{"rendered":"https:\/\/vertivinies.fr\/?page_id=2149"},"modified":"2026-02-04T17:28:32","modified_gmt":"2026-02-04T16:28:32","slug":"domaine-eric-chevalier","status":"publish","type":"page","link":"https:\/\/vertivinies.fr\/index.php\/vignerons-salon-vertivinies\/domaine-eric-chevalier\/","title":{"rendered":"Domaine Eric Chevalier"},"content":{"rendered":"<p><span class=\"vign_thumb_txt\"><span style=\"vertical-align: inherit;\">Eric Chevalier<\/span><\/span><!--more--><span style=\"vertical-align: inherit;\"> \r\n    <div class=\"vign_big_bloc\">\r\n        <div class=\"vign_ss_titre\">Eric Chevalier<\/div>\r\n        <div class=\"vign_bloc_img\">\r\n            <img loading=\"lazy\" decoding=\"async\" src=\"http:\/\/vertivinies.fr\/wp-content\/uploads\/2026\/01\/Eric-Chevalier-scaled.jpg\" alt=\"\" title=\"\" width=\"578\" height=\"385\" \/>\r\n        <\/div>\r\n\r\n        <div class=\"vign_bloc_param\">\r\n            <p class=\"vign_params\">\r\n                <span class=\"vign_param_titre\">Appellations<\/span><br \/>\r\n                Muscadet, <br \/>\r\nMuscadet C\u00f4tes de Grand Lieu, <br \/>\r\nIGP Val de Loire\r\n                <br \/>\r\n                <span class=\"vign_param_titre\">C\u00e9pages<\/span><br \/>\r\n                Melon B, Folle blanche, Chardonnay, Sauvignon gris (fi\u00e9 gris), Pinot noir, Cabernet franc, Pineau d\u2019Aunis, Grolleau\r\n                <br \/>\r\n                <span class=\"vign_param_titre\">Superficie<\/span><br \/>\r\n                30 ha\r\n                <br \/>\r\n                <span class=\"vign_param_titre\">Culture<\/span><br \/>\r\n                Agriculture biologique certifi\u00e9e \r\n                \r\n            <\/p>\r\n        <\/div>\r\n    <\/div>\r\n\r\n    <div class=\"vign_bloc_txt\">\r\n        <hr><br \/>\r\n<span style=\"font-size: 24px; color: #b70505;font-weight:bold\">PRESENTATION<\/span><br \/>\r\n<br \/>\r\nDomaine familial depuis plusieurs g\u00e9n\u00e9rations, Gaelle et Eric (fr\u00e8re et s\u0153ur) g\u00e8rent aujourd\u2019hui 30 hectares au Sud-Ouest de Nantes, en AOP Muscadet C\u00f4tes de Grand Lieu. En 2006, Eric prend la suite de son p\u00e8re, d\u00e9j\u00e0 en lutte raisonn\u00e9e, et 10 ans plus tard, tout naturellement, convertit la vigne en agriculture biologique.<br \/>\r\n<br \/>\r\nLe vignoble est situ\u00e9 entre l\u2019oc\u00e9an Atlantique, la Loire et la r\u00e9serve naturelle du Lac de Grand-Lieu : les vignes profitent de ce climat temp\u00e9r\u00e9 qui fa\u00e7onne des vins. La diversit\u00e9 des terroirs permet de r\u00e9v\u00e9ler tout le potentiel et la richesse du c\u00e9page Melon B, avec la fra\u00eecheur et la signature saline qui le caract\u00e9risent.<br \/>\r\n<br \/>\r\nUne grande partie des raisins est r\u00e9colt\u00e9e \u00e0 la main. Les jus fermentent gr\u00e2ce aux levures indig\u00e8nes. Les fermentations malolactiques, g\u00e9n\u00e9ralement r\u00e9alis\u00e9es, et tout aussi spontan\u00e9es, stabilisent le vin et ajoutent tr\u00e8s souvent <span style=\"font-weight:bold\">une sensation de soyeux en d\u00e9but de bouche.<\/span><br \/>\r\n<br \/>\r\nD\u00e8s que possible, le travail se fait par gravit\u00e9, sans pompage, pour pr\u00e9server la puret\u00e9 des jus. Les sulfites sont utilis\u00e9s avec mesure. Les \u00e9levages sont courts, en cuve, sur la majorit\u00e9 des cuv\u00e9es, dans l\u2019id\u00e9e g\u00e9n\u00e9rale de proposer des vins frais, sains, salins et a\u00e9riens.<br \/>\r\n<br \/>\r\n<a href=\"https:\/\/www.facebook.com\/ericchevaliervigneron\"><img loading=\"lazy\" decoding=\"async\" class=\"alignleft size-thumbnail wp-image-237\" src=\"http:\/\/vertivinies.fr\/wp-content\/uploads\/2025\/01\/Logo-facebook-rond.jpg\" alt=\"Logo facebook compos\u00e9 de la lettre F blanc dans un carr\u00e9 bleu\" width=\"60\" height=\"60\" \/><\/a> <a href=\" https:\/\/www.instagram.com\/ericchevaliervigneron\/\"><img loading=\"lazy\" decoding=\"async\" class=\"alignleft size-thumbnail wp-image-237\" src=\"http:\/\/vertivinies.fr\/wp-content\/uploads\/2025\/01\/Logo-instagram-rond.jpg\" alt=\"Logo facebook compos\u00e9 de la lettre F blanc dans un carr\u00e9 bleu\" width=\"60\" height=\"60\" \/><\/a>\r\n        <div class=\"vign_bloc_txt_fin\">\r\n            Des Muscadets bio sinc\u00e8res et droits\r\n            <br \/>\r\n            <div class=\"vign_bloc_event\"><a href=\"https:\/\/www.facebook.com\/Vertivin-171297996346118\/\"><img loading=\"lazy\" decoding=\"async\" src=\"\/wp-content\/uploads\/facebook-evenement.jpg\" width=\"150\" height=\"49\" alt=\"Tous les \u00e9v\u00e8nements \u00e0 venir\" title=\"Tous les \u00e9v\u00e8nements \u00e0 venir\" \/><\/a><\/div>\r\n        <\/div>\r\n    <\/div>\r\n    <div class=\"vign_lienindex\">\r\n        <span class=\"vign_lienprev\"><a href=https:\/\/vertivinies.fr\/index.php\/vignerons-salon-vertivinies\/chateau-lescarderie\/><< Vigneron pr\u00e9c\u00e9dent >><\/a><\/span>  <span class=\"vign_liennext\"><a href=https:\/\/vertivinies.fr\/index.php\/vignerons-salon-vertivinies\/domaine-chevalerie\/><< Vigneron suivant >><\/a><\/span>\r\n    <\/div>\r\n    <\/span><\/p>\n","protected":false},"excerpt":{"rendered":"<p>Eric Chevalier<\/p>\n","protected":false},"author":1,"featured_media":2150,"parent":136,"menu_order":0,"comment_status":"closed","ping_status":"closed","template":"","meta":{"_acf_changed":false,"footnotes":""},"categories":[12],"tags":[],"class_list":["post-2149","page","type-page","status-publish","has-post-thumbnail","hentry","category-vignerons"],"acf":[],"yoast_head":"<!-- This site is optimized with the Yoast SEO plugin v27.1.1 - https:\/\/yoast.com\/product\/yoast-seo-wordpress\/ -->\n<title>Domaine Eric Chevalier - Les vignerons du salon du vin &quot;Vertivinies&quot; (44)<\/title>\n<meta name=\"description\" content=\"D\u00e9couvrez le domaine Eric Chevalier pr\u00e9sent au salon Vertivinies organis\u00e9 par l&#039;association Vertivin situ\u00e9e \u00e0 Vertou pr\u00e8s de Nantes (44).\" \/>\n<meta name=\"robots\" content=\"index, follow, max-snippet:-1, max-image-preview:large, max-video-preview:-1\" \/>\n<link rel=\"canonical\" href=\"http:\/\/vertivinies.fr\/index.php\/vignerons-salon-vertivinies\/domaine-eric-chevalier\/\" \/>\n<meta property=\"og:locale\" content=\"fr_FR\" \/>\n<meta property=\"og:type\" content=\"article\" \/>\n<meta property=\"og:title\" content=\"Domaine Eric Chevalier - Les vignerons du salon du vin &quot;Vertivinies&quot; (44)\" \/>\n<meta property=\"og:description\" content=\"D\u00e9couvrez le domaine Eric Chevalier pr\u00e9sent au salon Vertivinies organis\u00e9 par l&#039;association Vertivin situ\u00e9e \u00e0 Vertou pr\u00e8s de Nantes (44).\" \/>\n<meta property=\"og:url\" content=\"http:\/\/vertivinies.fr\/index.php\/vignerons-salon-vertivinies\/domaine-eric-chevalier\/\" \/>\n<meta property=\"og:site_name\" content=\"Vertivinies\" \/>\n<meta property=\"article:publisher\" content=\"https:\/\/www.facebook.com\/vertivin\" \/>\n<meta property=\"article:modified_time\" content=\"2026-02-04T16:28:32+00:00\" \/>\n<meta property=\"og:image\" content=\"http:\/\/vertivinies.fr\/wp-content\/uploads\/2026\/01\/Eric-Chevalier-scaled.jpg\" \/>\n\t<meta property=\"og:image:width\" content=\"2560\" \/>\n\t<meta property=\"og:image:height\" content=\"2081\" \/>\n\t<meta property=\"og:image:type\" content=\"image\/jpeg\" \/>\n<meta name=\"twitter:card\" content=\"summary_large_image\" \/>\n<meta name=\"twitter:label1\" content=\"Dur\u00e9e de lecture estim\u00e9e\" \/>\n\t<meta name=\"twitter:data1\" content=\"1 minute\" \/>\n<script type=\"application\/ld+json\" class=\"yoast-schema-graph\">{\"@context\":\"https:\/\/schema.org\",\"@graph\":[{\"@type\":\"WebPage\",\"@id\":\"http:\/\/vertivinies.fr\/index.php\/vignerons-salon-vertivinies\/domaine-eric-chevalier\/\",\"url\":\"http:\/\/vertivinies.fr\/index.php\/vignerons-salon-vertivinies\/domaine-eric-chevalier\/\",\"name\":\"Domaine Eric Chevalier - Les vignerons du salon du vin \\\"Vertivinies\\\" (44)\",\"isPartOf\":{\"@id\":\"http:\/\/vertivinies.fr\/#website\"},\"primaryImageOfPage\":{\"@id\":\"http:\/\/vertivinies.fr\/index.php\/vignerons-salon-vertivinies\/domaine-eric-chevalier\/#primaryimage\"},\"image\":{\"@id\":\"http:\/\/vertivinies.fr\/index.php\/vignerons-salon-vertivinies\/domaine-eric-chevalier\/#primaryimage\"},\"thumbnailUrl\":\"https:\/\/vertivinies.fr\/wp-content\/uploads\/2026\/01\/Eric-Chevalier-scaled.jpg\",\"datePublished\":\"2026-01-18T20:33:19+00:00\",\"dateModified\":\"2026-02-04T16:28:32+00:00\",\"description\":\"D\u00e9couvrez le domaine Eric Chevalier pr\u00e9sent au salon Vertivinies organis\u00e9 par l'association Vertivin situ\u00e9e \u00e0 Vertou pr\u00e8s de Nantes (44).\",\"breadcrumb\":{\"@id\":\"http:\/\/vertivinies.fr\/index.php\/vignerons-salon-vertivinies\/domaine-eric-chevalier\/#breadcrumb\"},\"inLanguage\":\"fr-FR\",\"potentialAction\":[{\"@type\":\"ReadAction\",\"target\":[\"http:\/\/vertivinies.fr\/index.php\/vignerons-salon-vertivinies\/domaine-eric-chevalier\/\"]}]},{\"@type\":\"ImageObject\",\"inLanguage\":\"fr-FR\",\"@id\":\"http:\/\/vertivinies.fr\/index.php\/vignerons-salon-vertivinies\/domaine-eric-chevalier\/#primaryimage\",\"url\":\"https:\/\/vertivinies.fr\/wp-content\/uploads\/2026\/01\/Eric-Chevalier-scaled.jpg\",\"contentUrl\":\"https:\/\/vertivinies.fr\/wp-content\/uploads\/2026\/01\/Eric-Chevalier-scaled.jpg\",\"width\":2560,\"height\":2081},{\"@type\":\"BreadcrumbList\",\"@id\":\"http:\/\/vertivinies.fr\/index.php\/vignerons-salon-vertivinies\/domaine-eric-chevalier\/#breadcrumb\",\"itemListElement\":[{\"@type\":\"ListItem\",\"position\":1,\"name\":\"Accueil\",\"item\":\"http:\/\/vertivinies.fr\/\"},{\"@type\":\"ListItem\",\"position\":2,\"name\":\"Les vignerons pr\u00e9sents lors du salon Vertivinies 2026\",\"item\":\"http:\/\/vertivinies.fr\/index.php\/vignerons-salon-vertivinies\/\"},{\"@type\":\"ListItem\",\"position\":3,\"name\":\"Domaine Eric Chevalier\"}]},{\"@type\":\"WebSite\",\"@id\":\"http:\/\/vertivinies.fr\/#website\",\"url\":\"http:\/\/vertivinies.fr\/\",\"name\":\"Vertivinies\",\"description\":\"\",\"potentialAction\":[{\"@type\":\"SearchAction\",\"target\":{\"@type\":\"EntryPoint\",\"urlTemplate\":\"http:\/\/vertivinies.fr\/?s={search_term_string}\"},\"query-input\":{\"@type\":\"PropertyValueSpecification\",\"valueRequired\":true,\"valueName\":\"search_term_string\"}}],\"inLanguage\":\"fr-FR\"}]}<\/script>\n<!-- \/ Yoast SEO plugin. -->","yoast_head_json":{"title":"Domaine Eric Chevalier - Les vignerons du salon du vin \"Vertivinies\" (44)","description":"D\u00e9couvrez le domaine Eric Chevalier pr\u00e9sent au salon Vertivinies organis\u00e9 par l'association Vertivin situ\u00e9e \u00e0 Vertou pr\u00e8s de Nantes (44).","robots":{"index":"index","follow":"follow","max-snippet":"max-snippet:-1","max-image-preview":"max-image-preview:large","max-video-preview":"max-video-preview:-1"},"canonical":"http:\/\/vertivinies.fr\/index.php\/vignerons-salon-vertivinies\/domaine-eric-chevalier\/","og_locale":"fr_FR","og_type":"article","og_title":"Domaine Eric Chevalier - Les vignerons du salon du vin \"Vertivinies\" (44)","og_description":"D\u00e9couvrez le domaine Eric Chevalier pr\u00e9sent au salon Vertivinies organis\u00e9 par l'association Vertivin situ\u00e9e \u00e0 Vertou pr\u00e8s de Nantes (44).","og_url":"http:\/\/vertivinies.fr\/index.php\/vignerons-salon-vertivinies\/domaine-eric-chevalier\/","og_site_name":"Vertivinies","article_publisher":"https:\/\/www.facebook.com\/vertivin","article_modified_time":"2026-02-04T16:28:32+00:00","og_image":[{"width":2560,"height":2081,"url":"http:\/\/vertivinies.fr\/wp-content\/uploads\/2026\/01\/Eric-Chevalier-scaled.jpg","type":"image\/jpeg"}],"twitter_card":"summary_large_image","twitter_misc":{"Dur\u00e9e de lecture estim\u00e9e":"1 minute"},"schema":{"@context":"https:\/\/schema.org","@graph":[{"@type":"WebPage","@id":"http:\/\/vertivinies.fr\/index.php\/vignerons-salon-vertivinies\/domaine-eric-chevalier\/","url":"http:\/\/vertivinies.fr\/index.php\/vignerons-salon-vertivinies\/domaine-eric-chevalier\/","name":"Domaine Eric Chevalier - Les vignerons du salon du vin \"Vertivinies\" (44)","isPartOf":{"@id":"http:\/\/vertivinies.fr\/#website"},"primaryImageOfPage":{"@id":"http:\/\/vertivinies.fr\/index.php\/vignerons-salon-vertivinies\/domaine-eric-chevalier\/#primaryimage"},"image":{"@id":"http:\/\/vertivinies.fr\/index.php\/vignerons-salon-vertivinies\/domaine-eric-chevalier\/#primaryimage"},"thumbnailUrl":"https:\/\/vertivinies.fr\/wp-content\/uploads\/2026\/01\/Eric-Chevalier-scaled.jpg","datePublished":"2026-01-18T20:33:19+00:00","dateModified":"2026-02-04T16:28:32+00:00","description":"D\u00e9couvrez le domaine Eric Chevalier pr\u00e9sent au salon Vertivinies organis\u00e9 par l'association Vertivin situ\u00e9e \u00e0 Vertou pr\u00e8s de Nantes (44).","breadcrumb":{"@id":"http:\/\/vertivinies.fr\/index.php\/vignerons-salon-vertivinies\/domaine-eric-chevalier\/#breadcrumb"},"inLanguage":"fr-FR","potentialAction":[{"@type":"ReadAction","target":["http:\/\/vertivinies.fr\/index.php\/vignerons-salon-vertivinies\/domaine-eric-chevalier\/"]}]},{"@type":"ImageObject","inLanguage":"fr-FR","@id":"http:\/\/vertivinies.fr\/index.php\/vignerons-salon-vertivinies\/domaine-eric-chevalier\/#primaryimage","url":"https:\/\/vertivinies.fr\/wp-content\/uploads\/2026\/01\/Eric-Chevalier-scaled.jpg","contentUrl":"https:\/\/vertivinies.fr\/wp-content\/uploads\/2026\/01\/Eric-Chevalier-scaled.jpg","width":2560,"height":2081},{"@type":"BreadcrumbList","@id":"http:\/\/vertivinies.fr\/index.php\/vignerons-salon-vertivinies\/domaine-eric-chevalier\/#breadcrumb","itemListElement":[{"@type":"ListItem","position":1,"name":"Accueil","item":"http:\/\/vertivinies.fr\/"},{"@type":"ListItem","position":2,"name":"Les vignerons pr\u00e9sents lors du salon Vertivinies 2026","item":"http:\/\/vertivinies.fr\/index.php\/vignerons-salon-vertivinies\/"},{"@type":"ListItem","position":3,"name":"Domaine Eric Chevalier"}]},{"@type":"WebSite","@id":"http:\/\/vertivinies.fr\/#website","url":"http:\/\/vertivinies.fr\/","name":"Vertivinies","description":"","potentialAction":[{"@type":"SearchAction","target":{"@type":"EntryPoint","urlTemplate":"http:\/\/vertivinies.fr\/?s={search_term_string}"},"query-input":{"@type":"PropertyValueSpecification","valueRequired":true,"valueName":"search_term_string"}}],"inLanguage":"fr-FR"}]}},"_links":{"self":[{"href":"https:\/\/vertivinies.fr\/index.php\/wp-json\/wp\/v2\/pages\/2149","targetHints":{"allow":["GET"]}}],"collection":[{"href":"https:\/\/vertivinies.fr\/index.php\/wp-json\/wp\/v2\/pages"}],"about":[{"href":"https:\/\/vertivinies.fr\/index.php\/wp-json\/wp\/v2\/types\/page"}],"author":[{"embeddable":true,"href":"https:\/\/vertivinies.fr\/index.php\/wp-json\/wp\/v2\/users\/1"}],"replies":[{"embeddable":true,"href":"https:\/\/vertivinies.fr\/index.php\/wp-json\/wp\/v2\/comments?post=2149"}],"version-history":[{"count":7,"href":"https:\/\/vertivinies.fr\/index.php\/wp-json\/wp\/v2\/pages\/2149\/revisions"}],"predecessor-version":[{"id":2236,"href":"https:\/\/vertivinies.fr\/index.php\/wp-json\/wp\/v2\/pages\/2149\/revisions\/2236"}],"up":[{"embeddable":true,"href":"https:\/\/vertivinies.fr\/index.php\/wp-json\/wp\/v2\/pages\/136"}],"wp:featuredmedia":[{"embeddable":true,"href":"https:\/\/vertivinies.fr\/index.php\/wp-json\/wp\/v2\/media\/2150"}],"wp:attachment":[{"href":"https:\/\/vertivinies.fr\/index.php\/wp-json\/wp\/v2\/media?parent=2149"}],"wp:term":[{"taxonomy":"category","embeddable":true,"href":"https:\/\/vertivinies.fr\/index.php\/wp-json\/wp\/v2\/categories?post=2149"},{"taxonomy":"post_tag","embeddable":true,"href":"https:\/\/vertivinies.fr\/index.php\/wp-json\/wp\/v2\/tags?post=2149"}],"curies":[{"name":"wp","href":"https:\/\/api.w.org\/{rel}","templated":true}]}}