{"id":484,"date":"2018-01-24T17:17:44","date_gmt":"2018-01-24T16:17:44","guid":{"rendered":"http:\/\/vertivinies.fr\/?page_id=484"},"modified":"2026-02-09T17:32:53","modified_gmt":"2026-02-09T16:32:53","slug":"domaine-melaric","status":"publish","type":"page","link":"https:\/\/vertivinies.fr\/index.php\/vignerons-salon-vertivinies\/domaine-melaric\/","title":{"rendered":"Domaine Melaric"},"content":{"rendered":"<p><span class=\"vign_thumb_txt\">M\u00e9lanie Cunin et Aymeric Hillaire<\/span><\/p>\n<p><!--more--><br \/>\n\r\n    <div class=\"vign_big_bloc\">\r\n        <div class=\"vign_ss_titre\">M\u00e9lanie Cunin et Aymeric Hillaire<\/div>\r\n        <div class=\"vign_bloc_img\">\r\n            <img loading=\"lazy\" decoding=\"async\" src=\"http:\/\/vertivinies.fr\/wp-content\/uploads\/2025\/01\/Melaric-Credit-photo-Frederic-Hauss-scaled.jpg\" alt=\"\" title=\"\" width=\"578\" height=\"385\" \/>\r\n        <\/div>\r\n\r\n        <div class=\"vign_bloc_param\">\r\n            <p class=\"vign_params\">\r\n                <span class=\"vign_param_titre\">Appellations<\/span><br \/>\r\n                Saumur Puy-Notre-Dame rouge<br \/>\r\nSaumur blanc<br \/>\r\nSaumur effervescent ros\u00e9\r\n                <br \/>\r\n                <span class=\"vign_param_titre\">C\u00e9pages<\/span><br \/>\r\n                C\u00e9pages rouge (2,7 ha) : Cabernet franc (80%), Grolleau (20%) <\/br>C\u00e9pages blanc (2 ha) : Chenin\r\n                <br \/>\r\n                <span class=\"vign_param_titre\">Superficie<\/span><br \/>\r\n                4,7 ha \u00e0 Puy-Notre-Dame (dont 2,7 ha de rouge)\r\n                <br \/>\r\n                <span class=\"vign_param_titre\">Culture<\/span><br \/>\r\n                Agriculture biologique\r\n                <br \/>\r\n                <span class=\"vign_param_titre\">R\u00e9compenses et Mentions<\/span><br \/>\r\n                Guide de la RVF 2026 - Revue Le Rouge et le Blanc\r\n            <\/p>\r\n        <\/div>\r\n    <\/div>\r\n\r\n    <div class=\"vign_bloc_txt\">\r\n        <span style=\"font-size: 24px; color: #b70505;font-weight:bold\">PRESENTATION<\/span><br \/>\r\n<br \/>\r\nFaut-il encore pr\u00e9senter le domaine M\u00e9laric, un habitu\u00e9 des Vertivinies de longue date...<br \/>\r\nC'est assur\u00e9ment un des noms qui resonnent le plus parmi les Saumurois un peu partout en France.<br \/>\r\n<br \/>\r\nL'AOC Saumur Puy Notre Dame est le point culminant pour la r\u00e9gion (106m), ses \"buttes\" de craie sont des terroirsprivil\u00e9gi\u00e9s pour la culture du chenin et c\u00e9pages lig\u00e9riens rouge, id\u00e9alement expos\u00e9s;  M\u00e9lanie Cunin et Aymeric Hillaire s'y sont install\u00e9s sur 4,7ha en 2008 apr\u00e8s avoir offici\u00e9 aupr\u00e8s de grands noms (Bernard Baudry, Pierre Gaillard ou encore Ch\u00e2teau Guiraud et Pradeaux).<br \/>\r\n<br \/>\r\nLeurs lignes de travail sont pr\u00e9cises et men\u00e9es avec rigueur:  une approche respectueuse de la terre et de la vigne, des vignes patur\u00e9es par 15 brebis en saison hivernale. Le travail des sols est fait selon le cahier des charges bio et fondements biodynamique; les vendanges sont manuelles, en petites caisses, avec un tri pr\u00e9alable sur pied. Au chai, aucune extraction, pressurages assez longs, levures indig\u00e8nes, \u00e9levages longs en cave troglodytes (18 \u00e0 36 mois suivant les cuv\u00e9es), fermentations tr\u00e8s lentes. <span style=\"font-weight:bold\">Ici on recherche avant la buvabilit\u00e9 et une grande digestibilit\u00e9 mais sans aucunement n\u00e9gliger la d\u00e9licatesse et la pr\u00e9cision de ces vins au jolis potentiels de garde (Billes de Roche, Clos de la Cerisaie) <\/span> Encore beaucoup de plaisir \u00e0 retrouver aux Vertivinies ces attachants et g\u00e9n\u00e9reux vignerons.<br \/>\r\n<br \/>\r\n<span style=\"font-weight:bold\">Distinctions : <\/span><br \/>\r\n- RVF Guide vert 2026<br \/>\r\n&nbsp;&nbsp;&nbsp;* 90\/100 : Clos Rousseau 2023<br \/>\r\n&nbsp;&nbsp;&nbsp;* 88\/100 : VDF Le tandem 2024<br \/>\r\n- RVF Guide vert 2025<br \/>\r\n&nbsp;&nbsp;&nbsp;* Coup de coeur 94\/100 : Clos de la Cerisaie blanc 2022<br \/>\r\n&nbsp;&nbsp;&nbsp;* 94\/100 : Clos de la Cerisaie rouge 2022<br \/>\r\n&nbsp;&nbsp;&nbsp;* 92\/100 : Saumur Blanc Bille de roche 2022<br \/>\r\n&nbsp;&nbsp;&nbsp;* 91\/100 : Saumur Puy Notre Dame bille de roche rouge 2022<br \/>\r\n- Dossier le rouge et le blanc 2025, trimestre 4<br \/>\r\n&nbsp;&nbsp;&nbsp;* Saumur Puy notre Dame (rouge) 2022 Clos de la Cerisaie 13,5\/20<br \/>\r\n&nbsp;&nbsp;&nbsp;* Saumur Puy notre Dame (rouge) 2021 Bille de roche 15,5\/20<br \/>\r\n&nbsp;&nbsp;&nbsp;* Saumur Puy notre Dame (rouge) 2019 Bille de roche 15\/20<br \/>\r\n<br \/>\r\nLire le compte rendu d'une pr\u00e9c\u00e9dente d\u00e9gustation par les membres de Vertivin\u00a0<a href=\"http:\/\/vertivin.fr\/2018\/01\/compte-rendu-verticale-du-domaine-melaric\/\">d\u00e9gustation ici<\/a><\/span><br \/>\r\n<br \/>\r\n<a href=\" https:\/\/www.facebook.com\/aymerichillaire\"><img loading=\"lazy\" decoding=\"async\" class=\"alignleft size-thumbnail wp-image-237\" src=\"http:\/\/vertivinies.fr\/wp-content\/uploads\/2025\/01\/Logo-facebook-rond.jpg\" alt=\"Logo facebook compos\u00e9 de la lettre F blanc dans un carr\u00e9 bleu\" width=\"60\" height=\"60\" \/><\/a> <a href=\" https:\/\/www.instagram.com\/domainemelaric\/\"><img loading=\"lazy\" decoding=\"async\" class=\"alignleft size-thumbnail wp-image-237\" src=\"http:\/\/vertivinies.fr\/wp-content\/uploads\/2025\/01\/Logo-instagram-rond.jpg\" alt=\"Logo facebook compos\u00e9 de la lettre F blanc dans un carr\u00e9 bleu\" width=\"60\" height=\"60\" \/><\/a>\r\n        <div class=\"vign_bloc_txt_fin\">\r\n            Domaine M\u00e9laric : de la puret\u00e9 du raisin \u00e0 l'\u00e9l\u00e9gance et la subtilit\u00e9 des vins.\r\n            <br \/>\r\n            <div class=\"vign_bloc_event\"><a href=\"https:\/\/www.facebook.com\/Vertivin-171297996346118\/\"><img loading=\"lazy\" decoding=\"async\" src=\"\/wp-content\/uploads\/facebook-evenement.jpg\" width=\"150\" height=\"49\" alt=\"Tous les \u00e9v\u00e8nements \u00e0 venir\" title=\"Tous les \u00e9v\u00e8nements \u00e0 venir\" \/><\/a><\/div>\r\n        <\/div>\r\n    <\/div>\r\n    <div class=\"vign_lienindex\">\r\n        <span class=\"vign_lienprev\"><a href=https:\/\/vertivinies.fr\/index.php\/vignerons-salon-vertivinies\/domaine-des-capreoles\/><< Vigneron pr\u00e9c\u00e9dent >><\/a><\/span>  <span class=\"vign_liennext\"><\/span>\r\n    <\/div>\r\n    <\/p>\n","protected":false},"excerpt":{"rendered":"<p>M\u00e9lanie Cunin et Aymeric Hillaire<\/p>\n","protected":false},"author":1,"featured_media":1743,"parent":136,"menu_order":1,"comment_status":"closed","ping_status":"closed","template":"","meta":{"_acf_changed":false,"footnotes":""},"categories":[12],"tags":[],"class_list":["post-484","page","type-page","status-publish","has-post-thumbnail","hentry","category-vignerons"],"acf":[],"yoast_head":"<!-- This site is optimized with the Yoast SEO plugin v27.1.1 - https:\/\/yoast.com\/product\/yoast-seo-wordpress\/ -->\n<title>Domaine Melaric : Les vignerons du salon du vin &quot;Vertivinies&quot; (44)<\/title>\n<meta name=\"description\" content=\"D\u00e9couvrez le domaine Melaric pr\u00e9sent au salon Vertivinies, salon du vin organis\u00e9 par l&#039;association Vertivin situ\u00e9e \u00e0 Vertou pr\u00e8s de Nantes (44).\" \/>\n<meta name=\"robots\" content=\"index, follow, max-snippet:-1, max-image-preview:large, max-video-preview:-1\" \/>\n<link rel=\"canonical\" href=\"https:\/\/vertivinies.fr\/index.php\/vignerons-salon-vertivinies\/domaine-melaric\/\" \/>\n<meta property=\"og:locale\" content=\"fr_FR\" \/>\n<meta property=\"og:type\" content=\"article\" \/>\n<meta property=\"og:title\" content=\"Domaine Melaric : Les vignerons du salon du vin &quot;Vertivinies&quot; (44)\" \/>\n<meta property=\"og:description\" content=\"D\u00e9couvrez le domaine Melaric pr\u00e9sent au salon Vertivinies, salon du vin organis\u00e9 par l&#039;association Vertivin situ\u00e9e \u00e0 Vertou pr\u00e8s de Nantes (44).\" \/>\n<meta property=\"og:url\" content=\"https:\/\/vertivinies.fr\/index.php\/vignerons-salon-vertivinies\/domaine-melaric\/\" \/>\n<meta property=\"og:site_name\" content=\"Vertivinies\" \/>\n<meta property=\"article:publisher\" content=\"https:\/\/www.facebook.com\/vertivin\" \/>\n<meta property=\"article:modified_time\" content=\"2026-02-09T16:32:53+00:00\" \/>\n<meta property=\"og:image\" content=\"https:\/\/vertivinies.fr\/wp-content\/uploads\/2025\/01\/Melaric-Credit-photo-Frederic-Hauss-scaled.jpg\" \/>\n\t<meta property=\"og:image:width\" content=\"2560\" \/>\n\t<meta property=\"og:image:height\" content=\"1982\" \/>\n\t<meta property=\"og:image:type\" content=\"image\/jpeg\" \/>\n<meta name=\"twitter:card\" content=\"summary_large_image\" \/>\n<meta name=\"twitter:label1\" content=\"Dur\u00e9e de lecture estim\u00e9e\" \/>\n\t<meta name=\"twitter:data1\" content=\"1 minute\" \/>\n<script type=\"application\/ld+json\" class=\"yoast-schema-graph\">{\"@context\":\"https:\/\/schema.org\",\"@graph\":[{\"@type\":\"WebPage\",\"@id\":\"https:\/\/vertivinies.fr\/index.php\/vignerons-salon-vertivinies\/domaine-melaric\/\",\"url\":\"https:\/\/vertivinies.fr\/index.php\/vignerons-salon-vertivinies\/domaine-melaric\/\",\"name\":\"Domaine Melaric : Les vignerons du salon du vin \\\"Vertivinies\\\" (44)\",\"isPartOf\":{\"@id\":\"https:\/\/vertivinies.fr\/#website\"},\"primaryImageOfPage\":{\"@id\":\"https:\/\/vertivinies.fr\/index.php\/vignerons-salon-vertivinies\/domaine-melaric\/#primaryimage\"},\"image\":{\"@id\":\"https:\/\/vertivinies.fr\/index.php\/vignerons-salon-vertivinies\/domaine-melaric\/#primaryimage\"},\"thumbnailUrl\":\"https:\/\/vertivinies.fr\/wp-content\/uploads\/2025\/01\/Melaric-Credit-photo-Frederic-Hauss-scaled.jpg\",\"datePublished\":\"2018-01-24T16:17:44+00:00\",\"dateModified\":\"2026-02-09T16:32:53+00:00\",\"description\":\"D\u00e9couvrez le domaine Melaric pr\u00e9sent au salon Vertivinies, salon du vin organis\u00e9 par l'association Vertivin situ\u00e9e \u00e0 Vertou pr\u00e8s de Nantes (44).\",\"breadcrumb\":{\"@id\":\"https:\/\/vertivinies.fr\/index.php\/vignerons-salon-vertivinies\/domaine-melaric\/#breadcrumb\"},\"inLanguage\":\"fr-FR\",\"potentialAction\":[{\"@type\":\"ReadAction\",\"target\":[\"https:\/\/vertivinies.fr\/index.php\/vignerons-salon-vertivinies\/domaine-melaric\/\"]}]},{\"@type\":\"ImageObject\",\"inLanguage\":\"fr-FR\",\"@id\":\"https:\/\/vertivinies.fr\/index.php\/vignerons-salon-vertivinies\/domaine-melaric\/#primaryimage\",\"url\":\"https:\/\/vertivinies.fr\/wp-content\/uploads\/2025\/01\/Melaric-Credit-photo-Frederic-Hauss-scaled.jpg\",\"contentUrl\":\"https:\/\/vertivinies.fr\/wp-content\/uploads\/2025\/01\/Melaric-Credit-photo-Frederic-Hauss-scaled.jpg\",\"width\":2560,\"height\":1982},{\"@type\":\"BreadcrumbList\",\"@id\":\"https:\/\/vertivinies.fr\/index.php\/vignerons-salon-vertivinies\/domaine-melaric\/#breadcrumb\",\"itemListElement\":[{\"@type\":\"ListItem\",\"position\":1,\"name\":\"Accueil\",\"item\":\"https:\/\/vertivinies.fr\/\"},{\"@type\":\"ListItem\",\"position\":2,\"name\":\"Les vignerons pr\u00e9sents lors du salon Vertivinies 2026\",\"item\":\"http:\/\/vertivinies.fr\/index.php\/vignerons-salon-vertivinies\/\"},{\"@type\":\"ListItem\",\"position\":3,\"name\":\"Domaine Melaric\"}]},{\"@type\":\"WebSite\",\"@id\":\"https:\/\/vertivinies.fr\/#website\",\"url\":\"https:\/\/vertivinies.fr\/\",\"name\":\"Vertivinies\",\"description\":\"\",\"potentialAction\":[{\"@type\":\"SearchAction\",\"target\":{\"@type\":\"EntryPoint\",\"urlTemplate\":\"https:\/\/vertivinies.fr\/?s={search_term_string}\"},\"query-input\":{\"@type\":\"PropertyValueSpecification\",\"valueRequired\":true,\"valueName\":\"search_term_string\"}}],\"inLanguage\":\"fr-FR\"}]}<\/script>\n<!-- \/ Yoast SEO plugin. -->","yoast_head_json":{"title":"Domaine Melaric : Les vignerons du salon du vin \"Vertivinies\" (44)","description":"D\u00e9couvrez le domaine Melaric pr\u00e9sent au salon Vertivinies, salon du vin organis\u00e9 par l'association Vertivin situ\u00e9e \u00e0 Vertou pr\u00e8s de Nantes (44).","robots":{"index":"index","follow":"follow","max-snippet":"max-snippet:-1","max-image-preview":"max-image-preview:large","max-video-preview":"max-video-preview:-1"},"canonical":"https:\/\/vertivinies.fr\/index.php\/vignerons-salon-vertivinies\/domaine-melaric\/","og_locale":"fr_FR","og_type":"article","og_title":"Domaine Melaric : Les vignerons du salon du vin \"Vertivinies\" (44)","og_description":"D\u00e9couvrez le domaine Melaric pr\u00e9sent au salon Vertivinies, salon du vin organis\u00e9 par l'association Vertivin situ\u00e9e \u00e0 Vertou pr\u00e8s de Nantes (44).","og_url":"https:\/\/vertivinies.fr\/index.php\/vignerons-salon-vertivinies\/domaine-melaric\/","og_site_name":"Vertivinies","article_publisher":"https:\/\/www.facebook.com\/vertivin","article_modified_time":"2026-02-09T16:32:53+00:00","og_image":[{"width":2560,"height":1982,"url":"https:\/\/vertivinies.fr\/wp-content\/uploads\/2025\/01\/Melaric-Credit-photo-Frederic-Hauss-scaled.jpg","type":"image\/jpeg"}],"twitter_card":"summary_large_image","twitter_misc":{"Dur\u00e9e de lecture estim\u00e9e":"1 minute"},"schema":{"@context":"https:\/\/schema.org","@graph":[{"@type":"WebPage","@id":"https:\/\/vertivinies.fr\/index.php\/vignerons-salon-vertivinies\/domaine-melaric\/","url":"https:\/\/vertivinies.fr\/index.php\/vignerons-salon-vertivinies\/domaine-melaric\/","name":"Domaine Melaric : Les vignerons du salon du vin \"Vertivinies\" (44)","isPartOf":{"@id":"https:\/\/vertivinies.fr\/#website"},"primaryImageOfPage":{"@id":"https:\/\/vertivinies.fr\/index.php\/vignerons-salon-vertivinies\/domaine-melaric\/#primaryimage"},"image":{"@id":"https:\/\/vertivinies.fr\/index.php\/vignerons-salon-vertivinies\/domaine-melaric\/#primaryimage"},"thumbnailUrl":"https:\/\/vertivinies.fr\/wp-content\/uploads\/2025\/01\/Melaric-Credit-photo-Frederic-Hauss-scaled.jpg","datePublished":"2018-01-24T16:17:44+00:00","dateModified":"2026-02-09T16:32:53+00:00","description":"D\u00e9couvrez le domaine Melaric pr\u00e9sent au salon Vertivinies, salon du vin organis\u00e9 par l'association Vertivin situ\u00e9e \u00e0 Vertou pr\u00e8s de Nantes (44).","breadcrumb":{"@id":"https:\/\/vertivinies.fr\/index.php\/vignerons-salon-vertivinies\/domaine-melaric\/#breadcrumb"},"inLanguage":"fr-FR","potentialAction":[{"@type":"ReadAction","target":["https:\/\/vertivinies.fr\/index.php\/vignerons-salon-vertivinies\/domaine-melaric\/"]}]},{"@type":"ImageObject","inLanguage":"fr-FR","@id":"https:\/\/vertivinies.fr\/index.php\/vignerons-salon-vertivinies\/domaine-melaric\/#primaryimage","url":"https:\/\/vertivinies.fr\/wp-content\/uploads\/2025\/01\/Melaric-Credit-photo-Frederic-Hauss-scaled.jpg","contentUrl":"https:\/\/vertivinies.fr\/wp-content\/uploads\/2025\/01\/Melaric-Credit-photo-Frederic-Hauss-scaled.jpg","width":2560,"height":1982},{"@type":"BreadcrumbList","@id":"https:\/\/vertivinies.fr\/index.php\/vignerons-salon-vertivinies\/domaine-melaric\/#breadcrumb","itemListElement":[{"@type":"ListItem","position":1,"name":"Accueil","item":"https:\/\/vertivinies.fr\/"},{"@type":"ListItem","position":2,"name":"Les vignerons pr\u00e9sents lors du salon Vertivinies 2026","item":"http:\/\/vertivinies.fr\/index.php\/vignerons-salon-vertivinies\/"},{"@type":"ListItem","position":3,"name":"Domaine Melaric"}]},{"@type":"WebSite","@id":"https:\/\/vertivinies.fr\/#website","url":"https:\/\/vertivinies.fr\/","name":"Vertivinies","description":"","potentialAction":[{"@type":"SearchAction","target":{"@type":"EntryPoint","urlTemplate":"https:\/\/vertivinies.fr\/?s={search_term_string}"},"query-input":{"@type":"PropertyValueSpecification","valueRequired":true,"valueName":"search_term_string"}}],"inLanguage":"fr-FR"}]}},"_links":{"self":[{"href":"https:\/\/vertivinies.fr\/index.php\/wp-json\/wp\/v2\/pages\/484","targetHints":{"allow":["GET"]}}],"collection":[{"href":"https:\/\/vertivinies.fr\/index.php\/wp-json\/wp\/v2\/pages"}],"about":[{"href":"https:\/\/vertivinies.fr\/index.php\/wp-json\/wp\/v2\/types\/page"}],"author":[{"embeddable":true,"href":"https:\/\/vertivinies.fr\/index.php\/wp-json\/wp\/v2\/users\/1"}],"replies":[{"embeddable":true,"href":"https:\/\/vertivinies.fr\/index.php\/wp-json\/wp\/v2\/comments?post=484"}],"version-history":[{"count":40,"href":"https:\/\/vertivinies.fr\/index.php\/wp-json\/wp\/v2\/pages\/484\/revisions"}],"predecessor-version":[{"id":2213,"href":"https:\/\/vertivinies.fr\/index.php\/wp-json\/wp\/v2\/pages\/484\/revisions\/2213"}],"up":[{"embeddable":true,"href":"https:\/\/vertivinies.fr\/index.php\/wp-json\/wp\/v2\/pages\/136"}],"wp:featuredmedia":[{"embeddable":true,"href":"https:\/\/vertivinies.fr\/index.php\/wp-json\/wp\/v2\/media\/1743"}],"wp:attachment":[{"href":"https:\/\/vertivinies.fr\/index.php\/wp-json\/wp\/v2\/media?parent=484"}],"wp:term":[{"taxonomy":"category","embeddable":true,"href":"https:\/\/vertivinies.fr\/index.php\/wp-json\/wp\/v2\/categories?post=484"},{"taxonomy":"post_tag","embeddable":true,"href":"https:\/\/vertivinies.fr\/index.php\/wp-json\/wp\/v2\/tags?post=484"}],"curies":[{"name":"wp","href":"https:\/\/api.w.org\/{rel}","templated":true}]}}