{"id":605,"date":"2018-02-05T10:13:13","date_gmt":"2018-02-05T09:13:13","guid":{"rendered":"http:\/\/vertivinies.fr\/?page_id=605"},"modified":"2026-02-08T15:11:02","modified_gmt":"2026-02-08T14:11:02","slug":"domaine-des-capreoles","status":"publish","type":"page","link":"https:\/\/vertivinies.fr\/index.php\/vignerons-salon-vertivinies\/domaine-des-capreoles\/","title":{"rendered":"Domaine des Capr\u00e9oles"},"content":{"rendered":"<p><span class=\"vign_thumb_txt\"><span style=\"vertical-align: inherit;\">C\u00e9dric Lecareux<\/span><\/span><!--more--><br \/>\n<span style=\"vertical-align: inherit;\"> \r\n    <div class=\"vign_big_bloc\">\r\n        <div class=\"vign_ss_titre\">CEDRIC LECAREUX<\/div>\r\n        <div class=\"vign_bloc_img\">\r\n            <img loading=\"lazy\" decoding=\"async\" src=\"http:\/\/vertivinies.fr\/wp-content\/uploads\/2025\/01\/Capreoles-credit-photo-marche-aux-vins-de-Fleurie-1-1-1.jpg\" alt=\"\" title=\"\" width=\"578\" height=\"385\" \/>\r\n        <\/div>\r\n\r\n        <div class=\"vign_bloc_param\">\r\n            <p class=\"vign_params\">\r\n                <span class=\"vign_param_titre\">Appellations<\/span><br \/>\r\n                Beaujolais-Villages<br \/>\r\nRegni\u00e9<br \/>\r\nBeaujolais Blanc\r\n                <br \/>\r\n                <span class=\"vign_param_titre\">C\u00e9pages<\/span><br \/>\r\n                Gamay, Chardonnay\r\n                <br \/>\r\n                <span class=\"vign_param_titre\">Superficie<\/span><br \/>\r\n                 5\/6 ha autour de R\u00e9gni\u00e9-Durette\r\n                <br \/>\r\n                <span class=\"vign_param_titre\">Culture<\/span><br \/>\r\n                Culture : Bio et Biodynamie certifi\u00e9e Biodyvin (Ecocert)\r\n                <br \/>\r\n                <span class=\"vign_param_titre\">R\u00e9compenses et Mentions<\/span><br \/>\r\n                Guide RVF 2026 - Terres de Vin - James Suckling - Parker - Le Point\r\n            <\/p>\r\n        <\/div>\r\n    <\/div>\r\n\r\n    <div class=\"vign_bloc_txt\">\r\n        <span style=\"font-size: 24px; color: #b70505;font-weight:bold\">PRESENTATION<\/span><br \/>\r\n<br \/>\r\nEntre les vieilles vignes plant\u00e9es depuis plus de 80 ans et le plantier en plein essor, le domaine Les Capr\u00e9oles de 5ha  est pos\u00e9 sur des sols peu fertiles (sables granitiques) favorables \u00e0 la production de grands vins. Les usages culturaux et oenologiques s'adaptent aux cuv\u00e9es (plus ou moins d'\u00e9grappages, d'\u00e9levages).<br \/>\r\n<br \/>\r\n<span style=\"font-weight:bold\">C\u00e9dric Lecareux fa\u00e7onne des R\u00e9gni\u00e9 d\u2019une finesse incroyable, puissants et longs en bouche.<\/span> Ce Cru se situe entre les Morgon et les Brouilly.<br \/>\r\n<br \/>\r\nToutes les cuv\u00e9es Cossinelle (ros\u00e9), Axiome (blanc), Chamod\u00e8re, Diaclase ou Sous La Croix ont obtenu de belles notes par la Revue des Vins de France, Bettane et Desseauve, Terres de vins. <br \/>\r\n<br \/>\r\nNous sommes ravis de retrouver le Domaine des Capr\u00e9oles cette ann\u00e9e encore : <span style=\"font-weight:bold\">un des domaines qui gagnent en reconnaissance chaque ann\u00e9e un peu plus.<\/span><br \/>\r\n<br \/>\r\n<span style=\"font-weight:bold\">Distinctions : <\/span><br \/>\r\n- Cuv\u00e9e Sous la Croix 2023 : <br \/>\r\n&nbsp;&nbsp;&nbsp;* 91\/100 guide vert RVF 2026 ; <br \/>\r\n&nbsp;&nbsp;&nbsp;* Article Terre de vin Avril 2025; <br \/>\r\n&nbsp;&nbsp;&nbsp;* James Suckling : 92\/100<br \/>\r\n- Cuv\u00e9e Diaclase 2023 : <br \/>\r\n&nbsp;&nbsp;&nbsp;* 91\/100 guide vert RVF 2026 ; <br \/>\r\n&nbsp;&nbsp;&nbsp;* 1* dans le Guide Hachette des vins 2026<br \/>\r\n&nbsp;&nbsp;&nbsp;* M\u00e9daille d\u2019argent au Concours Terre de vins 2025; <br \/>\r\n&nbsp;&nbsp;&nbsp;* James Suckling :  93\/100<br \/>\r\n- Cuv\u00e9e Chamod\u00e8re 2023 : <br \/>\r\n&nbsp;&nbsp;&nbsp;* 91\/100 guide vert RVF 2026 <br \/>\r\n&nbsp;&nbsp;&nbsp;* James Suckling : 92\/100<br \/>\r\n<br \/>\r\n<a href=\"https:\/\/www.facebook.com\/Capreoles\"><img loading=\"lazy\" decoding=\"async\" class=\"alignleft size-thumbnail wp-image-237\" src=\"http:\/\/vertivinies.fr\/wp-content\/uploads\/2025\/01\/Logo-facebook-rond.jpg\" alt=\"Logo facebook compos\u00e9 de la lettre F blanc dans un carr\u00e9 bleu\" width=\"60\" height=\"60\" \/><\/a>\r\n        <div class=\"vign_bloc_txt_fin\">\r\n            \"L'excellence du beaujolais\"\r\n            <br \/>\r\n            <div class=\"vign_bloc_event\"><a href=\"https:\/\/www.facebook.com\/Vertivin-171297996346118\/\"><img loading=\"lazy\" decoding=\"async\" src=\"\/wp-content\/uploads\/facebook-evenement.jpg\" width=\"150\" height=\"49\" alt=\"Tous les \u00e9v\u00e8nements \u00e0 venir\" title=\"Tous les \u00e9v\u00e8nements \u00e0 venir\" \/><\/a><\/div>\r\n        <\/div>\r\n    <\/div>\r\n    <div class=\"vign_lienindex\">\r\n        <span class=\"vign_lienprev\"><a href=https:\/\/vertivinies.fr\/index.php\/vignerons-salon-vertivinies\/domaine-jacquet\/><< Vigneron pr\u00e9c\u00e9dent >><\/a><\/span>  <span class=\"vign_liennext\"><a href=https:\/\/vertivinies.fr\/index.php\/vignerons-salon-vertivinies\/domaine-melaric\/><< Vigneron suivant >><\/a><\/span>\r\n    <\/div>\r\n    <\/span><\/p>\n","protected":false},"excerpt":{"rendered":"<p>C\u00e9dric Lecareux<\/p>\n","protected":false},"author":1,"featured_media":1730,"parent":136,"menu_order":0,"comment_status":"closed","ping_status":"closed","template":"","meta":{"_acf_changed":false,"footnotes":""},"categories":[12],"tags":[],"class_list":["post-605","page","type-page","status-publish","has-post-thumbnail","hentry","category-vignerons"],"acf":[],"yoast_head":"<!-- This site is optimized with the Yoast SEO plugin v27.1.1 - https:\/\/yoast.com\/product\/yoast-seo-wordpress\/ -->\n<title>Domaine des Capr\u00e9oles : Les vignerons du salon du vin &quot;Vertivinies&quot; (44)<\/title>\n<meta name=\"description\" content=\"D\u00e9couvrez le domaine des Capr\u00e9oles pr\u00e9sent au salon Vertivinies, salon du vin organis\u00e9 par l&#039;association Vertivin situ\u00e9e \u00e0 Vertou pr\u00e8s de Nantes (44).\" \/>\n<meta name=\"robots\" content=\"index, follow, max-snippet:-1, max-image-preview:large, max-video-preview:-1\" \/>\n<link rel=\"canonical\" href=\"https:\/\/vertivinies.fr\/index.php\/vignerons-salon-vertivinies\/domaine-des-capreoles\/\" \/>\n<meta property=\"og:locale\" content=\"fr_FR\" \/>\n<meta property=\"og:type\" content=\"article\" \/>\n<meta property=\"og:title\" content=\"Domaine des Capr\u00e9oles : Les vignerons du salon du vin &quot;Vertivinies&quot; (44)\" \/>\n<meta property=\"og:description\" content=\"D\u00e9couvrez le domaine des Capr\u00e9oles pr\u00e9sent au salon Vertivinies, salon du vin organis\u00e9 par l&#039;association Vertivin situ\u00e9e \u00e0 Vertou pr\u00e8s de Nantes (44).\" \/>\n<meta property=\"og:url\" content=\"https:\/\/vertivinies.fr\/index.php\/vignerons-salon-vertivinies\/domaine-des-capreoles\/\" \/>\n<meta property=\"og:site_name\" content=\"Vertivinies\" \/>\n<meta property=\"article:publisher\" content=\"https:\/\/www.facebook.com\/vertivin\" \/>\n<meta property=\"article:modified_time\" content=\"2026-02-08T14:11:02+00:00\" \/>\n<meta property=\"og:image\" content=\"https:\/\/vertivinies.fr\/wp-content\/uploads\/2025\/01\/Capreoles-credit-photo-marche-aux-vins-de-Fleurie-1-1-1.jpg\" \/>\n\t<meta property=\"og:image:width\" content=\"1279\" \/>\n\t<meta property=\"og:image:height\" content=\"937\" \/>\n\t<meta property=\"og:image:type\" content=\"image\/jpeg\" \/>\n<meta name=\"twitter:card\" content=\"summary_large_image\" \/>\n<meta name=\"twitter:label1\" content=\"Dur\u00e9e de lecture estim\u00e9e\" \/>\n\t<meta name=\"twitter:data1\" content=\"1 minute\" \/>\n<script type=\"application\/ld+json\" class=\"yoast-schema-graph\">{\"@context\":\"https:\/\/schema.org\",\"@graph\":[{\"@type\":\"WebPage\",\"@id\":\"https:\/\/vertivinies.fr\/index.php\/vignerons-salon-vertivinies\/domaine-des-capreoles\/\",\"url\":\"https:\/\/vertivinies.fr\/index.php\/vignerons-salon-vertivinies\/domaine-des-capreoles\/\",\"name\":\"Domaine des Capr\u00e9oles : Les vignerons du salon du vin \\\"Vertivinies\\\" (44)\",\"isPartOf\":{\"@id\":\"http:\/\/vertivinies.fr\/#website\"},\"primaryImageOfPage\":{\"@id\":\"https:\/\/vertivinies.fr\/index.php\/vignerons-salon-vertivinies\/domaine-des-capreoles\/#primaryimage\"},\"image\":{\"@id\":\"https:\/\/vertivinies.fr\/index.php\/vignerons-salon-vertivinies\/domaine-des-capreoles\/#primaryimage\"},\"thumbnailUrl\":\"https:\/\/vertivinies.fr\/wp-content\/uploads\/2025\/01\/Capreoles-credit-photo-marche-aux-vins-de-Fleurie-1-1-1.jpg\",\"datePublished\":\"2018-02-05T09:13:13+00:00\",\"dateModified\":\"2026-02-08T14:11:02+00:00\",\"description\":\"D\u00e9couvrez le domaine des Capr\u00e9oles pr\u00e9sent au salon Vertivinies, salon du vin organis\u00e9 par l'association Vertivin situ\u00e9e \u00e0 Vertou pr\u00e8s de Nantes (44).\",\"breadcrumb\":{\"@id\":\"https:\/\/vertivinies.fr\/index.php\/vignerons-salon-vertivinies\/domaine-des-capreoles\/#breadcrumb\"},\"inLanguage\":\"fr-FR\",\"potentialAction\":[{\"@type\":\"ReadAction\",\"target\":[\"https:\/\/vertivinies.fr\/index.php\/vignerons-salon-vertivinies\/domaine-des-capreoles\/\"]}]},{\"@type\":\"ImageObject\",\"inLanguage\":\"fr-FR\",\"@id\":\"https:\/\/vertivinies.fr\/index.php\/vignerons-salon-vertivinies\/domaine-des-capreoles\/#primaryimage\",\"url\":\"https:\/\/vertivinies.fr\/wp-content\/uploads\/2025\/01\/Capreoles-credit-photo-marche-aux-vins-de-Fleurie-1-1-1.jpg\",\"contentUrl\":\"https:\/\/vertivinies.fr\/wp-content\/uploads\/2025\/01\/Capreoles-credit-photo-marche-aux-vins-de-Fleurie-1-1-1.jpg\",\"width\":1279,\"height\":937},{\"@type\":\"BreadcrumbList\",\"@id\":\"https:\/\/vertivinies.fr\/index.php\/vignerons-salon-vertivinies\/domaine-des-capreoles\/#breadcrumb\",\"itemListElement\":[{\"@type\":\"ListItem\",\"position\":1,\"name\":\"Accueil\",\"item\":\"http:\/\/vertivinies.fr\/\"},{\"@type\":\"ListItem\",\"position\":2,\"name\":\"Les vignerons pr\u00e9sents lors du salon Vertivinies 2026\",\"item\":\"http:\/\/vertivinies.fr\/index.php\/vignerons-salon-vertivinies\/\"},{\"@type\":\"ListItem\",\"position\":3,\"name\":\"Domaine des Capr\u00e9oles\"}]},{\"@type\":\"WebSite\",\"@id\":\"http:\/\/vertivinies.fr\/#website\",\"url\":\"http:\/\/vertivinies.fr\/\",\"name\":\"Vertivinies\",\"description\":\"\",\"potentialAction\":[{\"@type\":\"SearchAction\",\"target\":{\"@type\":\"EntryPoint\",\"urlTemplate\":\"http:\/\/vertivinies.fr\/?s={search_term_string}\"},\"query-input\":{\"@type\":\"PropertyValueSpecification\",\"valueRequired\":true,\"valueName\":\"search_term_string\"}}],\"inLanguage\":\"fr-FR\"}]}<\/script>\n<!-- \/ Yoast SEO plugin. -->","yoast_head_json":{"title":"Domaine des Capr\u00e9oles : Les vignerons du salon du vin \"Vertivinies\" (44)","description":"D\u00e9couvrez le domaine des Capr\u00e9oles pr\u00e9sent au salon Vertivinies, salon du vin organis\u00e9 par l'association Vertivin situ\u00e9e \u00e0 Vertou pr\u00e8s de Nantes (44).","robots":{"index":"index","follow":"follow","max-snippet":"max-snippet:-1","max-image-preview":"max-image-preview:large","max-video-preview":"max-video-preview:-1"},"canonical":"https:\/\/vertivinies.fr\/index.php\/vignerons-salon-vertivinies\/domaine-des-capreoles\/","og_locale":"fr_FR","og_type":"article","og_title":"Domaine des Capr\u00e9oles : Les vignerons du salon du vin \"Vertivinies\" (44)","og_description":"D\u00e9couvrez le domaine des Capr\u00e9oles pr\u00e9sent au salon Vertivinies, salon du vin organis\u00e9 par l'association Vertivin situ\u00e9e \u00e0 Vertou pr\u00e8s de Nantes (44).","og_url":"https:\/\/vertivinies.fr\/index.php\/vignerons-salon-vertivinies\/domaine-des-capreoles\/","og_site_name":"Vertivinies","article_publisher":"https:\/\/www.facebook.com\/vertivin","article_modified_time":"2026-02-08T14:11:02+00:00","og_image":[{"width":1279,"height":937,"url":"https:\/\/vertivinies.fr\/wp-content\/uploads\/2025\/01\/Capreoles-credit-photo-marche-aux-vins-de-Fleurie-1-1-1.jpg","type":"image\/jpeg"}],"twitter_card":"summary_large_image","twitter_misc":{"Dur\u00e9e de lecture estim\u00e9e":"1 minute"},"schema":{"@context":"https:\/\/schema.org","@graph":[{"@type":"WebPage","@id":"https:\/\/vertivinies.fr\/index.php\/vignerons-salon-vertivinies\/domaine-des-capreoles\/","url":"https:\/\/vertivinies.fr\/index.php\/vignerons-salon-vertivinies\/domaine-des-capreoles\/","name":"Domaine des Capr\u00e9oles : Les vignerons du salon du vin \"Vertivinies\" (44)","isPartOf":{"@id":"http:\/\/vertivinies.fr\/#website"},"primaryImageOfPage":{"@id":"https:\/\/vertivinies.fr\/index.php\/vignerons-salon-vertivinies\/domaine-des-capreoles\/#primaryimage"},"image":{"@id":"https:\/\/vertivinies.fr\/index.php\/vignerons-salon-vertivinies\/domaine-des-capreoles\/#primaryimage"},"thumbnailUrl":"https:\/\/vertivinies.fr\/wp-content\/uploads\/2025\/01\/Capreoles-credit-photo-marche-aux-vins-de-Fleurie-1-1-1.jpg","datePublished":"2018-02-05T09:13:13+00:00","dateModified":"2026-02-08T14:11:02+00:00","description":"D\u00e9couvrez le domaine des Capr\u00e9oles pr\u00e9sent au salon Vertivinies, salon du vin organis\u00e9 par l'association Vertivin situ\u00e9e \u00e0 Vertou pr\u00e8s de Nantes (44).","breadcrumb":{"@id":"https:\/\/vertivinies.fr\/index.php\/vignerons-salon-vertivinies\/domaine-des-capreoles\/#breadcrumb"},"inLanguage":"fr-FR","potentialAction":[{"@type":"ReadAction","target":["https:\/\/vertivinies.fr\/index.php\/vignerons-salon-vertivinies\/domaine-des-capreoles\/"]}]},{"@type":"ImageObject","inLanguage":"fr-FR","@id":"https:\/\/vertivinies.fr\/index.php\/vignerons-salon-vertivinies\/domaine-des-capreoles\/#primaryimage","url":"https:\/\/vertivinies.fr\/wp-content\/uploads\/2025\/01\/Capreoles-credit-photo-marche-aux-vins-de-Fleurie-1-1-1.jpg","contentUrl":"https:\/\/vertivinies.fr\/wp-content\/uploads\/2025\/01\/Capreoles-credit-photo-marche-aux-vins-de-Fleurie-1-1-1.jpg","width":1279,"height":937},{"@type":"BreadcrumbList","@id":"https:\/\/vertivinies.fr\/index.php\/vignerons-salon-vertivinies\/domaine-des-capreoles\/#breadcrumb","itemListElement":[{"@type":"ListItem","position":1,"name":"Accueil","item":"http:\/\/vertivinies.fr\/"},{"@type":"ListItem","position":2,"name":"Les vignerons pr\u00e9sents lors du salon Vertivinies 2026","item":"http:\/\/vertivinies.fr\/index.php\/vignerons-salon-vertivinies\/"},{"@type":"ListItem","position":3,"name":"Domaine des Capr\u00e9oles"}]},{"@type":"WebSite","@id":"http:\/\/vertivinies.fr\/#website","url":"http:\/\/vertivinies.fr\/","name":"Vertivinies","description":"","potentialAction":[{"@type":"SearchAction","target":{"@type":"EntryPoint","urlTemplate":"http:\/\/vertivinies.fr\/?s={search_term_string}"},"query-input":{"@type":"PropertyValueSpecification","valueRequired":true,"valueName":"search_term_string"}}],"inLanguage":"fr-FR"}]}},"_links":{"self":[{"href":"https:\/\/vertivinies.fr\/index.php\/wp-json\/wp\/v2\/pages\/605","targetHints":{"allow":["GET"]}}],"collection":[{"href":"https:\/\/vertivinies.fr\/index.php\/wp-json\/wp\/v2\/pages"}],"about":[{"href":"https:\/\/vertivinies.fr\/index.php\/wp-json\/wp\/v2\/types\/page"}],"author":[{"embeddable":true,"href":"https:\/\/vertivinies.fr\/index.php\/wp-json\/wp\/v2\/users\/1"}],"replies":[{"embeddable":true,"href":"https:\/\/vertivinies.fr\/index.php\/wp-json\/wp\/v2\/comments?post=605"}],"version-history":[{"count":56,"href":"https:\/\/vertivinies.fr\/index.php\/wp-json\/wp\/v2\/pages\/605\/revisions"}],"predecessor-version":[{"id":2249,"href":"https:\/\/vertivinies.fr\/index.php\/wp-json\/wp\/v2\/pages\/605\/revisions\/2249"}],"up":[{"embeddable":true,"href":"https:\/\/vertivinies.fr\/index.php\/wp-json\/wp\/v2\/pages\/136"}],"wp:featuredmedia":[{"embeddable":true,"href":"https:\/\/vertivinies.fr\/index.php\/wp-json\/wp\/v2\/media\/1730"}],"wp:attachment":[{"href":"https:\/\/vertivinies.fr\/index.php\/wp-json\/wp\/v2\/media?parent=605"}],"wp:term":[{"taxonomy":"category","embeddable":true,"href":"https:\/\/vertivinies.fr\/index.php\/wp-json\/wp\/v2\/categories?post=605"},{"taxonomy":"post_tag","embeddable":true,"href":"https:\/\/vertivinies.fr\/index.php\/wp-json\/wp\/v2\/tags?post=605"}],"curies":[{"name":"wp","href":"https:\/\/api.w.org\/{rel}","templated":true}]}}