{"id":637,"date":"2018-02-05T14:08:36","date_gmt":"2018-02-05T13:08:36","guid":{"rendered":"http:\/\/vertivinies.fr\/?page_id=637"},"modified":"2026-02-08T15:14:20","modified_gmt":"2026-02-08T14:14:20","slug":"domaine-paul-kubler","status":"publish","type":"page","link":"https:\/\/vertivinies.fr\/index.php\/vignerons-salon-vertivinies\/domaine-paul-kubler\/","title":{"rendered":"Domaine Paul Kubler"},"content":{"rendered":"<p><span class=\"vign_thumb_txt\"><span style=\"vertical-align: inherit;\"><span style=\"vertical-align: inherit;\"><span style=\"vertical-align: inherit;\"><span style=\"vertical-align: inherit;\"><span style=\"vertical-align: inherit;\"><span style=\"vertical-align: inherit;\"><span style=\"vertical-align: inherit;\"><span style=\"vertical-align: inherit;\">Philippe Kubler<\/span><\/span><\/span><\/span><\/span><\/span><\/span><\/span><\/span><!--more--><span style=\"vertical-align: inherit;\"><span style=\"vertical-align: inherit;\"><span style=\"vertical-align: inherit;\"><span style=\"vertical-align: inherit;\"><span style=\"vertical-align: inherit;\"><span style=\"vertical-align: inherit;\"><span style=\"vertical-align: inherit;\"><span style=\"vertical-align: inherit;\"> \r\n    <div class=\"vign_big_bloc\">\r\n        <div class=\"vign_ss_titre\">Philippe Kubler<\/div>\r\n        <div class=\"vign_bloc_img\">\r\n            <img loading=\"lazy\" decoding=\"async\" src=\"http:\/\/vertivinies.fr\/wp-content\/uploads\/2025\/01\/Paul-Kubler-2-scaled.jpg\" alt=\"\" title=\"\" width=\"578\" height=\"385\" \/>\r\n        <\/div>\r\n\r\n        <div class=\"vign_bloc_param\">\r\n            <p class=\"vign_params\">\r\n                <span class=\"vign_param_titre\">Appellations<\/span><br \/>\r\n                Alsace : Pinot Blanc, Riesling, Pinot Gris, Pinot Noir, Gewurztraminer, Breitenberg Riesling, Sylvaner \"Z\"<br \/>\r\nAlsace Vendanges Tardives : Riesling,<br \/>\r\nAlsace Grand Cru : Gewurztraminer Zinnkopfle,<br \/>\r\nAlsace Vendanges Tardives Grand Cru : Gewurztraminer Zinnkopfle,<br \/>\r\nS\u00e9lection de Grains Nobles Alsace Grand Cru : Pinot Gris Zinnkopfle\r\n                <br \/>\r\n                <span class=\"vign_param_titre\">C\u00e9pages<\/span><br \/>\r\n                Pinot Blanc, Sylvaner, Pinot Noir, Muscat, Riesling, Pinot Gris, Gewurztraminer\r\n                <br \/>\r\n                <span class=\"vign_param_titre\">Superficie<\/span><br \/>\r\n                9 ha du cot\u00e9 de Soultzmatt\r\n                <br \/>\r\n                <span class=\"vign_param_titre\">Culture<\/span><br \/>\r\n                Agriculture raisonn\u00e9e - HVE 3\r\n                <br \/>\r\n                <span class=\"vign_param_titre\">R\u00e9compenses et Mentions<\/span><br \/>\r\n                Bettane et Desseauve ; Gault & Millau ; RVF ;  Hachette Vins (jusqu'en 2016) ; Robert Parker\r\n            <\/p>\r\n        <\/div>\r\n    <\/div>\r\n\r\n    <div class=\"vign_bloc_txt\">\r\n        <span style=\"font-size: 24px; color: #b70505;font-weight:bold\">PRESENTATION<\/span><br \/>\r\n<br \/>\r\nChez les Kubler on est vigneron depuis 1620. Philippe perp\u00e9tue le travail de son p\u00e8re Paul avec une d\u00e9marche constante pour obtenir des r\u00e9coltes de haute qualit\u00e9: taille courte, labour, fumure \u00e0 base de composts organiques, utilisation de produits exclusivement naturels. \"Un jardin de vignes\" comme ils l'appellent humblement. <br \/>\r\n<br \/>\r\nLes vendanges se font \u00e0 la main pour <span style=\"font-weight:bold\">pr\u00e9server tout le fruit\u00e9 et sa finesse<\/span>. On laisse les levures naturelles faire leur alchimie.  <br \/>\r\n<br \/>\r\nVous d\u00e9couvrirez de <span style=\"font-weight:bold\">beaux vins de fruits qui expriment les c\u00e9pages <\/span>: les vins de la gamme \u00ab K \u00bb sont  de toute beaut\u00e9. Les \"vins de pierre\" du domaine qui font ressortir les terroirs, sont un beau voyage oenologique sur les coteaux du grand cru Zinnkoepfl\u00e9  point culminant du vignoble alsacien.  Une signature pour tous ces vins : de la tension \u00e0 revendre !<br \/>\r\nGr\u00e2ce \u00e0 la pr\u00e9cision en cave et parce que climat et terroir le permettent: 2 p\u00e9pites en Vendanges Tardives et S\u00e9lection de grains nobles. <br \/>\r\n<br \/>\r\nL'Alsace est immense par sa diversit\u00e9 de terroirs: les vins de la vall\u00e9e de Soultzmatt produits par Philippe Kubler en sont une riche et qualitative repr\u00e9sentation.<br \/>\r\n<br \/>\r\n<span style=\"font-weight:bold\">\"Des vins aussi secs que possible b\u00e2tis pour la table\"<\/span> dit Guillaume Puzo pour le Bettane et Desseauve 2023... pas surprenant qu'il plaise autant au pays du Muscadet.<br \/>\r\n<br \/>\r\n<span style=\"font-weight:bold\">Distinctions : <\/span><br \/>\r\n- Bettane et Desseauve ** (2023)<br \/>\r\n&nbsp;&nbsp;&nbsp;* Riesling Breintenberg 2018 : 91\/100 <br \/>\r\n&nbsp;&nbsp;&nbsp;* Pinot Noir Weingarten 2020 : 93\/100<br \/>\r\n- RVF<br \/>\r\n&nbsp;&nbsp;&nbsp;* VDF Les Combes 2022 : 92\/100<br \/>\r\n&nbsp;&nbsp;&nbsp;* Riesling les Pierriers 2022 : 92\/100<br \/>\r\n&nbsp;&nbsp;&nbsp;* Riesling Breitenberg 2022 : 92\/100<br \/>\r\n&nbsp;&nbsp;&nbsp;* VDF Les Panetiers 2021 : 91\/100<br \/>\r\n<br \/>\r\n<a href=\" https:\/\/www.facebook.com\/DomainePaulKubler\/\"><img loading=\"lazy\" decoding=\"async\" class=\"alignleft size-thumbnail wp-image-237\" src=\"http:\/\/vertivinies.fr\/wp-content\/uploads\/2025\/01\/Logo-facebook-rond.jpg\" alt=\"Logo facebook compos\u00e9 de la lettre F blanc dans un carr\u00e9 bleu\" width=\"60\" height=\"60\" \/><\/a> <a href=\" https:\/\/www.instagram.com\/domainepaulkubler\/\"><img loading=\"lazy\" decoding=\"async\" class=\"alignleft size-thumbnail wp-image-237\" src=\"http:\/\/vertivinies.fr\/wp-content\/uploads\/2025\/01\/Logo-instagram-rond.jpg\" alt=\"Logo facebook compos\u00e9 de la lettre F blanc dans un carr\u00e9 bleu\" width=\"60\" height=\"60\" \/><\/a>\r\n        <div class=\"vign_bloc_txt_fin\">\r\n            \"Un v\u00e9ritable concentr\u00e9 de beaux vins Alsaciens\" les amateurs de cette r\u00e9gion s'y retrouveront assur\u00e9ment\r\n            <br \/>\r\n            <div class=\"vign_bloc_event\"><a href=\"https:\/\/www.facebook.com\/Vertivin-171297996346118\/\"><img loading=\"lazy\" decoding=\"async\" src=\"\/wp-content\/uploads\/facebook-evenement.jpg\" width=\"150\" height=\"49\" alt=\"Tous les \u00e9v\u00e8nements \u00e0 venir\" title=\"Tous les \u00e9v\u00e8nements \u00e0 venir\" \/><\/a><\/div>\r\n        <\/div>\r\n    <\/div>\r\n    <div class=\"vign_lienindex\">\r\n        <span class=\"vign_lienprev\"><a href=https:\/\/vertivinies.fr\/index.php\/vignerons-salon-vertivinies\/domaine-agarrus\/><< Vigneron pr\u00e9c\u00e9dent >><\/a><\/span>  <span class=\"vign_liennext\"><a href=https:\/\/vertivinies.fr\/index.php\/vignerons-salon-vertivinies\/domaine-des-terres-docres\/><< Vigneron suivant >><\/a><\/span>\r\n    <\/div>\r\n    <\/span><\/span><\/span><\/span><\/span><\/span><\/span><\/span><\/p>\n","protected":false},"excerpt":{"rendered":"<p>Philippe Kubler<\/p>\n","protected":false},"author":1,"featured_media":1745,"parent":136,"menu_order":0,"comment_status":"closed","ping_status":"closed","template":"","meta":{"_acf_changed":false,"footnotes":""},"categories":[12],"tags":[],"class_list":["post-637","page","type-page","status-publish","has-post-thumbnail","hentry","category-vignerons"],"acf":[],"yoast_head":"<!-- This site is optimized with the Yoast SEO plugin v27.1.1 - https:\/\/yoast.com\/product\/yoast-seo-wordpress\/ -->\n<title>Domaine Paul Kubler : Les vignerons du salon du vin &quot;Vertivinies&quot; (44)<\/title>\n<meta name=\"description\" content=\"D\u00e9couvrez le domaine Paul Kubler pr\u00e9sent au salon Vertivinies, salon du vin organis\u00e9 par l&#039;association Vertivin situ\u00e9e \u00e0 Vertou pr\u00e8s de Nantes (44).\" \/>\n<meta name=\"robots\" content=\"index, follow, max-snippet:-1, max-image-preview:large, max-video-preview:-1\" \/>\n<link rel=\"canonical\" href=\"https:\/\/vertivinies.fr\/index.php\/vignerons-salon-vertivinies\/domaine-paul-kubler\/\" \/>\n<meta property=\"og:locale\" content=\"fr_FR\" \/>\n<meta property=\"og:type\" content=\"article\" \/>\n<meta property=\"og:title\" content=\"Domaine Paul Kubler : Les vignerons du salon du vin &quot;Vertivinies&quot; (44)\" \/>\n<meta property=\"og:description\" content=\"D\u00e9couvrez le domaine Paul Kubler pr\u00e9sent au salon Vertivinies, salon du vin organis\u00e9 par l&#039;association Vertivin situ\u00e9e \u00e0 Vertou pr\u00e8s de Nantes (44).\" \/>\n<meta property=\"og:url\" content=\"https:\/\/vertivinies.fr\/index.php\/vignerons-salon-vertivinies\/domaine-paul-kubler\/\" \/>\n<meta property=\"og:site_name\" content=\"Vertivinies\" \/>\n<meta property=\"article:publisher\" content=\"https:\/\/www.facebook.com\/vertivin\" \/>\n<meta property=\"article:modified_time\" content=\"2026-02-08T14:14:20+00:00\" \/>\n<meta property=\"og:image\" content=\"https:\/\/vertivinies.fr\/wp-content\/uploads\/2025\/01\/Paul-Kubler-2-scaled.jpg\" \/>\n\t<meta property=\"og:image:width\" content=\"2560\" \/>\n\t<meta property=\"og:image:height\" content=\"1964\" \/>\n\t<meta property=\"og:image:type\" content=\"image\/jpeg\" \/>\n<meta name=\"twitter:card\" content=\"summary_large_image\" \/>\n<meta name=\"twitter:label1\" content=\"Dur\u00e9e de lecture estim\u00e9e\" \/>\n\t<meta name=\"twitter:data1\" content=\"1 minute\" \/>\n<script type=\"application\/ld+json\" class=\"yoast-schema-graph\">{\"@context\":\"https:\/\/schema.org\",\"@graph\":[{\"@type\":\"WebPage\",\"@id\":\"https:\/\/vertivinies.fr\/index.php\/vignerons-salon-vertivinies\/domaine-paul-kubler\/\",\"url\":\"https:\/\/vertivinies.fr\/index.php\/vignerons-salon-vertivinies\/domaine-paul-kubler\/\",\"name\":\"Domaine Paul Kubler : Les vignerons du salon du vin \\\"Vertivinies\\\" (44)\",\"isPartOf\":{\"@id\":\"http:\/\/vertivinies.fr\/#website\"},\"primaryImageOfPage\":{\"@id\":\"https:\/\/vertivinies.fr\/index.php\/vignerons-salon-vertivinies\/domaine-paul-kubler\/#primaryimage\"},\"image\":{\"@id\":\"https:\/\/vertivinies.fr\/index.php\/vignerons-salon-vertivinies\/domaine-paul-kubler\/#primaryimage\"},\"thumbnailUrl\":\"https:\/\/vertivinies.fr\/wp-content\/uploads\/2025\/01\/Paul-Kubler-2-scaled.jpg\",\"datePublished\":\"2018-02-05T13:08:36+00:00\",\"dateModified\":\"2026-02-08T14:14:20+00:00\",\"description\":\"D\u00e9couvrez le domaine Paul Kubler pr\u00e9sent au salon Vertivinies, salon du vin organis\u00e9 par l'association Vertivin situ\u00e9e \u00e0 Vertou pr\u00e8s de Nantes (44).\",\"breadcrumb\":{\"@id\":\"https:\/\/vertivinies.fr\/index.php\/vignerons-salon-vertivinies\/domaine-paul-kubler\/#breadcrumb\"},\"inLanguage\":\"fr-FR\",\"potentialAction\":[{\"@type\":\"ReadAction\",\"target\":[\"https:\/\/vertivinies.fr\/index.php\/vignerons-salon-vertivinies\/domaine-paul-kubler\/\"]}]},{\"@type\":\"ImageObject\",\"inLanguage\":\"fr-FR\",\"@id\":\"https:\/\/vertivinies.fr\/index.php\/vignerons-salon-vertivinies\/domaine-paul-kubler\/#primaryimage\",\"url\":\"https:\/\/vertivinies.fr\/wp-content\/uploads\/2025\/01\/Paul-Kubler-2-scaled.jpg\",\"contentUrl\":\"https:\/\/vertivinies.fr\/wp-content\/uploads\/2025\/01\/Paul-Kubler-2-scaled.jpg\",\"width\":2560,\"height\":1964},{\"@type\":\"BreadcrumbList\",\"@id\":\"https:\/\/vertivinies.fr\/index.php\/vignerons-salon-vertivinies\/domaine-paul-kubler\/#breadcrumb\",\"itemListElement\":[{\"@type\":\"ListItem\",\"position\":1,\"name\":\"Accueil\",\"item\":\"http:\/\/vertivinies.fr\/\"},{\"@type\":\"ListItem\",\"position\":2,\"name\":\"Les vignerons pr\u00e9sents lors du salon Vertivinies 2026\",\"item\":\"http:\/\/vertivinies.fr\/index.php\/vignerons-salon-vertivinies\/\"},{\"@type\":\"ListItem\",\"position\":3,\"name\":\"Domaine Paul Kubler\"}]},{\"@type\":\"WebSite\",\"@id\":\"http:\/\/vertivinies.fr\/#website\",\"url\":\"http:\/\/vertivinies.fr\/\",\"name\":\"Vertivinies\",\"description\":\"\",\"potentialAction\":[{\"@type\":\"SearchAction\",\"target\":{\"@type\":\"EntryPoint\",\"urlTemplate\":\"http:\/\/vertivinies.fr\/?s={search_term_string}\"},\"query-input\":{\"@type\":\"PropertyValueSpecification\",\"valueRequired\":true,\"valueName\":\"search_term_string\"}}],\"inLanguage\":\"fr-FR\"}]}<\/script>\n<!-- \/ Yoast SEO plugin. -->","yoast_head_json":{"title":"Domaine Paul Kubler : Les vignerons du salon du vin \"Vertivinies\" (44)","description":"D\u00e9couvrez le domaine Paul Kubler pr\u00e9sent au salon Vertivinies, salon du vin organis\u00e9 par l'association Vertivin situ\u00e9e \u00e0 Vertou pr\u00e8s de Nantes (44).","robots":{"index":"index","follow":"follow","max-snippet":"max-snippet:-1","max-image-preview":"max-image-preview:large","max-video-preview":"max-video-preview:-1"},"canonical":"https:\/\/vertivinies.fr\/index.php\/vignerons-salon-vertivinies\/domaine-paul-kubler\/","og_locale":"fr_FR","og_type":"article","og_title":"Domaine Paul Kubler : Les vignerons du salon du vin \"Vertivinies\" (44)","og_description":"D\u00e9couvrez le domaine Paul Kubler pr\u00e9sent au salon Vertivinies, salon du vin organis\u00e9 par l'association Vertivin situ\u00e9e \u00e0 Vertou pr\u00e8s de Nantes (44).","og_url":"https:\/\/vertivinies.fr\/index.php\/vignerons-salon-vertivinies\/domaine-paul-kubler\/","og_site_name":"Vertivinies","article_publisher":"https:\/\/www.facebook.com\/vertivin","article_modified_time":"2026-02-08T14:14:20+00:00","og_image":[{"width":2560,"height":1964,"url":"https:\/\/vertivinies.fr\/wp-content\/uploads\/2025\/01\/Paul-Kubler-2-scaled.jpg","type":"image\/jpeg"}],"twitter_card":"summary_large_image","twitter_misc":{"Dur\u00e9e de lecture estim\u00e9e":"1 minute"},"schema":{"@context":"https:\/\/schema.org","@graph":[{"@type":"WebPage","@id":"https:\/\/vertivinies.fr\/index.php\/vignerons-salon-vertivinies\/domaine-paul-kubler\/","url":"https:\/\/vertivinies.fr\/index.php\/vignerons-salon-vertivinies\/domaine-paul-kubler\/","name":"Domaine Paul Kubler : Les vignerons du salon du vin \"Vertivinies\" (44)","isPartOf":{"@id":"http:\/\/vertivinies.fr\/#website"},"primaryImageOfPage":{"@id":"https:\/\/vertivinies.fr\/index.php\/vignerons-salon-vertivinies\/domaine-paul-kubler\/#primaryimage"},"image":{"@id":"https:\/\/vertivinies.fr\/index.php\/vignerons-salon-vertivinies\/domaine-paul-kubler\/#primaryimage"},"thumbnailUrl":"https:\/\/vertivinies.fr\/wp-content\/uploads\/2025\/01\/Paul-Kubler-2-scaled.jpg","datePublished":"2018-02-05T13:08:36+00:00","dateModified":"2026-02-08T14:14:20+00:00","description":"D\u00e9couvrez le domaine Paul Kubler pr\u00e9sent au salon Vertivinies, salon du vin organis\u00e9 par l'association Vertivin situ\u00e9e \u00e0 Vertou pr\u00e8s de Nantes (44).","breadcrumb":{"@id":"https:\/\/vertivinies.fr\/index.php\/vignerons-salon-vertivinies\/domaine-paul-kubler\/#breadcrumb"},"inLanguage":"fr-FR","potentialAction":[{"@type":"ReadAction","target":["https:\/\/vertivinies.fr\/index.php\/vignerons-salon-vertivinies\/domaine-paul-kubler\/"]}]},{"@type":"ImageObject","inLanguage":"fr-FR","@id":"https:\/\/vertivinies.fr\/index.php\/vignerons-salon-vertivinies\/domaine-paul-kubler\/#primaryimage","url":"https:\/\/vertivinies.fr\/wp-content\/uploads\/2025\/01\/Paul-Kubler-2-scaled.jpg","contentUrl":"https:\/\/vertivinies.fr\/wp-content\/uploads\/2025\/01\/Paul-Kubler-2-scaled.jpg","width":2560,"height":1964},{"@type":"BreadcrumbList","@id":"https:\/\/vertivinies.fr\/index.php\/vignerons-salon-vertivinies\/domaine-paul-kubler\/#breadcrumb","itemListElement":[{"@type":"ListItem","position":1,"name":"Accueil","item":"http:\/\/vertivinies.fr\/"},{"@type":"ListItem","position":2,"name":"Les vignerons pr\u00e9sents lors du salon Vertivinies 2026","item":"http:\/\/vertivinies.fr\/index.php\/vignerons-salon-vertivinies\/"},{"@type":"ListItem","position":3,"name":"Domaine Paul Kubler"}]},{"@type":"WebSite","@id":"http:\/\/vertivinies.fr\/#website","url":"http:\/\/vertivinies.fr\/","name":"Vertivinies","description":"","potentialAction":[{"@type":"SearchAction","target":{"@type":"EntryPoint","urlTemplate":"http:\/\/vertivinies.fr\/?s={search_term_string}"},"query-input":{"@type":"PropertyValueSpecification","valueRequired":true,"valueName":"search_term_string"}}],"inLanguage":"fr-FR"}]}},"_links":{"self":[{"href":"https:\/\/vertivinies.fr\/index.php\/wp-json\/wp\/v2\/pages\/637","targetHints":{"allow":["GET"]}}],"collection":[{"href":"https:\/\/vertivinies.fr\/index.php\/wp-json\/wp\/v2\/pages"}],"about":[{"href":"https:\/\/vertivinies.fr\/index.php\/wp-json\/wp\/v2\/types\/page"}],"author":[{"embeddable":true,"href":"https:\/\/vertivinies.fr\/index.php\/wp-json\/wp\/v2\/users\/1"}],"replies":[{"embeddable":true,"href":"https:\/\/vertivinies.fr\/index.php\/wp-json\/wp\/v2\/comments?post=637"}],"version-history":[{"count":25,"href":"https:\/\/vertivinies.fr\/index.php\/wp-json\/wp\/v2\/pages\/637\/revisions"}],"predecessor-version":[{"id":2253,"href":"https:\/\/vertivinies.fr\/index.php\/wp-json\/wp\/v2\/pages\/637\/revisions\/2253"}],"up":[{"embeddable":true,"href":"https:\/\/vertivinies.fr\/index.php\/wp-json\/wp\/v2\/pages\/136"}],"wp:featuredmedia":[{"embeddable":true,"href":"https:\/\/vertivinies.fr\/index.php\/wp-json\/wp\/v2\/media\/1745"}],"wp:attachment":[{"href":"https:\/\/vertivinies.fr\/index.php\/wp-json\/wp\/v2\/media?parent=637"}],"wp:term":[{"taxonomy":"category","embeddable":true,"href":"https:\/\/vertivinies.fr\/index.php\/wp-json\/wp\/v2\/categories?post=637"},{"taxonomy":"post_tag","embeddable":true,"href":"https:\/\/vertivinies.fr\/index.php\/wp-json\/wp\/v2\/tags?post=637"}],"curies":[{"name":"wp","href":"https:\/\/api.w.org\/{rel}","templated":true}]}}