{"id":83,"date":"2016-03-15T19:58:55","date_gmt":"2016-03-15T18:58:55","guid":{"rendered":"http:\/\/vertivin.fr\/vertivinies\/?page_id=76"},"modified":"2022-04-06T12:48:37","modified_gmt":"2022-04-06T11:48:37","slug":"contact","status":"publish","type":"page","link":"https:\/\/vertivinies.fr\/index.php\/contact\/","title":{"rendered":"Contactez-nous !"},"content":{"rendered":"<p><code>\n\n<!-- Fast Secure Contact Form plugin 4.0.43 - begin - FastSecureContactForm.com -->\r\n<div style=\"clear:both;\"><\/div>\n\r\n<div id=\"FSContact1\" style=\"width:99%; max-width:555px;\">\r\n<form enctype=\"multipart\/form-data\" action=\"https:\/\/vertivinies.fr\/index.php\/wp-json\/wp\/v2\/pages\/83#FSContact1\" id=\"fscf_form1\" method=\"post\">\r\n<fieldset id=\"fscf_form_fieldset1\" style=\"border:1px solid black; width:99%; max-width:550px; padding:10px;\">\n<legend>Formulaire de contact<\/legend>\n\n<div id=\"fscf_required1\">\n  <span style=\"text-align:left;\">*<\/span> <span style=\"text-align:left;\">* indique champ obligatoire<\/span>\n<\/div>\n\n\n<div id=\"fscf_div_clear1_0\" style=\"clear:both;\">\n  <div id=\"fscf_div_field1_0\" style=\"clear:left; float:left; width:99%; max-width:550px; margin-right:10px;\">\r\n    <div style=\"text-align:left; padding-top:5px;\">\n      <label style=\"text-align:left;\" for=\"fscf_name1\">Noms:<span style=\"text-align:left;\">*<\/span><\/label>\n    <\/div>\r\n    <div style=\"text-align:left;\">\r\n      <input style=\"text-align:left; margin:0; width:99%; max-width:250px;\" type=\"text\" id=\"fscf_name1\" name=\"full_name\" value=\"\"  \/>\r\n    <\/div>\r\n  <\/div>\n<\/div>\n\n<div id=\"fscf_div_clear1_4\" style=\"clear:both;\">\n  <div id=\"fscf_div_field1_4\" style=\"clear:left; float:left; width:99%; max-width:550px; margin-right:10px;\">\n    <div  id=\"fscf_label1_4\" style=\"text-align:left; padding-top:5px;\">\r\n      <label style=\"text-align:left;\" for=\"fscf_field1_4\">Pr\u00e9nom<span style=\"text-align:left;\">*<\/span><\/label>\n    <\/div>\n    <div style=\"text-align:left;\">\n      <input style=\"text-align:left; margin:0; width:99%; max-width:250px;\" type=\"text\" id=\"fscf_field1_4\" name=\"Prenom\" value=\"\"  \/>\n    <\/div>\n  <\/div>\n<\/div>\n\n<div id=\"fscf_div_clear1_1\" style=\"clear:both;\">\n  <div id=\"fscf_div_field1_1\" style=\"clear:left; float:left; width:99%; max-width:550px; margin-right:10px;\">\n    <div style=\"text-align:left; padding-top:5px;\">\n      <label style=\"text-align:left;\" for=\"fscf_email1\">Courriel<span style=\"text-align:left;\">*<\/span><\/label>\n    <\/div>\n    <div style=\"text-align:left;\">\n      <input style=\"text-align:left; margin:0; width:99%; max-width:250px;\" type=\"text\" id=\"fscf_email1\" name=\"email\" value=\"\"  \/>\n    <\/div>\n  <\/div>\n<\/div>\n\n<div id=\"fscf_div_clear1_2\" style=\"clear:both;\">\n  <div id=\"fscf_div_field1_2\" style=\"clear:left; float:left; width:99%; max-width:550px; margin-right:10px;\">\n    <div style=\"text-align:left; padding-top:5px;\">\n      <label style=\"text-align:left;\" for=\"fscf_field1_2\">Objet:<span style=\"text-align:left;\">*<\/span><\/label>\n    <\/div>\n    <div style=\"text-align:left;\">\n      <input style=\"text-align:left; margin:0; width:99%; max-width:250px;\" type=\"text\" id=\"fscf_field1_2\" name=\"subject\" value=\"\"  \/>\n    <\/div>\n  <\/div>\n<\/div>\n\n<div id=\"fscf_div_clear1_3\" style=\"clear:both;\">\n  <div id=\"fscf_div_field1_3\" style=\"clear:left; float:left; width:99%; max-width:550px; margin-right:10px;\">\n    <div style=\"text-align:left; padding-top:5px;\">\n      <label style=\"text-align:left;\" for=\"fscf_field1_3\">Message<span style=\"text-align:left;\">*<\/span><\/label>\n    <\/div>\n    <div style=\"text-align:left;\">\n      <textarea style=\"text-align:left; margin:0; width:99%; max-width:250px; height:120px;\" id=\"fscf_field1_3\" name=\"message\" cols=\"30\" rows=\"10\" ><\/textarea>\n    <\/div>\n  <\/div>\n<\/div>\n\n<div id=\"fscf_div_clear1_5\" style=\"clear:both;\">\n  <div id=\"fscf_div_field1_5\" style=\"clear:left; float:left; width:99%; max-width:550px; margin-right:10px;\">\n    <div  id=\"fscf_label1_5\" style=\"text-align:left; padding-top:5px;\">\r\n      <label style=\"text-align:left;\" for=\"fscf_field1_5\">Pi\u00e8ce jointe<\/label>\n    <\/div>\n    <div style=\"text-align:left;\">\n      <input style=\"text-align:left; margin:0; width:99%; max-width:250px;\" type=\"file\" id=\"fscf_field1_5\" name=\"Piece-jointe\"  size=\"20\" \/><br \/>\n      <span id=\"fscf_hint_file_types1_5\" style=\"font-size:x-small; font-weight:normal;\">Types de fichiers autoris\u00e9s: doc,docx,pdf,txt,gif,jpg,jpeg,png.<br \/>Taille maximale des fichiers: 1mb.<\/span>\n    <\/div>\n  <\/div>\n<\/div>\r\n<div style=\"clear:both;\"><\/div>\n\n<div style=\"text-align:left; padding-top:5px;\">\n<\/div>\n<div id=\"fscf_captcha_image_div1\" style=\"width:250px; height:65px; padding-top:2px;\">\n      <img loading=\"lazy\" decoding=\"async\" id=\"fscf_captcha_image1\" style=\"border-style:none; margin:0; padding:0px; padding-right:5px; float:left;\" src=\"https:\/\/vertivinies.fr\/wp-content\/plugins\/si-contact-form\/captcha\/securimage_show.php?prefix=uTBdvEexV32ue7V8\" width=\"175\" height=\"60\" alt=\"Image Anti-spam\" title=\"Image Anti-spam\" \/>\n      <input id=\"fscf_captcha_prefix1\" type=\"hidden\" name=\"fscf_captcha_prefix1\" value=\"uTBdvEexV32ue7V8\" \/>\n     <div id=\"fscf_captcha_refresh1\">\n        <a href=\"#\" rel=\"nofollow\" title=\"Rafra\u00eechir l&#039;image\" onclick=\"fscf_captcha_refresh('1','\/wp-content\/plugins\/si-contact-form\/captcha','https:\/\/vertivinies.fr\/wp-content\/plugins\/si-contact-form\/captcha\/securimage_show.php?prefix='); return false;\">\n        <img loading=\"lazy\" decoding=\"async\" src=\"https:\/\/vertivinies.fr\/wp-content\/plugins\/si-contact-form\/captcha\/images\/refresh.png\" width=\"22\" height=\"20\" alt=\"Rafra\u00eechir l&#039;image\" style=\"border-style:none; margin:0; padding:0px; vertical-align:bottom;\" onclick=\"this.blur();\" \/><\/a>\r\n     <\/div>\r\n<\/div>\r\n\r\n<div id=\"fscf_captcha_field1\" style=\"text-align:left; padding-top:5px;\">\r\n     <label style=\"text-align:left;\" for=\"fscf_captcha_code1\">Code Anti-spam<span style=\"text-align:left;\">*<\/span><\/label>\r\n<\/div>\r\n<div style=\"text-align:left;\">\n     <input style=\"text-align:left; margin:0; width:50px;\" type=\"text\" value=\"\" autocomplete=\"off\" id=\"fscf_captcha_code1\" name=\"captcha_code\"  \/>\n<\/div>\n\n<div id=\"fscf_submit_div1\" style=\"text-align:left; clear:both; padding-top:15px;\">\r\n\t\t<input type=\"submit\" id=\"fscf_submit1\" style=\"cursor:pointer; margin:0;\" value=\"ENVOYER\"  onclick=\"return confirm('Etes-vous s\u00fbr?')\" \/> \n<\/div>\n<\/fieldset>\n\n<input type=\"hidden\" name=\"fscf_submitted\" value=\"0\" \/>\n<input type=\"hidden\" name=\"fs_postonce_1\" value=\"7febd123dc65c6a8550a5f0304d3c18f,1777210746\" \/>\n<input type=\"hidden\" name=\"si_contact_action\" value=\"send\" \/>\n<input type=\"hidden\" name=\"form_id\" value=\"1\" \/>\n<input type=\"hidden\" name=\"mailto_id\" value=\"1\" \/>\n\n<\/form>\n<\/div>\r\n<div style=\"clear:both;\"><\/div>\n\n<!-- Fast Secure Contact Form plugin 4.0.43 - end - FastSecureContactForm.com -->\n<\/code><br \/>\n&#8211;<\/p>\n","protected":false},"excerpt":{"rendered":"<p>&#8211;<\/p>\n","protected":false},"author":3,"featured_media":0,"parent":0,"menu_order":0,"comment_status":"closed","ping_status":"closed","template":"","meta":{"_acf_changed":false,"footnotes":""},"categories":[],"tags":[],"class_list":["post-83","page","type-page","status-publish","hentry"],"acf":[],"yoast_head":"<!-- This site is optimized with the Yoast SEO plugin v27.1.1 - https:\/\/yoast.com\/product\/yoast-seo-wordpress\/ -->\n<title>Page de contact de l&#039;association viticole Vertivin (44)<\/title>\n<meta name=\"description\" content=\"Contactez l&#039;association Vertivin pour tous renseignements ! Retrouvez une carte pour acc\u00e9der au Ch\u00e2teau de la Fr\u00e9moire \u00e0 Vertou.\" \/>\n<meta name=\"robots\" content=\"index, follow, max-snippet:-1, max-image-preview:large, max-video-preview:-1\" \/>\n<link rel=\"canonical\" href=\"https:\/\/vertivinies.fr\/index.php\/contact\/\" \/>\n<meta property=\"og:locale\" content=\"fr_FR\" \/>\n<meta property=\"og:type\" content=\"article\" \/>\n<meta property=\"og:title\" content=\"Page de contact de l&#039;association viticole Vertivin (44)\" \/>\n<meta property=\"og:description\" content=\"Contactez l&#039;association Vertivin pour tous renseignements ! Retrouvez une carte pour acc\u00e9der au Ch\u00e2teau de la Fr\u00e9moire \u00e0 Vertou.\" \/>\n<meta property=\"og:url\" content=\"https:\/\/vertivinies.fr\/index.php\/contact\/\" \/>\n<meta property=\"og:site_name\" content=\"Vertivinies\" \/>\n<meta property=\"article:publisher\" content=\"https:\/\/www.facebook.com\/vertivin\" \/>\n<meta property=\"article:modified_time\" content=\"2022-04-06T11:48:37+00:00\" \/>\n<meta name=\"twitter:card\" content=\"summary_large_image\" \/>\n<script type=\"application\/ld+json\" class=\"yoast-schema-graph\">{\"@context\":\"https:\/\/schema.org\",\"@graph\":[{\"@type\":\"WebPage\",\"@id\":\"https:\/\/vertivinies.fr\/index.php\/contact\/\",\"url\":\"https:\/\/vertivinies.fr\/index.php\/contact\/\",\"name\":\"Page de contact de l'association viticole Vertivin (44)\",\"isPartOf\":{\"@id\":\"http:\/\/vertivinies.fr\/#website\"},\"datePublished\":\"2016-03-15T18:58:55+00:00\",\"dateModified\":\"2022-04-06T11:48:37+00:00\",\"description\":\"Contactez l'association Vertivin pour tous renseignements ! Retrouvez une carte pour acc\u00e9der au Ch\u00e2teau de la Fr\u00e9moire \u00e0 Vertou.\",\"breadcrumb\":{\"@id\":\"https:\/\/vertivinies.fr\/index.php\/contact\/#breadcrumb\"},\"inLanguage\":\"fr-FR\",\"potentialAction\":[{\"@type\":\"ReadAction\",\"target\":[\"https:\/\/vertivinies.fr\/index.php\/contact\/\"]}]},{\"@type\":\"BreadcrumbList\",\"@id\":\"https:\/\/vertivinies.fr\/index.php\/contact\/#breadcrumb\",\"itemListElement\":[{\"@type\":\"ListItem\",\"position\":1,\"name\":\"Accueil\",\"item\":\"http:\/\/vertivinies.fr\/\"},{\"@type\":\"ListItem\",\"position\":2,\"name\":\"Contactez-nous !\"}]},{\"@type\":\"WebSite\",\"@id\":\"http:\/\/vertivinies.fr\/#website\",\"url\":\"http:\/\/vertivinies.fr\/\",\"name\":\"Vertivinies\",\"description\":\"\",\"potentialAction\":[{\"@type\":\"SearchAction\",\"target\":{\"@type\":\"EntryPoint\",\"urlTemplate\":\"http:\/\/vertivinies.fr\/?s={search_term_string}\"},\"query-input\":{\"@type\":\"PropertyValueSpecification\",\"valueRequired\":true,\"valueName\":\"search_term_string\"}}],\"inLanguage\":\"fr-FR\"}]}<\/script>\n<!-- \/ Yoast SEO plugin. -->","yoast_head_json":{"title":"Page de contact de l'association viticole Vertivin (44)","description":"Contactez l'association Vertivin pour tous renseignements ! Retrouvez une carte pour acc\u00e9der au Ch\u00e2teau de la Fr\u00e9moire \u00e0 Vertou.","robots":{"index":"index","follow":"follow","max-snippet":"max-snippet:-1","max-image-preview":"max-image-preview:large","max-video-preview":"max-video-preview:-1"},"canonical":"https:\/\/vertivinies.fr\/index.php\/contact\/","og_locale":"fr_FR","og_type":"article","og_title":"Page de contact de l'association viticole Vertivin (44)","og_description":"Contactez l'association Vertivin pour tous renseignements ! Retrouvez une carte pour acc\u00e9der au Ch\u00e2teau de la Fr\u00e9moire \u00e0 Vertou.","og_url":"https:\/\/vertivinies.fr\/index.php\/contact\/","og_site_name":"Vertivinies","article_publisher":"https:\/\/www.facebook.com\/vertivin","article_modified_time":"2022-04-06T11:48:37+00:00","twitter_card":"summary_large_image","schema":{"@context":"https:\/\/schema.org","@graph":[{"@type":"WebPage","@id":"https:\/\/vertivinies.fr\/index.php\/contact\/","url":"https:\/\/vertivinies.fr\/index.php\/contact\/","name":"Page de contact de l'association viticole Vertivin (44)","isPartOf":{"@id":"http:\/\/vertivinies.fr\/#website"},"datePublished":"2016-03-15T18:58:55+00:00","dateModified":"2022-04-06T11:48:37+00:00","description":"Contactez l'association Vertivin pour tous renseignements ! Retrouvez une carte pour acc\u00e9der au Ch\u00e2teau de la Fr\u00e9moire \u00e0 Vertou.","breadcrumb":{"@id":"https:\/\/vertivinies.fr\/index.php\/contact\/#breadcrumb"},"inLanguage":"fr-FR","potentialAction":[{"@type":"ReadAction","target":["https:\/\/vertivinies.fr\/index.php\/contact\/"]}]},{"@type":"BreadcrumbList","@id":"https:\/\/vertivinies.fr\/index.php\/contact\/#breadcrumb","itemListElement":[{"@type":"ListItem","position":1,"name":"Accueil","item":"http:\/\/vertivinies.fr\/"},{"@type":"ListItem","position":2,"name":"Contactez-nous !"}]},{"@type":"WebSite","@id":"http:\/\/vertivinies.fr\/#website","url":"http:\/\/vertivinies.fr\/","name":"Vertivinies","description":"","potentialAction":[{"@type":"SearchAction","target":{"@type":"EntryPoint","urlTemplate":"http:\/\/vertivinies.fr\/?s={search_term_string}"},"query-input":{"@type":"PropertyValueSpecification","valueRequired":true,"valueName":"search_term_string"}}],"inLanguage":"fr-FR"}]}},"_links":{"self":[{"href":"https:\/\/vertivinies.fr\/index.php\/wp-json\/wp\/v2\/pages\/83","targetHints":{"allow":["GET"]}}],"collection":[{"href":"https:\/\/vertivinies.fr\/index.php\/wp-json\/wp\/v2\/pages"}],"about":[{"href":"https:\/\/vertivinies.fr\/index.php\/wp-json\/wp\/v2\/types\/page"}],"author":[{"embeddable":true,"href":"https:\/\/vertivinies.fr\/index.php\/wp-json\/wp\/v2\/users\/3"}],"replies":[{"embeddable":true,"href":"https:\/\/vertivinies.fr\/index.php\/wp-json\/wp\/v2\/comments?post=83"}],"version-history":[{"count":5,"href":"https:\/\/vertivinies.fr\/index.php\/wp-json\/wp\/v2\/pages\/83\/revisions"}],"predecessor-version":[{"id":253,"href":"https:\/\/vertivinies.fr\/index.php\/wp-json\/wp\/v2\/pages\/83\/revisions\/253"}],"wp:attachment":[{"href":"https:\/\/vertivinies.fr\/index.php\/wp-json\/wp\/v2\/media?parent=83"}],"wp:term":[{"taxonomy":"category","embeddable":true,"href":"https:\/\/vertivinies.fr\/index.php\/wp-json\/wp\/v2\/categories?post=83"},{"taxonomy":"post_tag","embeddable":true,"href":"https:\/\/vertivinies.fr\/index.php\/wp-json\/wp\/v2\/tags?post=83"}],"curies":[{"name":"wp","href":"https:\/\/api.w.org\/{rel}","templated":true}]}}