{"id":903,"date":"2020-02-12T22:20:05","date_gmt":"2020-02-12T21:20:05","guid":{"rendered":"http:\/\/vertivinies.fr\/?page_id=903"},"modified":"2026-02-09T17:37:45","modified_gmt":"2026-02-09T16:37:45","slug":"domaine-des-eclats","status":"publish","type":"page","link":"https:\/\/vertivinies.fr\/index.php\/vignerons-salon-vertivinies\/domaine-des-eclats\/","title":{"rendered":"Domaine des Eclats"},"content":{"rendered":"<p><span style=\"font-weight: 400;\">Armand Mellot<\/span><br \/>\n<!--more--><span style=\"vertical-align: inherit;\"><span style=\"vertical-align: inherit;\"><span style=\"vertical-align: inherit;\"><span style=\"vertical-align: inherit;\"><span style=\"vertical-align: inherit;\"><span style=\"vertical-align: inherit;\"><span style=\"vertical-align: inherit;\"><span style=\"vertical-align: inherit;\"><span style=\"vertical-align: inherit;\"><span style=\"vertical-align: inherit;\"><span style=\"vertical-align: inherit;\"><span style=\"vertical-align: inherit;\"> \r\n    <div class=\"vign_big_bloc\">\r\n        <div class=\"vign_ss_titre\">Armand Mellot<\/div>\r\n        <div class=\"vign_bloc_img\">\r\n            <img loading=\"lazy\" decoding=\"async\" src=\"http:\/\/vertivinies.fr\/wp-content\/uploads\/2025\/01\/Thierry-Michaud-scaled.jpg\" alt=\"\" title=\"\" width=\"578\" height=\"385\" \/>\r\n        <\/div>\r\n\r\n        <div class=\"vign_bloc_param\">\r\n            <p class=\"vign_params\">\r\n                <span class=\"vign_param_titre\">Appellations<\/span><br \/>\r\n                Touraine Chenonceaux<br \/>\r\nTouraine<br \/>\r\nCr\u00e9mant de Loire\r\n                <br \/>\r\n                <span class=\"vign_param_titre\">C\u00e9pages<\/span><br \/>\r\n                Sauvignon, gamay, pinot gris, cabernet franc, chenin, c\u00f4t, pinot noir.\r\n                <br \/>\r\n                <span class=\"vign_param_titre\">Superficie<\/span><br \/>\r\n                25 ha \r\n                <br \/>\r\n                <span class=\"vign_param_titre\">Culture<\/span><br \/>\r\n                Agriculture biologique\r\n                <br \/>\r\n                <span class=\"vign_param_titre\">R\u00e9compenses et Mentions<\/span><br \/>\r\n                Guide Hachette\r\n            <\/p>\r\n        <\/div>\r\n    <\/div>\r\n\r\n    <div class=\"vign_bloc_txt\">\r\n        <span style=\"font-size: 24px; color: #b70505;font-weight:bold\">PRESENTATION<\/span><br \/>\r\n<br \/>\r\nLe Domaine Thierry Michaud vient d'\u00eatre repris par Armand Mellot. Il recherche l\u2019alliance de des savoir-faire ancestraux et des m\u00e9thodes modernes pour mettre en avant un terroir exceptionnel. Les vignes du domaine descendent en pente douce vers le Cher situ\u00e9 au sud, ses sols sont principalement constitu\u00e9s de sables caillouteux et de silex qui donnent de la tension aux vins.<br \/>\r\n<br \/>\r\nLa gamme des vins du domaine est tr\u00e8s compl\u00e8te, avec <span style=\"font-weight:bold\">des sauvignons complexes, un gamay gourmand, un gris fruit\u00e9, des p\u00e9tillants plein de finesse. <\/span><br \/>\r\n<br \/>\r\nDepuis de nombreuses ann\u00e9es, les diff\u00e9rentes cuv\u00e9es de Thierry Michaud sont <span style=\"font-weight:bold\">cit\u00e9es dans les diff\u00e9rents guides et obtiennent d\u2019excellentes notes<\/span>, en blanc, en rouge, en ros\u00e9 comme en vins p\u00e9tillants.<br \/>\r\nBienvenue \u00e0 Armand Mellot pour poursuivre l'histoire de Thierry Michaud.<br \/>\r\n <br \/>\r\n<span style=\"font-weight:bold\">Distinctions : <\/span><br \/>\r\n- Guide Hachette 2026 : <br \/>\r\n&nbsp;&nbsp;&nbsp;* Touraine Cot cot cot 2023 - 2* coup de c\u0153ur<br \/>\r\n&nbsp;&nbsp;&nbsp;* Cr\u00e9mant de Loire \u201cT\u00eate de cuv\u00e9e\u201d - 1*<br \/>\r\n&nbsp;&nbsp;&nbsp;* Touraine Chenonceaux \u201cLes cailloux des bel air\u201d 2022 - 1*<br \/>\r\n<br \/>\r\n<a href=\" https:\/\/www.facebook.com\/domainemichaudchenonceaux\/\"><img loading=\"lazy\" decoding=\"async\" class=\"alignleft size-thumbnail wp-image-237\" src=\"http:\/\/vertivinies.fr\/wp-content\/uploads\/2025\/01\/Logo-facebook-rond.jpg\" alt=\"Logo facebook compos\u00e9 de la lettre F blanc dans un carr\u00e9 bleu\" width=\"60\" height=\"60\" \/><\/a>\r\n        <div class=\"vign_bloc_txt_fin\">\r\n            \"La recherche de la qualit\u00e9 \u00e0 travers l\u2019expression du terroir Lig\u00e9rien\"\r\n            <br \/>\r\n            <div class=\"vign_bloc_event\"><a href=\"https:\/\/www.facebook.com\/Vertivin-171297996346118\/\"><img loading=\"lazy\" decoding=\"async\" src=\"\/wp-content\/uploads\/facebook-evenement.jpg\" width=\"150\" height=\"49\" alt=\"Tous les \u00e9v\u00e8nements \u00e0 venir\" title=\"Tous les \u00e9v\u00e8nements \u00e0 venir\" \/><\/a><\/div>\r\n        <\/div>\r\n    <\/div>\r\n    <div class=\"vign_lienindex\">\r\n        <span class=\"vign_lienprev\"><a href=https:\/\/vertivinies.fr\/index.php\/vignerons-salon-vertivinies\/vins-de-sicot\/><< Vigneron pr\u00e9c\u00e9dent >><\/a><\/span>  <span class=\"vign_liennext\"><a href=https:\/\/vertivinies.fr\/index.php\/vignerons-salon-vertivinies\/chateau-lamartine\/><< Vigneron suivant >><\/a><\/span>\r\n    <\/div>\r\n    <\/span><\/span><\/span><\/span><\/span><\/span><\/span><\/span><\/span><\/span><\/span><\/span><\/p>\n","protected":false},"excerpt":{"rendered":"<p>Armand Mellot<\/p>\n","protected":false},"author":1,"featured_media":1748,"parent":136,"menu_order":0,"comment_status":"closed","ping_status":"closed","template":"","meta":{"_acf_changed":false,"footnotes":""},"categories":[12],"tags":[],"class_list":["post-903","page","type-page","status-publish","has-post-thumbnail","hentry","category-vignerons"],"acf":[],"yoast_head":"<!-- This site is optimized with the Yoast SEO plugin v27.1.1 - https:\/\/yoast.com\/product\/yoast-seo-wordpress\/ -->\n<title>Domaine des Eclats : Les vignerons du salon du vin &quot;Vertivinies&quot; (44)<\/title>\n<meta name=\"description\" content=\"D\u00e9couvrez le domaine Thierry Michaud pr\u00e9sent au salon Vertivinies, salon du vin organis\u00e9 par l&#039;association Vertivin situ\u00e9e \u00e0 Vertou pr\u00e8s de Nantes (44).\" \/>\n<meta name=\"robots\" content=\"index, follow, max-snippet:-1, max-image-preview:large, max-video-preview:-1\" \/>\n<link rel=\"canonical\" href=\"https:\/\/vertivinies.fr\/index.php\/vignerons-salon-vertivinies\/domaine-des-eclats\/\" \/>\n<meta property=\"og:locale\" content=\"fr_FR\" \/>\n<meta property=\"og:type\" content=\"article\" \/>\n<meta property=\"og:title\" content=\"Domaine des Eclats : Les vignerons du salon du vin &quot;Vertivinies&quot; (44)\" \/>\n<meta property=\"og:description\" content=\"D\u00e9couvrez le domaine Thierry Michaud pr\u00e9sent au salon Vertivinies, salon du vin organis\u00e9 par l&#039;association Vertivin situ\u00e9e \u00e0 Vertou pr\u00e8s de Nantes (44).\" \/>\n<meta property=\"og:url\" content=\"https:\/\/vertivinies.fr\/index.php\/vignerons-salon-vertivinies\/domaine-des-eclats\/\" \/>\n<meta property=\"og:site_name\" content=\"Vertivinies\" \/>\n<meta property=\"article:publisher\" content=\"https:\/\/www.facebook.com\/vertivin\" \/>\n<meta property=\"article:modified_time\" content=\"2026-02-09T16:37:45+00:00\" \/>\n<meta property=\"og:image\" content=\"https:\/\/vertivinies.fr\/wp-content\/uploads\/2025\/01\/Thierry-Michaud-scaled.jpg\" \/>\n\t<meta property=\"og:image:width\" content=\"2560\" \/>\n\t<meta property=\"og:image:height\" content=\"1707\" \/>\n\t<meta property=\"og:image:type\" content=\"image\/jpeg\" \/>\n<meta name=\"twitter:card\" content=\"summary_large_image\" \/>\n<meta name=\"twitter:label1\" content=\"Dur\u00e9e de lecture estim\u00e9e\" \/>\n\t<meta name=\"twitter:data1\" content=\"1 minute\" \/>\n<script type=\"application\/ld+json\" class=\"yoast-schema-graph\">{\"@context\":\"https:\/\/schema.org\",\"@graph\":[{\"@type\":\"WebPage\",\"@id\":\"https:\/\/vertivinies.fr\/index.php\/vignerons-salon-vertivinies\/domaine-des-eclats\/\",\"url\":\"https:\/\/vertivinies.fr\/index.php\/vignerons-salon-vertivinies\/domaine-des-eclats\/\",\"name\":\"Domaine des Eclats : Les vignerons du salon du vin \\\"Vertivinies\\\" (44)\",\"isPartOf\":{\"@id\":\"http:\/\/vertivinies.fr\/#website\"},\"primaryImageOfPage\":{\"@id\":\"https:\/\/vertivinies.fr\/index.php\/vignerons-salon-vertivinies\/domaine-des-eclats\/#primaryimage\"},\"image\":{\"@id\":\"https:\/\/vertivinies.fr\/index.php\/vignerons-salon-vertivinies\/domaine-des-eclats\/#primaryimage\"},\"thumbnailUrl\":\"https:\/\/vertivinies.fr\/wp-content\/uploads\/2025\/01\/Thierry-Michaud-scaled.jpg\",\"datePublished\":\"2020-02-12T21:20:05+00:00\",\"dateModified\":\"2026-02-09T16:37:45+00:00\",\"description\":\"D\u00e9couvrez le domaine Thierry Michaud pr\u00e9sent au salon Vertivinies, salon du vin organis\u00e9 par l'association Vertivin situ\u00e9e \u00e0 Vertou pr\u00e8s de Nantes (44).\",\"breadcrumb\":{\"@id\":\"https:\/\/vertivinies.fr\/index.php\/vignerons-salon-vertivinies\/domaine-des-eclats\/#breadcrumb\"},\"inLanguage\":\"fr-FR\",\"potentialAction\":[{\"@type\":\"ReadAction\",\"target\":[\"https:\/\/vertivinies.fr\/index.php\/vignerons-salon-vertivinies\/domaine-des-eclats\/\"]}]},{\"@type\":\"ImageObject\",\"inLanguage\":\"fr-FR\",\"@id\":\"https:\/\/vertivinies.fr\/index.php\/vignerons-salon-vertivinies\/domaine-des-eclats\/#primaryimage\",\"url\":\"https:\/\/vertivinies.fr\/wp-content\/uploads\/2025\/01\/Thierry-Michaud-scaled.jpg\",\"contentUrl\":\"https:\/\/vertivinies.fr\/wp-content\/uploads\/2025\/01\/Thierry-Michaud-scaled.jpg\",\"width\":2560,\"height\":1707,\"caption\":\"NOYERS SUR CHER (LOIR ET CHER \/ FRANCE) THIERRY MICHAUD, VIGNERON PROPRIETAIRE RECOLTANT DU DOMAINE MICHAUD DANS SES VIGNES... PHOTO FRANCK FOUQUET COMMANDE LE POINT\"},{\"@type\":\"BreadcrumbList\",\"@id\":\"https:\/\/vertivinies.fr\/index.php\/vignerons-salon-vertivinies\/domaine-des-eclats\/#breadcrumb\",\"itemListElement\":[{\"@type\":\"ListItem\",\"position\":1,\"name\":\"Accueil\",\"item\":\"http:\/\/vertivinies.fr\/\"},{\"@type\":\"ListItem\",\"position\":2,\"name\":\"Les vignerons pr\u00e9sents lors du salon Vertivinies 2026\",\"item\":\"http:\/\/vertivinies.fr\/index.php\/vignerons-salon-vertivinies\/\"},{\"@type\":\"ListItem\",\"position\":3,\"name\":\"Domaine des Eclats\"}]},{\"@type\":\"WebSite\",\"@id\":\"http:\/\/vertivinies.fr\/#website\",\"url\":\"http:\/\/vertivinies.fr\/\",\"name\":\"Vertivinies\",\"description\":\"\",\"potentialAction\":[{\"@type\":\"SearchAction\",\"target\":{\"@type\":\"EntryPoint\",\"urlTemplate\":\"http:\/\/vertivinies.fr\/?s={search_term_string}\"},\"query-input\":{\"@type\":\"PropertyValueSpecification\",\"valueRequired\":true,\"valueName\":\"search_term_string\"}}],\"inLanguage\":\"fr-FR\"}]}<\/script>\n<!-- \/ Yoast SEO plugin. -->","yoast_head_json":{"title":"Domaine des Eclats : Les vignerons du salon du vin \"Vertivinies\" (44)","description":"D\u00e9couvrez le domaine Thierry Michaud pr\u00e9sent au salon Vertivinies, salon du vin organis\u00e9 par l'association Vertivin situ\u00e9e \u00e0 Vertou pr\u00e8s de Nantes (44).","robots":{"index":"index","follow":"follow","max-snippet":"max-snippet:-1","max-image-preview":"max-image-preview:large","max-video-preview":"max-video-preview:-1"},"canonical":"https:\/\/vertivinies.fr\/index.php\/vignerons-salon-vertivinies\/domaine-des-eclats\/","og_locale":"fr_FR","og_type":"article","og_title":"Domaine des Eclats : Les vignerons du salon du vin \"Vertivinies\" (44)","og_description":"D\u00e9couvrez le domaine Thierry Michaud pr\u00e9sent au salon Vertivinies, salon du vin organis\u00e9 par l'association Vertivin situ\u00e9e \u00e0 Vertou pr\u00e8s de Nantes (44).","og_url":"https:\/\/vertivinies.fr\/index.php\/vignerons-salon-vertivinies\/domaine-des-eclats\/","og_site_name":"Vertivinies","article_publisher":"https:\/\/www.facebook.com\/vertivin","article_modified_time":"2026-02-09T16:37:45+00:00","og_image":[{"width":2560,"height":1707,"url":"https:\/\/vertivinies.fr\/wp-content\/uploads\/2025\/01\/Thierry-Michaud-scaled.jpg","type":"image\/jpeg"}],"twitter_card":"summary_large_image","twitter_misc":{"Dur\u00e9e de lecture estim\u00e9e":"1 minute"},"schema":{"@context":"https:\/\/schema.org","@graph":[{"@type":"WebPage","@id":"https:\/\/vertivinies.fr\/index.php\/vignerons-salon-vertivinies\/domaine-des-eclats\/","url":"https:\/\/vertivinies.fr\/index.php\/vignerons-salon-vertivinies\/domaine-des-eclats\/","name":"Domaine des Eclats : Les vignerons du salon du vin \"Vertivinies\" (44)","isPartOf":{"@id":"http:\/\/vertivinies.fr\/#website"},"primaryImageOfPage":{"@id":"https:\/\/vertivinies.fr\/index.php\/vignerons-salon-vertivinies\/domaine-des-eclats\/#primaryimage"},"image":{"@id":"https:\/\/vertivinies.fr\/index.php\/vignerons-salon-vertivinies\/domaine-des-eclats\/#primaryimage"},"thumbnailUrl":"https:\/\/vertivinies.fr\/wp-content\/uploads\/2025\/01\/Thierry-Michaud-scaled.jpg","datePublished":"2020-02-12T21:20:05+00:00","dateModified":"2026-02-09T16:37:45+00:00","description":"D\u00e9couvrez le domaine Thierry Michaud pr\u00e9sent au salon Vertivinies, salon du vin organis\u00e9 par l'association Vertivin situ\u00e9e \u00e0 Vertou pr\u00e8s de Nantes (44).","breadcrumb":{"@id":"https:\/\/vertivinies.fr\/index.php\/vignerons-salon-vertivinies\/domaine-des-eclats\/#breadcrumb"},"inLanguage":"fr-FR","potentialAction":[{"@type":"ReadAction","target":["https:\/\/vertivinies.fr\/index.php\/vignerons-salon-vertivinies\/domaine-des-eclats\/"]}]},{"@type":"ImageObject","inLanguage":"fr-FR","@id":"https:\/\/vertivinies.fr\/index.php\/vignerons-salon-vertivinies\/domaine-des-eclats\/#primaryimage","url":"https:\/\/vertivinies.fr\/wp-content\/uploads\/2025\/01\/Thierry-Michaud-scaled.jpg","contentUrl":"https:\/\/vertivinies.fr\/wp-content\/uploads\/2025\/01\/Thierry-Michaud-scaled.jpg","width":2560,"height":1707,"caption":"NOYERS SUR CHER (LOIR ET CHER \/ FRANCE) THIERRY MICHAUD, VIGNERON PROPRIETAIRE RECOLTANT DU DOMAINE MICHAUD DANS SES VIGNES... PHOTO FRANCK FOUQUET COMMANDE LE POINT"},{"@type":"BreadcrumbList","@id":"https:\/\/vertivinies.fr\/index.php\/vignerons-salon-vertivinies\/domaine-des-eclats\/#breadcrumb","itemListElement":[{"@type":"ListItem","position":1,"name":"Accueil","item":"http:\/\/vertivinies.fr\/"},{"@type":"ListItem","position":2,"name":"Les vignerons pr\u00e9sents lors du salon Vertivinies 2026","item":"http:\/\/vertivinies.fr\/index.php\/vignerons-salon-vertivinies\/"},{"@type":"ListItem","position":3,"name":"Domaine des Eclats"}]},{"@type":"WebSite","@id":"http:\/\/vertivinies.fr\/#website","url":"http:\/\/vertivinies.fr\/","name":"Vertivinies","description":"","potentialAction":[{"@type":"SearchAction","target":{"@type":"EntryPoint","urlTemplate":"http:\/\/vertivinies.fr\/?s={search_term_string}"},"query-input":{"@type":"PropertyValueSpecification","valueRequired":true,"valueName":"search_term_string"}}],"inLanguage":"fr-FR"}]}},"_links":{"self":[{"href":"https:\/\/vertivinies.fr\/index.php\/wp-json\/wp\/v2\/pages\/903","targetHints":{"allow":["GET"]}}],"collection":[{"href":"https:\/\/vertivinies.fr\/index.php\/wp-json\/wp\/v2\/pages"}],"about":[{"href":"https:\/\/vertivinies.fr\/index.php\/wp-json\/wp\/v2\/types\/page"}],"author":[{"embeddable":true,"href":"https:\/\/vertivinies.fr\/index.php\/wp-json\/wp\/v2\/users\/1"}],"replies":[{"embeddable":true,"href":"https:\/\/vertivinies.fr\/index.php\/wp-json\/wp\/v2\/comments?post=903"}],"version-history":[{"count":25,"href":"https:\/\/vertivinies.fr\/index.php\/wp-json\/wp\/v2\/pages\/903\/revisions"}],"predecessor-version":[{"id":2264,"href":"https:\/\/vertivinies.fr\/index.php\/wp-json\/wp\/v2\/pages\/903\/revisions\/2264"}],"up":[{"embeddable":true,"href":"https:\/\/vertivinies.fr\/index.php\/wp-json\/wp\/v2\/pages\/136"}],"wp:featuredmedia":[{"embeddable":true,"href":"https:\/\/vertivinies.fr\/index.php\/wp-json\/wp\/v2\/media\/1748"}],"wp:attachment":[{"href":"https:\/\/vertivinies.fr\/index.php\/wp-json\/wp\/v2\/media?parent=903"}],"wp:term":[{"taxonomy":"category","embeddable":true,"href":"https:\/\/vertivinies.fr\/index.php\/wp-json\/wp\/v2\/categories?post=903"},{"taxonomy":"post_tag","embeddable":true,"href":"https:\/\/vertivinies.fr\/index.php\/wp-json\/wp\/v2\/tags?post=903"}],"curies":[{"name":"wp","href":"https:\/\/api.w.org\/{rel}","templated":true}]}}