{"id":948,"date":"2020-03-12T14:56:32","date_gmt":"2020-03-12T13:56:32","guid":{"rendered":"http:\/\/vertivinies.fr\/?page_id=948"},"modified":"2026-02-09T17:45:30","modified_gmt":"2026-02-09T16:45:30","slug":"vins-de-sicot","status":"publish","type":"page","link":"https:\/\/vertivinies.fr\/index.php\/vignerons-salon-vertivinies\/vins-de-sicot\/","title":{"rendered":"Les vins de Sicot"},"content":{"rendered":"<p><span class=\"vign_thumb_txt\"><span style=\"vertical-align: inherit;\"><span style=\"vertical-align: inherit;\">Nicolas Martin<\/span><\/span><\/span><!--more--><span style=\"vertical-align: inherit;\"><span style=\"vertical-align: inherit;\"> \r\n    <div class=\"vign_big_bloc\">\r\n        <div class=\"vign_ss_titre\">Nicolas Martin<\/div>\r\n        <div class=\"vign_bloc_img\">\r\n            <img loading=\"lazy\" decoding=\"async\" src=\"http:\/\/vertivinies.fr\/wp-content\/uploads\/2025\/01\/Nicolas-Martin.jpg\" alt=\"\" title=\"\" width=\"578\" height=\"385\" \/>\r\n        <\/div>\r\n\r\n        <div class=\"vign_bloc_param\">\r\n            <p class=\"vign_params\">\r\n                <span class=\"vign_param_titre\">Appellations<\/span><br \/>\r\n                Vouvray\r\n                <br \/>\r\n                <span class=\"vign_param_titre\">C\u00e9pages<\/span><br \/>\r\n                Chenin\r\n                <br \/>\r\n                <span class=\"vign_param_titre\">Superficie<\/span><br \/>\r\n                0,52 ha\r\n                <br \/>\r\n                <span class=\"vign_param_titre\">Culture<\/span><br \/>\r\n                Agriculture Biologique\r\n                \r\n            <\/p>\r\n        <\/div>\r\n    <\/div>\r\n\r\n    <div class=\"vign_bloc_txt\">\r\n        <span style=\"font-size: 24px; color: #b70505;font-weight:bold\">PRESENTATION<\/span><br \/>\r\n<br \/>\r\nNicolas Martin, est <span style=\"font-weight:bold\">un micro-vigneron<\/span>. Il n'est ni plus ni moins que le chef de culture et <span style=\"font-weight:bold\">bras droit du c\u00e9l\u00e8bre vigneron Vincent Car\u00eame<\/span> dont il a r\u00e9cup\u00e9r\u00e9 une vieille parcelle d'argiles \u00e0 silex (\"Vieux Sicots\") issue des \"Fosses d'harengs\". Son \"Extrait de Sicot\" est <span style=\"font-weight:bold\">produit en tr\u00e8s petite quantit\u00e9<\/span>. Une seule cuv\u00e9e, peut-\u00eatre sur deux mill\u00e9simes si on a de la chance.<br \/>\r\n<br \/>\r\nIl semble que les amateurs aient appr\u00e9ci\u00e9 <span style=\"font-weight:bold\"> l'ind\u00e9niable rapport qualit\u00e9 prix<\/span> de ces vins : lors de l'\u00e9dition 2023 des Vertivinies, les cuv\u00e9es s'\u00e9taient arrach\u00e9es assez rapidement...<br \/>\r\n<br \/>\r\nA noter pour les touristes de passage \u00e0 Vouvray que Nicolas Martin propose \u00e9galement de tr\u00e8s jolies chambres d'h\u00f4te en troglodyte dont nous vous conseillons la visite. C'est une occasion unique de d\u00e9couvrir un tout r\u00e9cent domaine avec un vin dot\u00e9 d'une vraie trame vari\u00e9tale de chenin.\r\n        <div class=\"vign_bloc_txt_fin\">\r\n            Une pure d\u00e9couverte, une trouvaille, une niche...\r\n            <br \/>\r\n            <div class=\"vign_bloc_event\"><a href=\"https:\/\/www.facebook.com\/Vertivin-171297996346118\/\"><img loading=\"lazy\" decoding=\"async\" src=\"\/wp-content\/uploads\/facebook-evenement.jpg\" width=\"150\" height=\"49\" alt=\"Tous les \u00e9v\u00e8nements \u00e0 venir\" title=\"Tous les \u00e9v\u00e8nements \u00e0 venir\" \/><\/a><\/div>\r\n        <\/div>\r\n    <\/div>\r\n    <div class=\"vign_lienindex\">\r\n        <span class=\"vign_lienprev\"><a href=https:\/\/vertivinies.fr\/index.php\/vignerons-salon-vertivinies\/domaine-la-bastane\/><< Vigneron pr\u00e9c\u00e9dent >><\/a><\/span>  <span class=\"vign_liennext\"><a href=https:\/\/vertivinies.fr\/index.php\/vignerons-salon-vertivinies\/domaine-des-eclats\/><< Vigneron suivant >><\/a><\/span>\r\n    <\/div>\r\n    <\/span><\/span><\/p>\n","protected":false},"excerpt":{"rendered":"<p>Nicolas Martin<\/p>\n","protected":false},"author":1,"featured_media":1744,"parent":136,"menu_order":0,"comment_status":"closed","ping_status":"closed","template":"","meta":{"_acf_changed":false,"footnotes":""},"categories":[12],"tags":[],"class_list":["post-948","page","type-page","status-publish","has-post-thumbnail","hentry","category-vignerons"],"acf":[],"yoast_head":"<!-- This site is optimized with the Yoast SEO plugin v27.1.1 - https:\/\/yoast.com\/product\/yoast-seo-wordpress\/ -->\n<title>Les vignerons du salon &quot;Vertivinies&quot; (44)<\/title>\n<meta name=\"description\" content=\"Nicolas Martin, c&#039;est un micro-vigneron. Il n&#039;est ni plus ni moins que le chef de culture et bras droit du c\u00e9l\u00e8bre vigneron Vincent Car\u00eame. D\u00e9couvre-le au salon des Vertivinies.\" \/>\n<meta name=\"robots\" content=\"index, follow, max-snippet:-1, max-image-preview:large, max-video-preview:-1\" \/>\n<link rel=\"canonical\" href=\"https:\/\/vertivinies.fr\/index.php\/vignerons-salon-vertivinies\/vins-de-sicot\/\" \/>\n<meta property=\"og:locale\" content=\"fr_FR\" \/>\n<meta property=\"og:type\" content=\"article\" \/>\n<meta property=\"og:title\" content=\"Les vignerons du salon &quot;Vertivinies&quot; (44)\" \/>\n<meta property=\"og:description\" content=\"Nicolas Martin, c&#039;est un micro-vigneron. Il n&#039;est ni plus ni moins que le chef de culture et bras droit du c\u00e9l\u00e8bre vigneron Vincent Car\u00eame. D\u00e9couvre-le au salon des Vertivinies.\" \/>\n<meta property=\"og:url\" content=\"https:\/\/vertivinies.fr\/index.php\/vignerons-salon-vertivinies\/vins-de-sicot\/\" \/>\n<meta property=\"og:site_name\" content=\"Vertivinies\" \/>\n<meta property=\"article:publisher\" content=\"https:\/\/www.facebook.com\/vertivin\" \/>\n<meta property=\"article:modified_time\" content=\"2026-02-09T16:45:30+00:00\" \/>\n<meta property=\"og:image\" content=\"https:\/\/vertivinies.fr\/wp-content\/uploads\/2025\/01\/Nicolas-Martin.jpg\" \/>\n\t<meta property=\"og:image:width\" content=\"1024\" \/>\n\t<meta property=\"og:image:height\" content=\"683\" \/>\n\t<meta property=\"og:image:type\" content=\"image\/jpeg\" \/>\n<meta name=\"twitter:card\" content=\"summary_large_image\" \/>\n<meta name=\"twitter:label1\" content=\"Dur\u00e9e de lecture estim\u00e9e\" \/>\n\t<meta name=\"twitter:data1\" content=\"1 minute\" \/>\n<script type=\"application\/ld+json\" class=\"yoast-schema-graph\">{\"@context\":\"https:\/\/schema.org\",\"@graph\":[{\"@type\":\"WebPage\",\"@id\":\"https:\/\/vertivinies.fr\/index.php\/vignerons-salon-vertivinies\/vins-de-sicot\/\",\"url\":\"https:\/\/vertivinies.fr\/index.php\/vignerons-salon-vertivinies\/vins-de-sicot\/\",\"name\":\"Les vignerons du salon \\\"Vertivinies\\\" (44)\",\"isPartOf\":{\"@id\":\"http:\/\/vertivinies.fr\/#website\"},\"primaryImageOfPage\":{\"@id\":\"https:\/\/vertivinies.fr\/index.php\/vignerons-salon-vertivinies\/vins-de-sicot\/#primaryimage\"},\"image\":{\"@id\":\"https:\/\/vertivinies.fr\/index.php\/vignerons-salon-vertivinies\/vins-de-sicot\/#primaryimage\"},\"thumbnailUrl\":\"https:\/\/vertivinies.fr\/wp-content\/uploads\/2025\/01\/Nicolas-Martin.jpg\",\"datePublished\":\"2020-03-12T13:56:32+00:00\",\"dateModified\":\"2026-02-09T16:45:30+00:00\",\"description\":\"Nicolas Martin, c'est un micro-vigneron. Il n'est ni plus ni moins que le chef de culture et bras droit du c\u00e9l\u00e8bre vigneron Vincent Car\u00eame. D\u00e9couvre-le au salon des Vertivinies.\",\"breadcrumb\":{\"@id\":\"https:\/\/vertivinies.fr\/index.php\/vignerons-salon-vertivinies\/vins-de-sicot\/#breadcrumb\"},\"inLanguage\":\"fr-FR\",\"potentialAction\":[{\"@type\":\"ReadAction\",\"target\":[\"https:\/\/vertivinies.fr\/index.php\/vignerons-salon-vertivinies\/vins-de-sicot\/\"]}]},{\"@type\":\"ImageObject\",\"inLanguage\":\"fr-FR\",\"@id\":\"https:\/\/vertivinies.fr\/index.php\/vignerons-salon-vertivinies\/vins-de-sicot\/#primaryimage\",\"url\":\"https:\/\/vertivinies.fr\/wp-content\/uploads\/2025\/01\/Nicolas-Martin.jpg\",\"contentUrl\":\"https:\/\/vertivinies.fr\/wp-content\/uploads\/2025\/01\/Nicolas-Martin.jpg\",\"width\":1024,\"height\":683},{\"@type\":\"BreadcrumbList\",\"@id\":\"https:\/\/vertivinies.fr\/index.php\/vignerons-salon-vertivinies\/vins-de-sicot\/#breadcrumb\",\"itemListElement\":[{\"@type\":\"ListItem\",\"position\":1,\"name\":\"Accueil\",\"item\":\"http:\/\/vertivinies.fr\/\"},{\"@type\":\"ListItem\",\"position\":2,\"name\":\"Les vignerons pr\u00e9sents lors du salon Vertivinies 2026\",\"item\":\"https:\/\/vertivinies.fr\/index.php\/vignerons-salon-vertivinies\/\"},{\"@type\":\"ListItem\",\"position\":3,\"name\":\"Les vins de Sicot\"}]},{\"@type\":\"WebSite\",\"@id\":\"http:\/\/vertivinies.fr\/#website\",\"url\":\"http:\/\/vertivinies.fr\/\",\"name\":\"Vertivinies\",\"description\":\"\",\"potentialAction\":[{\"@type\":\"SearchAction\",\"target\":{\"@type\":\"EntryPoint\",\"urlTemplate\":\"http:\/\/vertivinies.fr\/?s={search_term_string}\"},\"query-input\":{\"@type\":\"PropertyValueSpecification\",\"valueRequired\":true,\"valueName\":\"search_term_string\"}}],\"inLanguage\":\"fr-FR\"}]}<\/script>\n<!-- \/ Yoast SEO plugin. -->","yoast_head_json":{"title":"Les vignerons du salon \"Vertivinies\" (44)","description":"Nicolas Martin, c'est un micro-vigneron. Il n'est ni plus ni moins que le chef de culture et bras droit du c\u00e9l\u00e8bre vigneron Vincent Car\u00eame. D\u00e9couvre-le au salon des Vertivinies.","robots":{"index":"index","follow":"follow","max-snippet":"max-snippet:-1","max-image-preview":"max-image-preview:large","max-video-preview":"max-video-preview:-1"},"canonical":"https:\/\/vertivinies.fr\/index.php\/vignerons-salon-vertivinies\/vins-de-sicot\/","og_locale":"fr_FR","og_type":"article","og_title":"Les vignerons du salon \"Vertivinies\" (44)","og_description":"Nicolas Martin, c'est un micro-vigneron. Il n'est ni plus ni moins que le chef de culture et bras droit du c\u00e9l\u00e8bre vigneron Vincent Car\u00eame. D\u00e9couvre-le au salon des Vertivinies.","og_url":"https:\/\/vertivinies.fr\/index.php\/vignerons-salon-vertivinies\/vins-de-sicot\/","og_site_name":"Vertivinies","article_publisher":"https:\/\/www.facebook.com\/vertivin","article_modified_time":"2026-02-09T16:45:30+00:00","og_image":[{"width":1024,"height":683,"url":"https:\/\/vertivinies.fr\/wp-content\/uploads\/2025\/01\/Nicolas-Martin.jpg","type":"image\/jpeg"}],"twitter_card":"summary_large_image","twitter_misc":{"Dur\u00e9e de lecture estim\u00e9e":"1 minute"},"schema":{"@context":"https:\/\/schema.org","@graph":[{"@type":"WebPage","@id":"https:\/\/vertivinies.fr\/index.php\/vignerons-salon-vertivinies\/vins-de-sicot\/","url":"https:\/\/vertivinies.fr\/index.php\/vignerons-salon-vertivinies\/vins-de-sicot\/","name":"Les vignerons du salon \"Vertivinies\" (44)","isPartOf":{"@id":"http:\/\/vertivinies.fr\/#website"},"primaryImageOfPage":{"@id":"https:\/\/vertivinies.fr\/index.php\/vignerons-salon-vertivinies\/vins-de-sicot\/#primaryimage"},"image":{"@id":"https:\/\/vertivinies.fr\/index.php\/vignerons-salon-vertivinies\/vins-de-sicot\/#primaryimage"},"thumbnailUrl":"https:\/\/vertivinies.fr\/wp-content\/uploads\/2025\/01\/Nicolas-Martin.jpg","datePublished":"2020-03-12T13:56:32+00:00","dateModified":"2026-02-09T16:45:30+00:00","description":"Nicolas Martin, c'est un micro-vigneron. Il n'est ni plus ni moins que le chef de culture et bras droit du c\u00e9l\u00e8bre vigneron Vincent Car\u00eame. D\u00e9couvre-le au salon des Vertivinies.","breadcrumb":{"@id":"https:\/\/vertivinies.fr\/index.php\/vignerons-salon-vertivinies\/vins-de-sicot\/#breadcrumb"},"inLanguage":"fr-FR","potentialAction":[{"@type":"ReadAction","target":["https:\/\/vertivinies.fr\/index.php\/vignerons-salon-vertivinies\/vins-de-sicot\/"]}]},{"@type":"ImageObject","inLanguage":"fr-FR","@id":"https:\/\/vertivinies.fr\/index.php\/vignerons-salon-vertivinies\/vins-de-sicot\/#primaryimage","url":"https:\/\/vertivinies.fr\/wp-content\/uploads\/2025\/01\/Nicolas-Martin.jpg","contentUrl":"https:\/\/vertivinies.fr\/wp-content\/uploads\/2025\/01\/Nicolas-Martin.jpg","width":1024,"height":683},{"@type":"BreadcrumbList","@id":"https:\/\/vertivinies.fr\/index.php\/vignerons-salon-vertivinies\/vins-de-sicot\/#breadcrumb","itemListElement":[{"@type":"ListItem","position":1,"name":"Accueil","item":"http:\/\/vertivinies.fr\/"},{"@type":"ListItem","position":2,"name":"Les vignerons pr\u00e9sents lors du salon Vertivinies 2026","item":"https:\/\/vertivinies.fr\/index.php\/vignerons-salon-vertivinies\/"},{"@type":"ListItem","position":3,"name":"Les vins de Sicot"}]},{"@type":"WebSite","@id":"http:\/\/vertivinies.fr\/#website","url":"http:\/\/vertivinies.fr\/","name":"Vertivinies","description":"","potentialAction":[{"@type":"SearchAction","target":{"@type":"EntryPoint","urlTemplate":"http:\/\/vertivinies.fr\/?s={search_term_string}"},"query-input":{"@type":"PropertyValueSpecification","valueRequired":true,"valueName":"search_term_string"}}],"inLanguage":"fr-FR"}]}},"_links":{"self":[{"href":"https:\/\/vertivinies.fr\/index.php\/wp-json\/wp\/v2\/pages\/948","targetHints":{"allow":["GET"]}}],"collection":[{"href":"https:\/\/vertivinies.fr\/index.php\/wp-json\/wp\/v2\/pages"}],"about":[{"href":"https:\/\/vertivinies.fr\/index.php\/wp-json\/wp\/v2\/types\/page"}],"author":[{"embeddable":true,"href":"https:\/\/vertivinies.fr\/index.php\/wp-json\/wp\/v2\/users\/1"}],"replies":[{"embeddable":true,"href":"https:\/\/vertivinies.fr\/index.php\/wp-json\/wp\/v2\/comments?post=948"}],"version-history":[{"count":23,"href":"https:\/\/vertivinies.fr\/index.php\/wp-json\/wp\/v2\/pages\/948\/revisions"}],"predecessor-version":[{"id":2267,"href":"https:\/\/vertivinies.fr\/index.php\/wp-json\/wp\/v2\/pages\/948\/revisions\/2267"}],"up":[{"embeddable":true,"href":"https:\/\/vertivinies.fr\/index.php\/wp-json\/wp\/v2\/pages\/136"}],"wp:featuredmedia":[{"embeddable":true,"href":"https:\/\/vertivinies.fr\/index.php\/wp-json\/wp\/v2\/media\/1744"}],"wp:attachment":[{"href":"https:\/\/vertivinies.fr\/index.php\/wp-json\/wp\/v2\/media?parent=948"}],"wp:term":[{"taxonomy":"category","embeddable":true,"href":"https:\/\/vertivinies.fr\/index.php\/wp-json\/wp\/v2\/categories?post=948"},{"taxonomy":"post_tag","embeddable":true,"href":"https:\/\/vertivinies.fr\/index.php\/wp-json\/wp\/v2\/tags?post=948"}],"curies":[{"name":"wp","href":"https:\/\/api.w.org\/{rel}","templated":true}]}}